{"id":3718,"date":"2020-08-18T18:37:15","date_gmt":"2020-08-18T16:37:15","guid":{"rendered":"https:\/\/www.teiamoner.net\/?page_id=3718"},"modified":"2023-01-21T17:12:30","modified_gmt":"2023-01-21T16:12:30","slug":"curriculum","status":"publish","type":"page","link":"https:\/\/www.teiamoner.net\/es\/curriculum\/","title":{"rendered":"Curr\u00edculum"},"content":{"rendered":"<div data-elementor-type=\"wp-page\" data-elementor-id=\"3718\" class=\"elementor elementor-3718\" data-elementor-post-type=\"page\">\n\t\t\t\t\t\t<section class=\"elementor-section elementor-top-section elementor-element elementor-element-db3c124 elementor-section-boxed elementor-section-height-default elementor-section-height-default\" data-id=\"db3c124\" data-element_type=\"section\">\n\t\t\t\t\t\t<div class=\"elementor-container elementor-column-gap-default\">\n\t\t\t\t\t<div class=\"elementor-column elementor-col-100 elementor-top-column elementor-element elementor-element-44a8d9d\" data-id=\"44a8d9d\" data-element_type=\"column\">\n\t\t\t<div class=\"elementor-widget-wrap elementor-element-populated\">\n\t\t\t\t\t\t<div class=\"elementor-element elementor-element-b508365 elementor-widget elementor-widget-text-editor\" data-id=\"b508365\" data-element_type=\"widget\" data-widget_type=\"text-editor.default\">\n\t\t\t\t<div class=\"elementor-widget-container\">\n\t\t\t\t\t\t\t<div class=\"page\" title=\"Page 1\"><div class=\"layoutArea\"><div class=\"column\"><h3>\u00a0<\/h3><h3 class=\"p1\"><b>1. Curr\u00edculum profesional pedag\u00f3gico y como escritora:<\/b><\/h3><\/div><div><ul><li class=\"p1 translation-block\">Maestra y<i> <\/i>Pedagoga Terapeuta<\/li><li class=\"p1\">T\u00e9cnica en Educaci\u00f3n Emocional<\/li><li class=\"p1\">Direcci\u00f3n y Gesti\u00f3n de Centros<\/li><li class=\"p1\">Maestra de Catal\u00e1n<\/li><li class=\"p1\">Escritora<\/li><li class=\"p1\">Formadora de Maestros. ICE. Universidad Aut\u00f3noma de Barcelona.<span class=\"Apple-converted-space\">\u00a0<\/span><\/li><li class=\"p2\">Organizadora junto con el ICE de la UB de las Jornadas sobre t\u00edteres, terapia y educaci\u00f3n, que se ha realizado en Espa\u00f1a. 2008, 2010 y 2012. Universidad de Barcelona. Y con el Instituto del Teatro y con IF Barcelona 2014 y 2016.<span class=\"Apple-converted-space\">\u00a0<\/span><\/li><li class=\"p2\">Profesora agregada Universidad de Lleida y Universidad de Barcelona<\/li><li class=\"p2\">Habitualmente da conferencias sobre educaci\u00f3n (Espa\u00f1a, Francia, Canad\u00e1 ...)<\/li><li class=\"p2\">Representante de Espa\u00f1a en la FIMS (Federaci\u00f3n Internacional de Marioneta y Salud)<\/li><li class=\"p1\">Formaci\u00f3n como escritora<\/li><li class=\"p1\">2015: Dos Cursos de escritura de cuentos para adultos con Gemma Lienas<\/li><li class=\"p1\">2015-17: Narrativa 1 y 2. Escuela de Escritura Ateneu Barcelon\u00e8s.<span class=\"Apple-converted-space\">\u00a0<\/span><\/li><li class=\"p1\">Maestro: Manel de la Rosa<\/li><li class=\"p1\">2016-18: Novela 1 y 2. Escuela de Escritura Ateneu Barcelon\u00e8s<span class=\"Apple-converted-space\">\u00a0<\/span><\/li><li class=\"p1\">Maestro: Melcior Comes<\/li><li class=\"p1\">2017-18: Redacci\u00f3n y estilo. Escuela de Escritura Ateneu Barcelon\u00e8s. Maestro: Jordi Garc\u00eda<span class=\"Apple-converted-space\">\u00a0<\/span><\/li><li class=\"p1\">Maestro: Melcior Comes<\/li><li class=\"p1\">2018-19: Fin de proyecto. Escuela de Escritura Ateneu Barcelon\u00e8s<span class=\"Apple-converted-space\">\u00a0<\/span><\/li><li class=\"p1\">Maestro: Jaume C. Pons Alorda<\/li><li class=\"p1\">2019-20: Tutor\u00eda personalizada. Escuela escritura Ateneu Barcelon\u00e8s. Maestro: Manel de la Rosa<span class=\"Apple-converted-space\">\u00a0<\/span><\/li><li class=\"p1\">Maestro: Manel de la Rosa<\/li><\/ul><div>\u00a0<\/div><\/div><div class=\"column\"><h3 class=\"p1\"><b>2. Curr\u00edculum como profesional del espect\u00e1culo:<\/b><\/h3><p class=\"p1\"><strong>2.1. Cuarenta a\u00f1os como profesional del espect\u00e1culo.<\/strong><\/p><ul><li class=\"p1 translation-block\">T\u00e9cnica Escuela alemana de marionetas. Albrech Roser.<\/li><li class=\"p1 translation-block\">T\u00e9cnica Escuela alemana de marionetas. Albrech Roser.<\/li><li class=\"p1 translation-block\">Curso sobre teor\u00eda de la marioneta. Heryk Yurkosky.<\/li><li class=\"p1 translation-block\">T\u00e9cnica Escuela inglesa de marionetas. H.V. Tozer.<\/li><li class=\"p1\">Trabajo con Teatro Laboratorio di Figura. Florencia.<\/li><li class=\"p1 translation-block\">Trabajos de clown con Fritello (Alemania) y Roy Bossier.<\/li><li class=\"p1 translation-block\">Trabajos con Comediants<\/li><li class=\"p1\">Trabajos de magia con el Magic Andreu<\/li><li class=\"p1 translation-block\">Curso de cine y animaci\u00f3n con plastilina. Albert Gil<\/li><\/ul><p class=\"p1\"><strong>2.2. Fundaci\u00f3n del grupo teatral los farsantes. 1979<\/strong><\/p><p class=\"p1\">Creadora del primer espect\u00e1culo de animaci\u00f3n con espuma que se realiz\u00f3 en Espa\u00f1a. 1985<\/p><p class=\"p1 translation-block\"><strong>2.3. Fundaci\u00f3n de la compa\u00f1\u00eda teatral NESSUN DORMA.<\/strong><\/p><p class=\"p1\"><strong>Creaci\u00f3n de los dos primeros espect\u00e1culos:<\/strong><\/p><ul><li class=\"p1\">NINOTARIUM<\/li><li class=\"p1\">CON QUIJOTE hemos topado<\/li><\/ul><p class=\"p1\"><strong>2.4. Direcci\u00f3n, marionetas y escenograf\u00eda conjunta del espect\u00e1culo<span class=\"Apple-converted-space\">\u00a0<\/span><\/strong><\/p><p class=\"p1\">&quot;ANTOLOGIA&quot; de Jordi Bertran<\/p><p class=\"p1\"><strong>2.5. Televisiones<\/strong><\/p><ul><li class=\"p1 translation-block\">Colaboraci\u00f3n programa TV2 \"Sopa de Letras\"<\/li><li class=\"p1\">Colaboraci\u00f3n programa TV3 \"Vendremos a cenar\"<\/li><li class=\"p1\">Programa TVE &quot;Caj\u00f3n Desastre&quot;<\/li><li class=\"p1\">Euskal Televista TV<\/li><li class=\"p1\">Programa &quot;Alicia&quot; TV2<\/li><li class=\"p1\">TV Japonesa. Fuji Project Incorporated 92<\/li><li class=\"p1\">Canal 33 Programa:<span class=\"Apple-converted-space\">\u00a0<\/span> Nydia<span class=\"Apple-converted-space\">\u00a0<\/span><\/li><\/ul><p class=\"p1\"><strong>2.6. Centro Dram\u00e1tico de la Generalidad de Catalu\u00f1a.<\/strong> \u201cDUROS A CUATRO PESETAS\u201d de Santiago Rusi\u00f1ol. 1988<\/p><p class=\"p1\"><strong>2.7. Orquesta de C\u00e1mara del Teatro Lliure de Barcelona.<\/strong> &quot;RETABLO DEL MAESE PEDRO&quot; de Manuel de Falla. 1989<\/p><p class=\"p1\"><strong>2.8. Colaboradora de la Revista ENTREACTE.<\/strong> Asociaci\u00f3n de actores y directores profesionales de Catalu\u00f1a.<\/p><p class=\"p1\"><strong>2.9. Trabajo con directores:<\/strong> Carmen Portacelli, Ignacio Roda, Joan Anguera, Juan Baixas, Joan Guillen, Juan Busquets, Miguel Espinosa<\/p><p class=\"p1\"><strong>2.10. Colaboraciones:<\/strong><span class=\"Apple-converted-space\">\u00a0 <\/span>Revista Pedag\u00f3gica GUIX<\/p><p class=\"p1\"><strong>2.11. Como fot\u00f3grafa haciendo reportajes fotogr\u00e1ficos en: <\/strong>El Pais y la Revista J.20<\/p><p class=\"p1\"><strong>2.12.<span class=\"Apple-converted-space\">\u00a0 <\/span>12. Espect\u00e1culos de cia TEA MONER<\/strong><\/p><ul><li class=\"p1 translation-block\">1993 - \u00a1QUE BESTIA ERES!. Premio al Ingenio y la Originalidad 1996. Otorgado por la Asociaci\u00f3n Actores. Teatro Artenbrut. Barcelona TV. p\u00fablico Adulto<\/li><li class=\"p1 translation-block\">1994 - LOS HIJOS DEL SOL. Premio Risas 1993. Todos P\u00fablicos. Colaboraci\u00f3n del Departamento de Cultura de la Generalitat de Catalu\u00f1a.<\/li><li class=\"p1 translation-block\">1995 - RECETARIO. Todos P\u00fablicos. Colaboraci\u00f3n del Departamento de Cultura de la Generalitat de Catalu\u00f1a.<\/li><li class=\"p1 translation-block\">1998 - \u00d1AM! . P\u00fablico Adulto. Colaboraci\u00f3n del Departamento de Cultura de la Generalitat de Catalunyaa. Ministerio de Asuntos Sociales de Andorra. Museo de Gav\u00e0<\/li><li class=\"p1\">1999 &#8211;<span class=\"Apple-converted-space\">\u00a0 <\/span>1.999 - CUENTOS TEL\u00daRICOS. todos P\u00fablicos<\/li><li class=\"p1 translation-block\">2000 - Reposici\u00f3n CON QUIJOTE HEMOS TOPADO. Todos P\u00fablicos. Colaboraci\u00f3n del Departamento de Cultura de la Generalidad de Catalu\u00f1a.<\/li><li class=\"p1\">2000<span class=\"s4\"><span class=\"Apple-converted-space\">\u00a0 <\/span>&#8211;<span class=\"Apple-converted-space\">\u00a0<\/span><\/span> Exposici\u00f3n 21 a\u00f1os de \"Ti Teias\"<\/li><li class=\"p4\">2001 - SUE\u00d1O DE UNA NOCHE DE VERANO. <span class=\"s3\">Premio Red 2000<\/span>.P\u00fablico familiar<\/li><li class=\"p4\">2002 - NO ME TOMES EL N\u00daMERO. todos p\u00fablicos<\/li><li class=\"p4\">2003 - A LA SOMBRA DE GARBANCITO. Todos los p\u00fablicos<\/li><li class=\"p4\">2004-2009 - Puesta en marcha de talleres ambulantes de construcci\u00f3n de t\u00edteres<span class=\"Apple-converted-space\">\u00a0<\/span><\/li><li class=\"p1 translation-block\">2004 - MINIMAL MAGIC. P\u00fablico Adulto. Colaboraci\u00f3n del Departamento de Cultura de la Generalitat de Catalu\u00f1a. Co-producci\u00f3n Mediterr\u00e1neo. Feria de espect\u00e1culos de Ra\u00edz Tradicional de Manresa. Premio especial a la creatividad 2010. Festival de T\u00edteres de la Vall d'Albaida.<\/li><li class=\"p1 translation-block\">2006 - CHEFS. Todos p\u00fablicos. Colaboraci\u00f3n INAEM y ICIC, Departamento de Cultura de la Generalitat de Catalu\u00f1a. Premio del P\u00fablico Fundaci\u00f3n Red de Corbera de Llobregat 2017<\/li><li class=\"p1\">2007 - CUENTOS EN LA SOMBRA. Todos p\u00fablicos. Colaboraci\u00f3n ICIC, Departamento de Cultura de la Generalitat de Catalu\u00f1a.<\/li><li class=\"p1\">2009 - GALAXIS. Todos P\u00fablicos. Colaboraci\u00f3n ICIC, Departamento de Cultura de la Generalitat de Catalu\u00f1a.<\/li><li class=\"p1\">2011 - EMBROSSA'T. Todos P\u00fablicos. Colaboraci\u00f3n Ayuntamiento de Palau de Plegamans.<\/li><li class=\"p1 translation-block\">2011 - CON LETRA PEQUE\u00d1A. De Jaume Cela. P\u00fablico Familiar. Colaboraci\u00f3n del Departamento de Cultura de la Generalitat de Catalu\u00f1a.<\/li><li class=\"p1 translation-block\">2011 - PULGAS CIRKUS MONER. P\u00fablico Familiar. Colaboraci\u00f3n del Departamento de Cultura de la Generalitat de Catalu\u00f1a<\/li><li class=\"p1\">2011 - MAESTROS DE LA MAGIA. P\u00fablico familiar. Gala de magia compartida con Aliskim, Enric Magoo, Brando y Silvana, y M\u00e1gic Sergio.<\/li><li class=\"p1\">2017 - EMBROSSA'T. Basado en la obra de Joan Brossa. Direcci\u00f3n y producci\u00f3n. Cia Addaura TEATRO VISUAL. Con el apoyo de la Fundaci\u00f3n Joan Brossa. Colaboraci\u00f3n<span class=\"Apple-converted-space\">\u00a0 <\/span>ICEC, Departamento de Cultura de la Generalidad de Catalu\u00f1a<\/li><li class=\"p5\">Finalista en los Premios MAX 2018<\/li><li class=\"p1\">2013 - DAMAS M\u00c1GICAS EN GALA. Gala de magia compartida con Silvana, May Closa, y Addaura magic danza<\/li><li class=\"p1\">2015 - M\u00d2BILUS. Basado en la obra de Alexander Calder. Direcci\u00f3n y producci\u00f3n. Cia Addaura TEATRO VISUAL. <span class=\"s6\">Nominado a los Premios MAX 2017<\/span><\/li><li class=\"p1\">2015 - CUENTOS DE HIELO. Cuentos del \u00c1rtico a la Ant\u00e1rtida. P\u00fablico familiar<\/li><li class=\"p1\">2016 - BAJO LA SOMBRA BROSIANA. Cuento y Taller sobre Joan Brossa. Con el apoyo de la Fundaci\u00f3n Joan Brossa. P\u00fablico Familiar.<\/li><li class=\"p1 translation-block\">2018 \u2013 TR\u00d3PICO. Cuentos de los Tr\u00f3picos de autores que viven en estos lugares. P\u00fablico Familiar. Colaboraci\u00f3n<span class=\"Apple-converted-space\">\u00a0 <\/span>ICEC, Departamento de Cultura de la Generalidad de Catalu\u00f1a<\/li><li class=\"p1 translation-block\">2019 \u2013 KL\u00c9. Basado en la obra de Paul Klee. Direcci\u00f3n y producci\u00f3n. C\u00eda ADDAURA TEATRO VISUAL. P\u00fablico Familiar. Colaboraci\u00f3n<span class=\"Apple-converted-space\">\u00a0 <\/span>ICEC, Departamento de Cultura de la Generalidad de Catalu\u00f1a<\/li><li class=\"p1\">2020 - GIANNI. Inspirado en los cuentos de Gianni Rodari. p\u00fablico familiar<\/li><\/ul><p class=\"p1\"><strong>2:13. Construcci\u00f3n de t\u00edteres y sombras del espect\u00e1culo:\u00a0 <\/strong>\"COLORES\u201d de<span class=\"Apple-converted-space\">\u00a0<\/span>Xavier Mariscal<\/p><p class=\"p1\"><strong>2.14. Construcci\u00f3n de t\u00edteres del espect\u00e1culo:<\/strong>\u00a0 \"TINA, LA BRUJA FINA\" de T\u00e0bata Teatro<\/p><p class=\"p9\"><strong>2:15. Cine: BARCELONA, HISTORIA DE UNA NOCHE. CECC<\/strong><\/p><p class=\"p9\"><strong>2.16. Premios:<span class=\"Apple-converted-space\">\u00a0<\/span><\/strong><\/p><ul><li class=\"p10\">Premio al Ingenio y la Originalidad 1996 SGAE. ARTENBRUT y BTV<\/li><li class=\"p10\">Premio Risas 1993<\/li><li class=\"p10\">Premio Red 2000<\/li><li class=\"p11\">PREMIO ESPECIAL A LA CREATIVIDAD. Festival T\u00edteres La Vall d&#039;Albaida 2010<\/li><li class=\"p11\">PREMIO DEL P\u00daBLICO Fundaci\u00f3n Xarxa de Corbera de Llobregat 2017<\/li><li class=\"p11\">MENCI\u00d3N HONOR\u00cdFICA DEL FESTIVAL INTERNACIONAL DE MAGIA LE-CHANG 2018<span class=\"Apple-converted-space\">\u00a0<\/span><\/li><li class=\"p11\">NOMINACI\u00d3N los Premios MAX 2017<\/li><li class=\"p11 translation-block\">FINALISTA<span class=\"Apple-converted-space\">\u00a0 <\/span>en los PREMIOS MAX 2018<\/li><li class=\"p11 translation-block\">PREMIO HONOR\u00cdFICO FESTIVAL INTERNACIONAL DE MAGIA MEDIAMAGIC 2021<\/li><li class=\"p11\">PREMI HONOR\u00cdFICO FESTIVAL INTERNACIONAL \u201cLA TITELLADA\u201d 2021<\/li><li>Finalista Premios ARC 2022<\/li><\/ul><p class=\"p10\"><strong>2:17. Directora Art\u00edstica de DAMA, Festival Internacional de Damas M\u00e1gicas en Terrassa<\/strong> (espect\u00e1culos de magia realizados por mujeres).<span class=\"Apple-converted-space\"> \u00a0<\/span>2006-2007-2008-2009-2010-2011-2012-14- 2019<\/p><p class=\"p10\"><strong>02:18. Miembro del colectivo:\u00a0<\/strong> MAESTROS DE LA MAGIA<\/p><p class=\"p10\"><strong>2.19. Directora art\u00edstica y productora de la compa\u00f1\u00eda ADDAURA TEATRO VISUAL<\/strong><\/p><p class=\"p10\"><strong>2.20. Como escritora para adultos:<\/strong><\/p><p class=\"p9\"><strong>Novela:<\/strong><span class=\"Apple-converted-space\">\u00a0<\/span><\/p><p class=\"p9\">ENTRE MAGIA. Con ayuda de la OSIC del Departamento de Cultura de la Generalidad de Catalu\u00f1a 2020.<span class=\"Apple-converted-space\">\u00a0<\/span><\/p><p class=\"p9\"><strong>Ensayo Pedagog\u00eda:<\/strong><\/p><p class=\"p14\">LOS T\u00cdTERES SON ESPECIALES 2006. Con ayuda del Departamento de Ense\u00f1anza de la Generalidad de Catalu\u00f1a.<\/p><p class=\"p9\"><strong>Teatro para adultos:<\/strong><\/p><ul><li class=\"p15 translation-block\">\u00a1QUE BESTIA ERES!. Premio al Ingenio y la Originalidad 1996. Otorgado por la Asociaci\u00f3n Actores. Teatro Artenbrut. Barcelona TV<\/li><li class=\"p9 translation-block\">\u00a1\u00d1AM! . P\u00fablico Adulto. Colaboraci\u00f3n del Departamento de Cultura de la Generalidad de Catalu\u00f1a. Ministerio de Asuntos Sociales de Andorra. Museo de Gav\u00e0.<\/li><li class=\"p1 translation-block\">MINIMAL MAGIC. P\u00fablico Adulto. Colaboraci\u00f3n del Departamento de Cultura de la Generalitat de Catalu\u00f1a. Co-producci\u00f3n Mediterr\u00e1neo. Feria de espect\u00e1culos de Ra\u00edz Tradicional de Manresa. Premio especial a la creatividad 2010. Festival de T\u00edteres de la Vall d'Albaida.<\/li><\/ul><p class=\"p10\"><strong>2.21. Como escritora para p\u00fablico familiar:\u00a0 <\/strong>Cuarenta guiones teatrales.<\/p><\/div><\/div><\/div>\t\t\t\t\t\t<\/div>\n\t\t\t\t<\/div>\n\t\t\t\t\t<\/div>\n\t\t<\/div>\n\t\t\t\t\t<\/div>\n\t\t<\/section>\n\t\t\t\t<\/div>","protected":false},"excerpt":{"rendered":"<p>\u00a0 1. Curr\u00edculum profesional pedag\u00f3gico y como escritora: Maestra \u2026 <\/p>\n<p class=\"read-more-container\"><a title=\"Curr\u00edculum\" class=\"read-more button\" href=\"https:\/\/www.teiamoner.net\/es\/curriculum\/#more-3718\">seguir leyendo<span class=\"screen-reader-text\">Curr\u00edculum<\/span><\/a><\/p>","protected":false},"author":1,"featured_media":0,"parent":0,"menu_order":0,"comment_status":"closed","ping_status":"closed","template":"","meta":{"footnotes":""},"_links":{"self":[{"href":"https:\/\/www.teiamoner.net\/es\/wp-json\/wp\/v2\/pages\/3718"}],"collection":[{"href":"https:\/\/www.teiamoner.net\/es\/wp-json\/wp\/v2\/pages"}],"about":[{"href":"https:\/\/www.teiamoner.net\/es\/wp-json\/wp\/v2\/types\/page"}],"author":[{"embeddable":true,"href":"https:\/\/www.teiamoner.net\/es\/wp-json\/wp\/v2\/users\/1"}],"replies":[{"embeddable":true,"href":"https:\/\/www.teiamoner.net\/es\/wp-json\/wp\/v2\/comments?post=3718"}],"version-history":[{"count":20,"href":"https:\/\/www.teiamoner.net\/es\/wp-json\/wp\/v2\/pages\/3718\/revisions"}],"predecessor-version":[{"id":6682,"href":"https:\/\/www.teiamoner.net\/es\/wp-json\/wp\/v2\/pages\/3718\/revisions\/6682"}],"wp:attachment":[{"href":"https:\/\/www.teiamoner.net\/es\/wp-json\/wp\/v2\/media?parent=3718"}],"curies":[{"name":"wp","href":"https:\/\/api.w.org\/{rel}","templated":true}]}}