{"id":5465,"date":"2020-06-01T13:11:00","date_gmt":"2020-06-01T11:11:00","guid":{"rendered":""},"modified":"2020-09-06T19:10:58","modified_gmt":"2020-09-06T17:10:58","slug":"tipus-de-titelles-vella","status":"publish","type":"page","link":"https:\/\/www.teiamoner.net\/es\/tipus-de-titelles-vella\/","title":{"rendered":"Tipo de T\u00edteres vieja"},"content":{"rendered":"<p><\/p>\n<table align=\"center\" border=\"0\" cellpadding=\"0\" cellspacing=\"0\" style=\"width: 702px;\">\n<tbody>\n<tr align=\"left\">\n<th colspan=\"8\" scope=\"col\">\n<div class=\"Estilo11\">\n<b>Guante:<\/b> La mano se coloca en el vestido de la marioneta, casi como un guante. Seg\u00fan la manipulaci\u00f3n existen diferentes tipos: <\/div>\n<ul class=\"Estilo11\">\n<li><i>Gui\u00f1ol o t\u00edtere franc\u00e9s:<\/i> Con el dedo \u00edndice se sostiene la cabeza, con el dedo gordo una mano y con el resto, la otra mano del t\u00edtere. <\/li>\n<\/ul>\n<\/th>\n<\/tr>\n<tr align=\"left\">\n<th colspan=\"8\" height=\"270\" scope=\"col\">\n<div align=\"center\">\n<div class=\"separator\" style=\"clear: both; text-align: center;\">\n<img decoding=\"async\" border=\"0\" data-original-height=\"207\" data-original-width=\"255\" src=\"https:\/\/www.teiamoner.net\/wp-content\/uploads\/2020\/06\/image061.gif\" \/><\/div>\n<p><span class=\"Estilo11\">Fig.25<\/span><\/div>\n<\/th>\n<\/tr>\n<tr align=\"left\">\n<th colspan=\"8\" height=\"100\" scope=\"col\">\n<ul class=\"Estilo11\">\n<li><i>Puchineli o t\u00edtere tradicional catal\u00e1n:<\/i> Durante mucho tiempo, en Catalu\u00f1a, se utilizaba una modalidad particular de este t\u00edtere, cuya cabeza se aguantaba con tres dedos a la vez (\u00edndice, coraz\u00f3n, anular). Y los otros dos dedos (peque\u00f1o y gordo), serv\u00edan para mover los brazos del t\u00edtere. Antiguamente estos t\u00edteres eran de madera tallada, como peque\u00f1as esculturas y pesaban mucho<\/li>\n<\/ul>\n<\/th>\n<\/tr>\n<tr align=\"left\" class=\"Estilo4\">\n<th colspan=\"8\" scope=\"col\">\n<div align=\"center\">\n<span class=\"Estilo5\"><span class=\"Estilo11\"> <\/span><\/span><\/p>\n<div class=\"separator\" style=\"clear: both; text-align: center;\">\n<span class=\"Estilo5\"><span class=\"Estilo11\"><img decoding=\"async\" border=\"0\" data-original-height=\"205\" data-original-width=\"267\" src=\"https:\/\/www.teiamoner.net\/wp-content\/uploads\/2020\/06\/image063.gif\" \/><\/span><\/span><\/div>\n<p><span class=\"Estilo5\"><span class=\"Estilo11\">Fig.26<\/span><\/span><\/div>\n<\/th>\n<\/tr>\n<tr align=\"left\" class=\"Estilo5\">\n<th colspan=\"8\" height=\"50\" scope=\"col\">\n<ul class=\"Estilo14\">\n<li class=\"Estilo11\"><i>Punch o t\u00edtere ingl\u00e9s:<\/i> Con el dedo \u00edndice se aguanta la cabeza y los dedos coraz\u00f3n y gordo las dos manos del t\u00edtere.<\/li>\n<\/ul>\n<\/th>\n<\/tr>\n<tr align=\"left\" class=\"Estilo5\">\n<th colspan=\"8\" scope=\"col\">\n<div align=\"center\">\n<span class=\"Estilo11\"> <\/span><\/p>\n<div class=\"separator\" style=\"clear: both; text-align: center;\">\n<span class=\"Estilo11\"><img decoding=\"async\" border=\"0\" data-original-height=\"236\" data-original-width=\"239\" src=\"https:\/\/www.teiamoner.net\/wp-content\/uploads\/2020\/06\/image065.gif\" \/><\/span><\/div>\n<p><span class=\"Estilo11\">Fig.27<\/span><\/div>\n<\/th>\n<\/tr>\n<tr align=\"left\" class=\"Estilo5\">\n<th colspan=\"8\" height=\"50\" scope=\"col\">\n<div class=\"Estilo11\">\nDedo: Peque\u00f1o t\u00edtere de guante, que se calza en un solo dedo donde el cuerpo tiene un solo movimiento.<\/div>\n<\/th>\n<\/tr>\n<\/tbody>\n<\/table>\n<table align=\"center\" border=\"0\" cellpadding=\"0\" cellspacing=\"0\" style=\"width: 702px;\">\n<tbody>\n<tr>\n<th scope=\"col\"><\/th>\n<th scope=\"col\"><\/th>\n<th scope=\"col\"><\/th>\n<th scope=\"col\"><\/th>\n<\/tr>\n<tr>\n<td>\n<div align=\"center\">\n<div class=\"separator\" style=\"clear: both; text-align: center;\">\n<img decoding=\"async\" border=\"0\" data-original-height=\"186\" data-original-width=\"178\" src=\"https:\/\/www.teiamoner.net\/wp-content\/uploads\/2020\/06\/image067.gif\" \/><\/div>\n<p><span class=\"Estilo11\">Fig.28<\/span><\/div>\n<\/td>\n<td>\n<div align=\"center\">\n<div class=\"separator\" style=\"clear: both; text-align: center;\">\n<img decoding=\"async\" border=\"0\" data-original-height=\"194\" data-original-width=\"172\" src=\"https:\/\/www.teiamoner.net\/wp-content\/uploads\/2020\/06\/image069.gif\" \/><\/div>\n<p><span class=\"Estilo11\">Fig.29<\/span><\/div>\n<\/td>\n<td>\n<div align=\"center\">\n<div class=\"separator\" style=\"clear: both; text-align: center;\">\n<img decoding=\"async\" border=\"0\" data-original-height=\"192\" data-original-width=\"131\" src=\"https:\/\/www.teiamoner.net\/wp-content\/uploads\/2020\/06\/image071.gif\" \/><\/div>\n<p><span class=\"Estilo11\">Fig.30<\/span><\/div>\n<\/td>\n<td>\n<div align=\"center\">\n<div class=\"separator\" style=\"clear: both; text-align: center;\">\n<img decoding=\"async\" border=\"0\" data-original-height=\"190\" data-original-width=\"154\" src=\"https:\/\/www.teiamoner.net\/wp-content\/uploads\/2020\/06\/image073.gif\" \/><\/div>\n<p><span class=\"Estilo11\">Fig.31<\/span><\/div>\n<\/td>\n<\/tr>\n<\/tbody>\n<\/table>\n<table align=\"center\" border=\"0\" cellpadding=\"0\" cellspacing=\"0\" style=\"width: 702px;\">\n<tbody>\n<tr align=\"left\" class=\"Estilo4\">\n<th colspan=\"3\" height=\"60\" scope=\"col\"><span class=\"Estilo11\">Muppet: Es una simplificaci\u00f3n del t\u00edtere de guante, toda la mano est\u00e1 calzada en la cabeza del mu\u00f1eco, que abre y cierra la boca. <\/span><\/th>\n<\/tr>\n<tr align=\"left\" class=\"Estilo4\">\n<th colspan=\"3\" scope=\"col\">\n<div align=\"center\">\n<span class=\"Estilo5\"><span class=\"Estilo11\"> <\/span><\/span><\/p>\n<div class=\"separator\" style=\"clear: both; text-align: center;\">\n<span class=\"Estilo5\"><span class=\"Estilo11\"><img decoding=\"async\" border=\"0\" data-original-height=\"223\" data-original-width=\"214\" src=\"https:\/\/www.teiamoner.net\/wp-content\/uploads\/2020\/06\/image075.gif\" \/><\/span><\/span><\/div>\n<p><span class=\"Estilo5\"><span class=\"Estilo11\">Fig.32<\/span><\/span><\/div>\n<\/th>\n<\/tr>\n<tr align=\"left\" class=\"Estilo4\">\n<th colspan=\"3\" height=\"60\" scope=\"col\"><span class=\"Estilo11\">Marota y de Tija: Es un t\u00edtere manipulado con un solo tallo central. Y la mano del manipulador puede ser la mano del t\u00edtere. A veces las manos del t\u00edtere llevan dos tallos. <\/span><\/th>\n<\/tr>\n<tr align=\"left\" class=\"Estilo4\">\n<th colspan=\"3\" scope=\"col\">\n<div align=\"center\">\n<table border=\"0\" cellpadding=\"0\" cellspacing=\"0\" style=\"width: 700px;\">\n<tbody>\n<tr>\n<th scope=\"col\">\n<div align=\"center\">\n<span class=\"Estilo5\"><span class=\"Estilo11\"> <\/span><\/span><\/p>\n<div class=\"separator\" style=\"clear: both; text-align: center;\">\n<span class=\"Estilo5\"><span class=\"Estilo11\"><img decoding=\"async\" border=\"0\" data-original-height=\"274\" data-original-width=\"163\" src=\"https:\/\/www.teiamoner.net\/wp-content\/uploads\/2020\/06\/image077.gif\" \/><\/span><\/span><\/div>\n<p><span class=\"Estilo5\"><span class=\"Estilo11\">Fig.33<\/span><\/span><\/div>\n<\/th>\n<th scope=\"col\">\n<div align=\"center\">\n<div class=\"separator\" style=\"clear: both; text-align: center;\">\n<img decoding=\"async\" border=\"0\" data-original-height=\"280\" data-original-width=\"163\" src=\"https:\/\/www.teiamoner.net\/wp-content\/uploads\/2020\/06\/image079.gif\" \/><\/div>\n<p><span class=\"Estilo5\"> <span class=\"Estilo11\">Fig.34<\/span><\/span><\/div>\n<\/th>\n<\/tr>\n<\/tbody>\n<\/table>\n<\/div>\n<\/th>\n<\/tr>\n<tr align=\"left\" class=\"Estilo4\">\n<th colspan=\"2\" scope=\"col\">\n<div class=\"Estilo11\">\nMarioneta de hilo o marioneta: Consiste en un mu\u00f1eco articulado, que es manipulado por arriba, mediante hilos que van a una cruz de madera <span class=\"Estilo11\">que tiene el manipulador en la mano. <\/span><\/div>\n<div class=\"Estilo11\">\n<\/div>\n<div class=\"Estilo11\">\n<\/div>\n<div align=\"right\" class=\"Estilo11\">\n<div class=\"separator\" style=\"clear: both; text-align: center;\">\n<img decoding=\"async\" border=\"0\" data-original-height=\"334\" data-original-width=\"141\" height=\"320\" src=\"https:\/\/www.teiamoner.net\/wp-content\/uploads\/2020\/06\/image081.gif\" width=\"135\" \/><\/div>\n<p>Fig.35<\/p><\/div>\n<\/th>\n<th scope=\"col\" width=\"318\">\n<div align=\"center\">\n<\/div>\n<\/th>\n<\/tr>\n<tr align=\"left\" class=\"Estilo4\">\n<th colspan=\"3\" height=\"110\" scope=\"col\">\n<div class=\"Estilo11\">\n<b>Bunraku: <\/b><span class=\"Estilo11\">\u00c9sta es una t\u00e9cnica japonesa; el mu\u00f1eco es de un tama\u00f1o de dos tercios del hombre, y manipulado por tres personas: el maestro (20 a\u00f1os de estudios), que manipula la cabeza y la mano derecha, y los ayudantes (10 a\u00f1os de estudios) que manipulan el brazo izquierdo y las piernas. Acompa\u00f1ados por un m\u00fasico que recita el texto. Tambi\u00e9n existen adaptaciones para un solo manipulador. <\/span><\/div>\n<\/th>\n<\/tr>\n<tr align=\"left\" class=\"Estilo4\">\n<th colspan=\"3\" scope=\"col\">\n<div align=\"center\">\n<div class=\"separator\" style=\"clear: both; text-align: center;\">\n<img fetchpriority=\"high\" decoding=\"async\" border=\"0\" data-original-height=\"362\" data-original-width=\"390\" height=\"296\" src=\"https:\/\/www.teiamoner.net\/wp-content\/uploads\/2020\/06\/image083.gif\" width=\"320\" \/><\/div>\n<p><span class=\"Estilo5\"> <span class=\"Estilo11\">Fig.36<\/span><\/span><\/div>\n<\/th>\n<\/tr>\n<tr align=\"left\" class=\"Estilo4\">\n<th colspan=\"2\" scope=\"col\">\n<div class=\"Estilo11\">\nSombras: Son figuras planas, armadas sobre un tallo, a veces articulado, que colocadas detr\u00e1s de una pantalla y con un foco de luz se transforma en teatro de sombras. Cuando se aplican, adem\u00e1s, las manos hablamos de sombras chinas.<\/div>\n<div class=\"Estilo11\">\n<\/div>\n<div align=\"right\" class=\"Estilo11\">\nFig.37<\/div>\n<\/th>\n<th height=\"220\" scope=\"col\">\n<div align=\"center\">\n<div class=\"separator\" style=\"clear: both; text-align: center;\">\n<img decoding=\"async\" border=\"0\" data-original-height=\"180\" data-original-width=\"195\" src=\"https:\/\/www.teiamoner.net\/wp-content\/uploads\/2020\/06\/image085.gif\" \/><\/div>\n<\/div>\n<\/th>\n<\/tr>\n<tr align=\"left\" class=\"Estilo4\">\n<th height=\"260\" scope=\"col\" valign=\"top\" width=\"383\">\n<div align=\"center\">\n<div class=\"separator\" style=\"clear: both; text-align: center;\">\n<img decoding=\"async\" border=\"0\" data-original-height=\"251\" data-original-width=\"222\" src=\"https:\/\/www.teiamoner.net\/wp-content\/uploads\/2020\/06\/image088.gif\" \/><\/div>\n<p><span class=\"Estilo5\"><\/span><\/div>\n<\/th>\n<th class=\"Estilo11\" colspan=\"2\" scope=\"col\"><b>Cabeza-gorda:<\/b> Aunque normalmente se utilizan para los pasacalles y fiestas callejeras, se pueden utilizar en una representaci\u00f3n como un t\u00edtere m\u00e1s. El cuerpo del manipulador se coloca en el interior del t\u00edtere. <\/p>\n<p>Fig.38<\/th>\n<\/tr>\n<tr align=\"left\" class=\"Estilo4\">\n<th class=\"Estilo11\" colspan=\"3\" scope=\"col\"><b>Animatr\u00f3nicos<\/b>: T\u00edteres manipulados a distancia, a veces dirigidos por ordenador ya veces con cables electr\u00f3nicos.<br \/>\n<b>Aut\u00f3matas: <\/b>Son t\u00edteres que van accionados por elementos mec\u00e1nicos. No siempre es necesario el manipulador para que se muevan. <br \/>\n<b>Marionetas de ventriloquia: <\/b>Ventriloquia, el arte de lanzar la voz, es decir, que quien habla lo hace de tal modo que el sonido parece venir de una distancia o de una fuente distinta de lo que est\u00e1 hablando. Normalmente, el ventr\u00edlocuo \u2013 mantiene los labios muy juntos, casi sin moverlos \u2013utiliza un t\u00edtere para mantener la atenci\u00f3n del p\u00fablico y aumentar la ilusi\u00f3n de que el personaje es el que habla. Cuando no utiliza el t\u00edtere, el ventr\u00edlocuo utiliza alg\u00fan objeto que, generalmente agita, para atraer nuestra atenci\u00f3n mientras \u00e9l habla y consigue dar la ilusi\u00f3n que quiere. <b><\/b><br \/>\nBas\u00e1ndose en estas t\u00e9cnicas principales se pueden crear t\u00edteres mixtos. Por ejemplo, un t\u00edtere de guante que el brazo se manipule con un tallo, etc <span class=\"Estilo5\"><\/span><\/th>\n<\/tr>\n<\/tbody>\n<\/table>\n<p><\/p>\n<div align=\"center\">\n<\/div>\n<p><\/p>\n<div align=\"center\">\n<\/div>","protected":false},"excerpt":{"rendered":"<p>Guante: La mano se coloca dentro del vestido del t\u00edtere, \u2026 <\/p>\n<p class=\"read-more-container\"><a title=\"Tipo de T\u00edteres vieja\" class=\"read-more button\" href=\"https:\/\/www.teiamoner.net\/es\/tipus-de-titelles-vella\/#more-5465\">seguir leyendo<span class=\"screen-reader-text\">Tipo de T\u00edteres vieja<\/span><\/a><\/p>","protected":false},"author":3,"featured_media":0,"parent":0,"menu_order":0,"comment_status":"closed","ping_status":"closed","template":"","meta":{"footnotes":""},"_links":{"self":[{"href":"https:\/\/www.teiamoner.net\/es\/wp-json\/wp\/v2\/pages\/5465"}],"collection":[{"href":"https:\/\/www.teiamoner.net\/es\/wp-json\/wp\/v2\/pages"}],"about":[{"href":"https:\/\/www.teiamoner.net\/es\/wp-json\/wp\/v2\/types\/page"}],"author":[{"embeddable":true,"href":"https:\/\/www.teiamoner.net\/es\/wp-json\/wp\/v2\/users\/3"}],"replies":[{"embeddable":true,"href":"https:\/\/www.teiamoner.net\/es\/wp-json\/wp\/v2\/comments?post=5465"}],"version-history":[{"count":1,"href":"https:\/\/www.teiamoner.net\/es\/wp-json\/wp\/v2\/pages\/5465\/revisions"}],"predecessor-version":[{"id":5480,"href":"https:\/\/www.teiamoner.net\/es\/wp-json\/wp\/v2\/pages\/5465\/revisions\/5480"}],"wp:attachment":[{"href":"https:\/\/www.teiamoner.net\/es\/wp-json\/wp\/v2\/media?parent=5465"}],"curies":[{"name":"wp","href":"https:\/\/api.w.org\/{rel}","templated":true}]}}