{"id":6692,"date":"2023-02-02T11:09:49","date_gmt":"2023-02-02T10:09:49","guid":{"rendered":"https:\/\/www.teiamoner.net\/?page_id=6692"},"modified":"2023-02-02T11:11:18","modified_gmt":"2023-02-02T10:11:18","slug":"avis-legal","status":"publish","type":"page","link":"https:\/\/www.teiamoner.net\/es\/avis-legal\/","title":{"rendered":"Aviso Legal"},"content":{"rendered":"<div data-elementor-type=\"wp-page\" data-elementor-id=\"6692\" class=\"elementor elementor-6692\" data-elementor-post-type=\"page\">\n\t\t\t\t\t\t<section class=\"elementor-section elementor-top-section elementor-element elementor-element-e2acc6d elementor-section-boxed elementor-section-height-default elementor-section-height-default\" data-id=\"e2acc6d\" data-element_type=\"section\">\n\t\t\t\t\t\t<div class=\"elementor-container elementor-column-gap-default\">\n\t\t\t\t\t<div class=\"elementor-column elementor-col-100 elementor-top-column elementor-element elementor-element-b63789d\" data-id=\"b63789d\" data-element_type=\"column\">\n\t\t\t<div class=\"elementor-widget-wrap elementor-element-populated\">\n\t\t\t\t\t\t\t<\/div>\n\t\t<\/div>\n\t\t\t\t\t<\/div>\n\t\t<\/section>\n\t\t\t\t<section class=\"elementor-section elementor-top-section elementor-element elementor-element-4dac567 elementor-section-boxed elementor-section-height-default elementor-section-height-default\" data-id=\"4dac567\" data-element_type=\"section\">\n\t\t\t\t\t\t<div class=\"elementor-container elementor-column-gap-default\">\n\t\t\t\t\t<div class=\"elementor-column elementor-col-100 elementor-top-column elementor-element elementor-element-31b7ccf\" data-id=\"31b7ccf\" data-element_type=\"column\">\n\t\t\t<div class=\"elementor-widget-wrap elementor-element-populated\">\n\t\t\t\t\t\t<div class=\"elementor-element elementor-element-3682fe9 elementor-widget elementor-widget-text-editor\" data-id=\"3682fe9\" data-element_type=\"widget\" data-widget_type=\"text-editor.default\">\n\t\t\t\t<div class=\"elementor-widget-container\">\n\t\t\t\t\t\t\t<p class=\"p1\"><span class=\"s1\"><b>1. Identificaci\u00f3n del titular del dominio<\/b><\/span><\/p><p class=\"p2\"><span class=\"s1\">El titular de esta web es el: TEIA MONER SCCL con domicilio en Palau-solit\u00e0 i Plegamans, Calle Can Mas, 1-3, con n\u00famero de\u00a0<b>CIF:<\/b>\u00a0F62751359<\/span><\/p><p class=\"p2\"><span class=\"s1\"><b>Tel\u00e9fono de contacto<\/b>: 938 645 834<\/span><\/p><p class=\"p2\"><span class=\"s1\"><b>Correo electr\u00f3nico de contacto<\/b>: contacte@teiamoner.net<\/span><\/p><p class=\"p1\"><span class=\"s1\"><b>2. Condiciones de uso de la web<\/b><\/span><\/p><p class=\"p2\"><span class=\"s1\">Se entiende como <b>usuario a la persona que acceda y utilice esta web<\/b>. El usuario, por el mero hecho de serlo, acepta estas condiciones de uso.<\/span><\/p><p class=\"p2\"><span class=\"s1\">El usuario asume la responsabilidad del uso que pueda realizar de esta web. Esta responsabilidad se extiende al registro necesario para acceder a determinados servicios o contenidos. El usuario se hace responsable de aportar informaci\u00f3n veraz y l\u00edcita en el proceso de registro.<\/span><\/p><p class=\"p2\"><span class=\"s1\">USUARIO se compromete a hacer un uso adecuado de los contenidos y servicios que TEIA MONER SCCL ofrece a trav\u00e9s de esta web y con car\u00e1cter enunciativo pero no limitador, a no utilizarlos para:<\/span><\/p><ol class=\"ol1\"><li class=\"li4\"><span class=\"s1\">Provocar da\u00f1os en los sistemas f\u00edsicos y l\u00f3gicos de la web, de sus proveedores o de terceras personas, introducir o difundir en la red virus inform\u00e1ticos o cualquier otro sistema f\u00edsico o l\u00f3gico que sea susceptible de provocar los da\u00f1os anteriormente citados.<\/span><\/li><li class=\"li4\"><span class=\"s1\">Intentar acceder y, en su caso, utilizar las cuentas de correo electr\u00f3nico de otros usuarios y modificar o manipular sus mensajes.<\/span><\/li><\/ol><p class=\"p2\"><span class=\"s1\">Queda prohibida la publicaci\u00f3n en nuestros sitios web de contenidos que atenten contra los principios enumerados a continuaci\u00f3n, reserv\u00e1ndose el titular del dominio el ejercicio de cuantas acciones sean procedentes en derecho contra los responsables de su publicaci\u00f3n:<\/span><\/p><ul class=\"ul1\"><li class=\"li4\"><span class=\"s1\">La salvaguarda del orden p\u00fablico, la investigaci\u00f3n penal, seguridad p\u00fablica y defensa nacional.<\/span><\/li><li class=\"li4\"><span class=\"s1\">La protecci\u00f3n de la salud p\u00fablica o de las personas f\u00edsicas que tengan la condici\u00f3n de consumidores o usuarios.<\/span><\/li><li class=\"li4\"><span class=\"s1\">El respeto a la dignidad de la persona y al principio de no discriminaci\u00f3n por motivos de raza, sexo, opini\u00f3n, nacionalidad, discapacidad o cualquier otra circunstancia personal o social.<\/span><\/li><li class=\"li4\"><span class=\"s1\">La protecci\u00f3n de la juventud y de la infancia.<\/span><\/li><li class=\"li4\"><span class=\"s1\">El respeto a la autonom\u00eda de la voluntad del afectado.<\/span><\/li><li class=\"li4\"><span class=\"s1\">El respeto a la propiedad intelectual de lo publicado.<\/span><\/li><li class=\"li4\"><span class=\"s1\">Por lo general, el respeto a la legalidad vigente.<\/span><\/li><\/ul><p class=\"p2\"><span class=\"s1\">TEIA MONER SCCL se reserva el derecho de retirar todos aquellos comentarios y aportaciones que vulneren el respeto a la dignidad de la persona, que sean discriminatorios, xen\u00f3fobos, racistas, pornogr\u00e1ficos, que atenten contra la juventud o la infancia, el orden o la seguridad p\u00fablica o que, a su juicio, no fuesen adecuados para su publicaci\u00f3n.<\/span><\/p><p class=\"p2\"><span class=\"s1\">En cualquier caso, el titular del dominio no ser\u00e1 responsable de las opiniones vertidas por los usuarios a trav\u00e9s de los foros, chats, u otras herramientas de participaci\u00f3n que puedan incorporarse a esta web.<\/span><\/p><p class=\"p1\"><span class=\"s1\"><b>3. Propiedad intelectual e industrial<\/b><\/span><\/p><p class=\"p2\"><span class=\"s1\">TEIA MONER SCCL es titular de todos los derechos de propiedad intelectual e industrial de sus p\u00e1ginas web, as\u00ed como de todo su contenido, por lo que toda reproducci\u00f3n, distribuci\u00f3n y comunicaci\u00f3n p\u00fablica total o parcial de su contenido queda expresamente prohibida sin la autorizaci\u00f3n expresa del titular.<\/span><\/p><p class=\"p1\"><span class=\"s1\"><b>4. Responsabilidad<\/b><\/span><\/p><p class=\"p2\"><span class=\"s1\">El titular del dominio no ser\u00e1 responsable de los da\u00f1os y perjuicios que pudieran derivarse de interferencias o aver\u00edas telef\u00f3nicas, desconexiones en el sistema electr\u00f3nico, presencia de virus inform\u00e1ticos, programas maliciosos o cualquier otro factor ajeno a su control.<br \/><br \/>Tampoco ser\u00e1 responsable de los contenidos o sistemas de terceros conectados a su dominio.<\/span><\/p><p class=\"p1\"><span class=\"s1\"><b>5. Privacidad\u00a0<\/b><\/span><\/p><p class=\"p6\"><span class=\"s1\"><b>5.1 Derecho de informaci\u00f3n<\/b><\/span><\/p><p class=\"p2\"><span class=\"s1\">De acuerdo con lo que dispone el art\u00edculo 11 de la Ley Org\u00e1nica 3\/2018, de 5 de diciembre, de Protecci\u00f3n de Datos Personales y garant\u00eda de los derechos digitales (en adelante LOPDGDD) y el art\u00edculo 13 del Reglamento General de Protecci\u00f3n de Datos 2016\/679 (RGPD) le informamos de:<\/span><\/p><p class=\"p2\"><span class=\"s1\"><b>5.1.1. Identificaci\u00f3n de responsables:<\/b><\/span><\/p><p class=\"p2\"><span class=\"s1\">El responsable del tratamiento es TEIA MONER SCCL con domicilio en Palau-solit\u00e0 y Plegamans, Calle Can Mas, 1-3.<\/span><\/p><p class=\"p2\"><span class=\"s1\"><b>5.1.2. Finalidades de tratamiento y base jur\u00eddica<\/b><\/span><\/p><p class=\"p2\"><span class=\"s1\"><b>5.1.2.1. Finalidad general<\/b> Los datos que nos facilite en los formularios que encontrar\u00e1 en la web, los que nos env\u00ede a nuestra direcci\u00f3n de correo electr\u00f3nico y los que se puedan generar mientras mantenga relaci\u00f3n con el responsable del tratamiento se incorporar\u00e1n, tal y como nos los ceda, a una base de datos titularidad del responsable del tratamiento. Utilizaremos los datos para prestarle los servicios que nos solicite, para gestionar la solicitud que nos presenta, y para enviarle informaci\u00f3n de nuestras actividades por correo electr\u00f3nico o direcci\u00f3n postal. La base jur\u00eddica de este tratamiento ser\u00e1 la relaci\u00f3n que mantenga con el responsable del tratamiento y el consentimiento que otorgue al aceptar este aviso.<\/span><\/p><p class=\"p2\"><span class=\"s1\"><b>5.1.2.2. Tratamiento de im\u00e1genes<\/b><\/span><\/p><p class=\"p2\"><span class=\"s1\">El responsable del tratamiento documenta los eventos de car\u00e1cter p\u00fablico que organiza con fotograf\u00edas y v\u00eddeos con el fin de hacer difusi\u00f3n en su web o dem\u00e1s espacios de difusi\u00f3n p\u00fablica de informaci\u00f3n como son: la propia web, las redes sociales donde el responsable del tratamiento disponga de perfil creado y publicaciones propias o en prensa. Puede obtener m\u00e1s informaci\u00f3n sobre este apartado consultando la web del responsable del tratamiento o contactando con el DPO.<br \/>El tratamiento de estas im\u00e1genes est\u00e1 legitimado con el consentimiento de los afectados o en aplicaci\u00f3n del art\u00edculo 8 de la LO 1\/1982 de protecci\u00f3n del derecho al honor, la intimidad y la propia imagen.<\/span><\/p><p class=\"p2\"><span class=\"s1\"><b>5.1.3. Categor\u00edas de destinatarios<\/b><\/span><\/p><p class=\"p2\"><span class=\"s1\">Para dar cumplimiento a los anteriores fines tendr\u00e1n acceso a sus datos:<\/span><\/p><ul class=\"ul1\"><li class=\"li4\"><span class=\"s1\">El personal debidamente autorizados por la direcci\u00f3n del responsable del tratamiento.<\/span><\/li><li class=\"li4\"><span class=\"s1\">Los proveedores necesarios para dar cumplimiento a su demanda.\u00a0<\/span><\/li><li class=\"li4\"><span class=\"s1\">La administraci\u00f3n p\u00fablica en el \u00e1mbito de sus competencias.<\/span><\/li><\/ul><p class=\"p2\"><span class=\"s1\">Puede ampliar esta informaci\u00f3n consultando al DPO<\/span><\/p><p class=\"p2\"><span class=\"s1\"><b>5.1.4. Transferencia internacional de datos<\/b><\/span><\/p><p class=\"p2\"><span class=\"s1\">Por lo general, no se hacen; sin embargo, algunas actividades pueden ser difundidas en las redes sociales que constan anunciadas en nuestra web<\/span><\/p><p class=\"p2\"><span class=\"s1\"><b>5.1.5. Plazo de conservaci\u00f3n de la informaci\u00f3n<\/b><\/span><\/p><p class=\"p2\"><span class=\"s1\">El responsable del tratamiento conservar\u00e1 su informaci\u00f3n mientras no revoque el consentimiento otorgado al aceptar esta cl\u00e1usula.<\/span><\/p><p class=\"p2\"><span class=\"s1\"><b>5.1.6. Derechos como afectado<\/b><\/span><\/p><p class=\"p2\"><span class=\"s1\">Tiene derecho a acceder, rectificar, suprimir, oponerse a que sus datos se traten, a limitar el tratamiento, a pedir la portabilidad de los datos, a no ser sometido a decisiones individuales automatizadas ya revocar el consentimiento que otorgue.<br \/>Para ejercer estos derechos puede dirigirse por escrito a las direcciones del responsable del tratamiento que constan en este aviso legal, o enviar un correo electr\u00f3nico a la direcci\u00f3n contacte@teiamoner.net con el texto \u201cPROTECCI\u00d3N DE DATOS\u201d en el asunto .<\/span><\/p><p class=\"p2\"><span class=\"s1\"><b>5.1.7. Derecho de reclamaci\u00f3n<\/b><\/span><\/p><p class=\"p2\"><span class=\"s1\">El organismo competente para conocer de la correcta aplicaci\u00f3n de las normas sobre tratamiento de la informaci\u00f3n es la Autoridad Espa\u00f1ola de Protecci\u00f3n de Datos, con domicilio en Calle Jorge Juan 5.1.8. Obligaciones del afectado El afectado debe aportar informaci\u00f3n veraz y actualizada en todos los procesos de recogida de datos, siendo \u00e9l el \u00fanico responsable de la vulneraci\u00f3n de esa obligaci\u00f3n. En los formularios de recogida de datos est\u00e1n marcados los datos que son obligatorios aportar, en funci\u00f3n de la demanda que realice el afectado. La carencia de la aportaci\u00f3n de estos datos puede suponer la imposibilidad de participar de la actividad o proporcionar el servicio que se solicita.<\/span><\/p><p class=\"p2\"><span class=\"s1\"><b>5.1.9. Elaboraci\u00f3n de perfiles<\/b><\/span><\/p><p class=\"p2\"><span class=\"s1\">Con el fin de ofrecer unos servicios m\u00e1s eficientes y personalizados, TEIA MONER SCCL puede segmentar y clasificar informaci\u00f3n de los usuarios de sus servicios. En ning\u00fan caso esta acci\u00f3n se realizar\u00e1 por medios exclusivamente automatizados. En cualquier momento puede oponerse a este tratamiento de datos en los t\u00e9rminos establecidos en el art\u00edculo 21 del RGPD.<\/span><\/p><p class=\"p6\"><span class=\"s1\"><b>5.2 Consentimiento del usuario<\/b><\/span><\/p><p class=\"p2\"><span class=\"s1\">Se entiende que el usuario acepta las condiciones establecidas si pulsa el bot\u00f3n &#039;ACEPTAR&#039; que se encuentra en todos los formularios de recogida de datos, o si env\u00eda un correo electr\u00f3nico a las direcciones de contacto que figuran en la web.<\/span><\/p><p class=\"p6\"><span class=\"s1\"><b>5.3 Seguridad<\/b><\/span><\/p><p class=\"p2\"><span class=\"s1\">Los datos personales recogidos de nuestros usuarios se almacenar\u00e1n en la base de datos antes descrita, que garantiza las medidas oportunas de \u00edndole t\u00e9cnica y estructural para prevenir la integridad y seguridad de la informaci\u00f3n personal aportada, dispone de un Reglamento Interno de Seguridad y ha establecido todos los medios t\u00e9cnicos a su alcance para evitar la p\u00e9rdida, mal uso, alteraci\u00f3n, acceso no autorizado y robo de los datos que usted nos facilite, sin perjuicio de informarle de que las medidas de seguridad en Internet no son inexpugnables.<br \/><br \/>El tratamiento de datos personales est\u00e1 ajustado a la normativa establecida en el Reglamento General de Protecci\u00f3n de datos europeo.<\/span><\/p><p class=\"p6\"><span class=\"s1\"><b>5.4 Uso de direcciones IP y cookies y recogida de datos estad\u00edsticos<\/b><\/span><\/p><p class=\"p2\"><span class=\"s1\">TEIA MONER SCCL le informa que la navegaci\u00f3n de un usuario por esta web deja como rastro la direcci\u00f3n IP que le ha sido asignada por su proveedor de acceso a Internet. Esta direcci\u00f3n s\u00f3lo se utiliza para fines exclusivamente internos, como son las estad\u00edsticas de acceso al Portal.<br \/><br \/>Para la utilizaci\u00f3n de esta web, es posible que se utilicen cookies. Las cookies se asocian \u00fanicamente con el navegador de un ordenador determinado (un usuario an\u00f3nimo), y no proporcionan por s\u00ed mismas ning\u00fan dato personal del usuario. Esta web puede utilizar los siguientes tipos de cookies:<\/span><\/p><p class=\"p7\"><span class=\"s1\"><b>Cookies de an\u00e1lisis:<\/b><\/span><\/p><p class=\"p2\"><span class=\"s1\">Permiten cuantificar el n\u00famero de usuarios y as\u00ed realizar la medici\u00f3n y an\u00e1lisis estad\u00edstico de la utilizaci\u00f3n y actividad que realizan los usuarios de nuestra p\u00e1gina web, as\u00ed como elaborar de perfiles de navegaci\u00f3n de los usuarios en estas p\u00e1ginas y en nuestras aplicaciones, todo ello con el fin de introducir mejoras.<\/span><\/p><p class=\"p7\"><span class=\"s1\"><b>Cookies t\u00e9cnicas:<\/b><\/span><\/p><p class=\"p2\"><span class=\"s1\">Permiten al usuario la navegaci\u00f3n a trav\u00e9s de la p\u00e1gina web y la utilizaci\u00f3n de las diferentes opciones o servicios que en ella existen como, por ejemplo, controlar el tr\u00e1fico y la comunicaci\u00f3n de datos, identificar la sesi\u00f3n, acceder a partes de acceso restringido, recordar los elementos que integran un pedido, realizar el proceso de compra de un pedido, realizar la solicitud de inscripci\u00f3n o participaci\u00f3n en un evento, utilizar elementos de seguridad durante la navegaci\u00f3n o almacenar, difundir y\/o compartir contenidos .<\/span><\/p><p class=\"p2\"><span class=\"s1\">Concretamente se utilizan las siguientes cookies cuya informaci\u00f3n proporcionada se puede mantener un m\u00e1ximo de 38 meses:<\/span><\/p><p class=\"p7\"><span class=\"s1\"><b>Cookies propias:<\/b><\/span><\/p><ul class=\"ul1\"><li class=\"li4\"><b><\/b><span class=\"s1\"><b>PHPSESSID<\/b>: esta cookie permite guardar las variables de sesi\u00f3n del usuario en el servidor y es esencial para el funcionamiento de la web. Permite proporcionar una experiencia coherente a los usuarios registrados a la hora de comentar contenidos y crear \u201cRecorridos\u201d.<\/span><\/li><\/ul><p class=\"p7\"><span class=\"s1\"><b>Cookies de terceros:<\/b><\/span><\/p><p class=\"p2\"><span class=\"s1\">Esta web utiliza Google Analytics para realizar an\u00e1lisis estad\u00edsticos de uso de la p\u00e1gina, rutas de navegaci\u00f3n e interacciones. Esta informaci\u00f3n nos permite analizar el comportamiento y perfil de los visitantes an\u00f3nimos con el objetivo de mejorar el funcionamiento de la web. Google Analytics utiliza diferentes cookies para recoger esta informaci\u00f3n sobre la navegaci\u00f3n del usuario:<\/span><\/p><ul class=\"ul1\"><li class=\"li4\"><span class=\"s1\">\u00a0<b>_ga y _gid<\/b>: se utilizan para distinguir a los usuarios.<\/span><\/li><li class=\"li4\"><b><\/b><span class=\"s1\"><b>_gat_UA-3407172-3<\/b>: se utiliza para limitar el porcentaje de solicitudes.<\/span><\/li><li class=\"li4\"><b><\/b><span class=\"s1\"><b>__utma<\/b>: se utiliza para distinguir usuarios y sesiones.<\/span><\/li><li class=\"li4\"><b><\/b><span class=\"s1\"><b>__utmz<\/b>: almacena la fuente de tr\u00e1fico o la campa\u00f1a que indica c\u00f3mo ha llegado el usuario a la web.\u00a0<\/span><\/li><li class=\"li4\"><b><\/b><span class=\"s1\"><b>_gac_UA-3407172-3:<\/b> almacena informaci\u00f3n de las campa\u00f1as con el objetivo de proporcionar a Google Adwords una forma confiable de medir las interacciones.<\/span><\/li><li class=\"li4\"><b><\/b><span class=\"s1\"><b>1P_JAR<\/b>: se utiliza para rastrear las tasas de conversi\u00f3n.<\/span><\/li><li class=\"li4\"><b><\/b><span class=\"s1\"><b>SID, SAPISID, APISID, SSID, HSID, NID, SIDCC y CONSENTO<\/b>: registran c\u00f3mo ha llegado el usuario a la web (tr\u00e1fico directo, de referencia, campa\u00f1a publicitaria o b\u00fasqueda org\u00e1nica).<\/span><\/li><\/ul><p class=\"p2\"><span class=\"s1\">Puede acceder a la pol\u00edtica de privacidad de Google Analytics en la direcci\u00f3n:\u00a0<a href=\"http:\/\/www.google.com\/intl\/es\/analytics\/tos.html\" target=\"_blank\" rel=\"noopener\"><span class=\"s2\">http:\/\/www.google.com\/intl\/es\/analytics\/tos.html<\/span><\/a><\/span><\/p><p class=\"p2\"><span class=\"s1\">El usuario tiene la posibilidad de configurar su navegador para ser avisado en pantalla de la recepci\u00f3n de cookies y para evitar su instalaci\u00f3n en su disco duro. Todos los navegadores permiten realizar cambios con el fin de desactivar la configuraci\u00f3n de las cookies. Estos ajustes se encuentran ubicados en las opciones o preferencias del men\u00fa de su navegador. A continuaci\u00f3n podr\u00e1 encontrar los links de cada navegador para desactivar las cookies siguiendo las instrucciones:<\/span><\/p><ul class=\"ul1\"><li class=\"li8\"><a href=\"https:\/\/support.google.com\/chrome\/answer\/95647?hl=es\" target=\"_blank\" rel=\"noopener\"><span class=\"s3\">Chrome<\/span><\/a><\/li><li class=\"li8\"><a href=\"https:\/\/support.mozilla.org\/es\/kb\/cookies-informacion-que-los-sitios-web-guardan-en-\" target=\"_blank\" rel=\"noopener\"><span class=\"s3\">Firefox<\/span><\/a><\/li><li class=\"li8\"><a href=\"https:\/\/support.microsoft.com\/es-es\/help\/17442\/windows-internet-explorer-delete-manage-cookies\" target=\"_blank\" rel=\"noopener\"><span class=\"s3\">Internet Explorer<\/span><\/a><\/li><li class=\"li8\"><a href=\"https:\/\/support.apple.com\/es-es\/guide\/safari\/sfri11471\/mac\" target=\"_blank\" rel=\"noopener\"><span class=\"s3\">Safari<\/span><\/a><\/li><li class=\"li8\"><a href=\"https:\/\/support.apple.com\/es-es\/HT201265\" target=\"_blank\" rel=\"noopener\"><span class=\"s3\">iPhone, iPad<\/span><\/a><\/li><li class=\"li8\"><a href=\"https:\/\/help.opera.com\/en\/latest\/web-preferences\/#cookies\" target=\"_blank\" rel=\"noopener\"><span class=\"s3\">Opera<\/span><\/a><\/li><\/ul><p class=\"p2\"><span class=\"s1\">No obstante, le informamos que existe la posibilidad de que la desactivaci\u00f3n de alguna cookie impida o dificulte la navegaci\u00f3n o la prestaci\u00f3n de los servicios ofrecidos en esta web.<\/span><\/p><p class=\"p6\"><span class=\"s1\"><b>5.5 Enlaces<\/b><\/span><\/p><p class=\"p2\"><span class=\"s1\">Para facilitar la b\u00fasqueda de recursos que creemos que son de su inter\u00e9s, puede encontrar en esta web enlaces a otras p\u00e1ginas.<br \/><br \/>Esta pol\u00edtica de privacidad s\u00f3lo es de aplicaci\u00f3n en esta web. TEIA MONER SCCL no garantiza el cumplimiento de esta pol\u00edtica en otras webs, ni se hace responsable de los accesos mediante enlaces desde este sitio.<\/span><\/p><p class=\"p1\"><span class=\"s1\"><b>6. Modificaciones de las presentes condiciones y vigencia<\/b><\/span><\/p><p class=\"p2\"><span class=\"s1\">TEIA MONER SCCL puede modificar las presentes condiciones en cualquier momento, sin previo aviso, publicando sus modificaciones tal y como aparecen aqu\u00ed. Una vez modificadas, las presentes condiciones dejar\u00e1n de estar vigentes y ser\u00e1n sustituidas por su modificaci\u00f3n.<\/span><\/p><p class=\"p1\"><span class=\"s1\"><b>7.<span class=\"Apple-converted-space\">\u00a0 <\/span>Informaci\u00f3n adicional sobre el tratamiento de datos personales<\/b><\/span><\/p><p class=\"p2\"><span class=\"s1\">Si desea tener m\u00e1s informaci\u00f3n sobre los tratamientos de datos personales que lleva a cabo TEIA MONER SCCL puede ponerse en contacto en la direcci\u00f3n de correo electr\u00f3nico contacte@teiamoner.net<span class=\"Apple-converted-space\">\u00a0<\/span><\/span><\/p><p class=\"p2\"><span class=\"s1\">\u00a0<\/span><\/p><p class=\"p1\"><span class=\"s1\"><b>8.<span class=\"Apple-converted-space\">\u00a0 <\/span>Presentaci\u00f3n de reclamaciones<\/b><\/span><\/p><p class=\"p2\"><span class=\"s1\">La Autoridad Catalana de Protecci\u00f3n de Datos (<a href=\"http:\/\/www.apdcat.cat\/\" target=\"_blank\" rel=\"noopener\"><span class=\"s2\">www.apdcat.cat<\/span><\/a>) es el organismo supervisor que vela por el cumplimiento de la legislaci\u00f3n de protecci\u00f3n de datos en la Administraci\u00f3n P\u00fablica catalana. Si considera que TEIA MONER SCCL ha incumplido alguno de los preceptos establecidos en esta normativa puede dirigirse a ella para interponer una reclamaci\u00f3n.<\/span><\/p>\t\t\t\t\t\t<\/div>\n\t\t\t\t<\/div>\n\t\t\t\t\t<\/div>\n\t\t<\/div>\n\t\t\t\t\t<\/div>\n\t\t<\/section>\n\t\t\t\t<\/div>","protected":false},"excerpt":{"rendered":"<p>1. Identificaci\u00f3n del titular del dominio El titular de esta web \u2026 <\/p>\n<p class=\"read-more-container\"><a title=\"Aviso Legal\" class=\"read-more button\" href=\"https:\/\/www.teiamoner.net\/es\/avis-legal\/#more-6692\">seguir leyendo<span class=\"screen-reader-text\">Aviso Legal<\/span><\/a><\/p>","protected":false},"author":6,"featured_media":0,"parent":0,"menu_order":0,"comment_status":"closed","ping_status":"closed","template":"","meta":{"footnotes":""},"_links":{"self":[{"href":"https:\/\/www.teiamoner.net\/es\/wp-json\/wp\/v2\/pages\/6692"}],"collection":[{"href":"https:\/\/www.teiamoner.net\/es\/wp-json\/wp\/v2\/pages"}],"about":[{"href":"https:\/\/www.teiamoner.net\/es\/wp-json\/wp\/v2\/types\/page"}],"author":[{"embeddable":true,"href":"https:\/\/www.teiamoner.net\/es\/wp-json\/wp\/v2\/users\/6"}],"replies":[{"embeddable":true,"href":"https:\/\/www.teiamoner.net\/es\/wp-json\/wp\/v2\/comments?post=6692"}],"version-history":[{"count":4,"href":"https:\/\/www.teiamoner.net\/es\/wp-json\/wp\/v2\/pages\/6692\/revisions"}],"predecessor-version":[{"id":6696,"href":"https:\/\/www.teiamoner.net\/es\/wp-json\/wp\/v2\/pages\/6692\/revisions\/6696"}],"wp:attachment":[{"href":"https:\/\/www.teiamoner.net\/es\/wp-json\/wp\/v2\/media?parent=6692"}],"curies":[{"name":"wp","href":"https:\/\/api.w.org\/{rel}","templated":true}]}}