{"id":1465,"date":"2020-05-13T10:21:18","date_gmt":"2020-05-13T08:21:18","guid":{"rendered":"https:\/\/gpsites.co\/dev\/?page_id=1465"},"modified":"2024-06-20T10:28:01","modified_gmt":"2024-06-20T08:28:01","slug":"activitats-educatives","status":"publish","type":"page","link":"https:\/\/www.teiamoner.net\/fr\/activitats-educatives\/","title":{"rendered":"Activit\u00e9s \u00e9ducatives"},"content":{"rendered":"<div data-elementor-type=\"wp-page\" data-elementor-id=\"1465\" class=\"elementor elementor-1465\" data-elementor-post-type=\"page\">\n\t\t\t\t\t\t<section class=\"elementor-section elementor-top-section elementor-element elementor-element-33df3d3 elementor-section-boxed elementor-section-height-default elementor-section-height-default\" data-id=\"33df3d3\" data-element_type=\"section\">\n\t\t\t\t\t\t<div class=\"elementor-container elementor-column-gap-default\">\n\t\t\t\t\t<div class=\"elementor-column elementor-col-100 elementor-top-column elementor-element elementor-element-a103854\" data-id=\"a103854\" data-element_type=\"column\">\n\t\t\t<div class=\"elementor-widget-wrap\">\n\t\t\t\t\t\t\t<\/div>\n\t\t<\/div>\n\t\t\t\t\t<\/div>\n\t\t<\/section>\n\t\t\t\t<section class=\"elementor-section elementor-top-section elementor-element elementor-element-40079de elementor-section-content-middle elementor-reverse-mobile elementor-section-stretched elementor-section-boxed elementor-section-height-default elementor-section-height-default\" data-id=\"40079de\" data-element_type=\"section\" data-settings=\"{&quot;stretch_section&quot;:&quot;section-stretched&quot;,&quot;background_background&quot;:&quot;classic&quot;}\">\n\t\t\t\t\t\t<div class=\"elementor-container elementor-column-gap-default\">\n\t\t\t\t\t<div class=\"elementor-column elementor-col-50 elementor-top-column elementor-element elementor-element-b73a625\" data-id=\"b73a625\" data-element_type=\"column\">\n\t\t\t<div class=\"elementor-widget-wrap elementor-element-populated\">\n\t\t\t\t\t\t<div class=\"elementor-element elementor-element-21507bb elementor-invisible elementor-widget elementor-widget-image\" data-id=\"21507bb\" data-element_type=\"widget\" data-settings=\"{&quot;_animation&quot;:&quot;fadeInLeft&quot;}\" loading=\"lazy\" data-widget_type=\"image.default\">\n\t\t\t\t<div class=\"elementor-widget-container\">\n\t\t\t\t\t\t\t\t\t\t\t\t\t<img fetchpriority=\"high\" decoding=\"async\" width=\"500\" height=\"332\" src=\"https:\/\/www.teiamoner.net\/wp-content\/uploads\/2020\/08\/VISITES-2-baixa.jpg\" class=\"attachment-full size-full wp-image-4265\" alt=\"\" srcset=\"https:\/\/www.teiamoner.net\/wp-content\/uploads\/2020\/08\/VISITES-2-baixa.jpg 500w, https:\/\/www.teiamoner.net\/wp-content\/uploads\/2020\/08\/VISITES-2-baixa-300x199.jpg 300w\" sizes=\"(max-width: 500px) 100vw, 500px\" \/>\t\t\t\t\t\t\t\t\t\t\t\t\t<\/div>\n\t\t\t\t<\/div>\n\t\t\t\t\t<\/div>\n\t\t<\/div>\n\t\t\t\t<div class=\"elementor-column elementor-col-50 elementor-top-column elementor-element elementor-element-cb52ac9\" data-id=\"cb52ac9\" data-element_type=\"column\">\n\t\t\t<div class=\"elementor-widget-wrap elementor-element-populated\">\n\t\t\t\t\t\t<div class=\"elementor-element elementor-element-3f98bf6 elementor-widget elementor-widget-heading\" data-id=\"3f98bf6\" data-element_type=\"widget\" data-widget_type=\"heading.default\">\n\t\t\t\t<div class=\"elementor-widget-container\">\n\t\t\t<h3 class=\"elementor-heading-title elementor-size-default\">Allons dans votre centre<\/h3>\t\t<\/div>\n\t\t\t\t<\/div>\n\t\t\t\t<div class=\"elementor-element elementor-element-d0a6884 elementor-widget elementor-widget-text-editor\" data-id=\"d0a6884\" data-element_type=\"widget\" data-widget_type=\"text-editor.default\">\n\t\t\t\t<div class=\"elementor-widget-container\">\n\t\t\t\t\t\t\t<p class=\"p1\">Si vous ne pouvez pas venir visiter notre Mus\u00e9e, ne vous inqui\u00e9tez pas, nous irons \u00e0 votre \u00e9cole. Nous pouvons faire des spectacles et un petit \u00e9chantillon des marionnettes du MIT, <span style=\"text-decoration: underline;\"><strong><a href=\"https:\/\/www.mitmuseudetitelles.com\" target=\"_blank\" rel=\"noopener\">Mus\u00e9e international de la marionnette de Catalogne<\/a><\/strong><\/span><\/p><p class=\"p1\">.<\/p>\t\t\t\t\t\t<\/div>\n\t\t\t\t<\/div>\n\t\t\t\t<div class=\"elementor-element elementor-element-4bef594 elementor-align-left elementor-mobile-align-center elementor-widget elementor-widget-button\" data-id=\"4bef594\" data-element_type=\"widget\" data-widget_type=\"button.default\">\n\t\t\t\t<div class=\"elementor-widget-container\">\n\t\t\t\t\t<div class=\"elementor-button-wrapper\">\n\t\t\t<a class=\"elementor-button elementor-button-link elementor-size-sm elementor-animation-grow\" href=\"https:\/\/www.teiamoner.net\/fr\/ens-desplacem-al-vostre-centre\/\" target=\"_blank\">\n\t\t\t\t\t\t<span class=\"elementor-button-content-wrapper\">\n\t\t\t\t\t\t\t\t\t<span class=\"elementor-button-text\">Voulez-vous que nous venions?<\/span>\n\t\t\t\t\t<\/span>\n\t\t\t\t\t<\/a>\n\t\t<\/div>\n\t\t\t\t<\/div>\n\t\t\t\t<\/div>\n\t\t\t\t\t<\/div>\n\t\t<\/div>\n\t\t\t\t\t<\/div>\n\t\t<\/section>\n\t\t\t\t<section class=\"elementor-section elementor-top-section elementor-element elementor-element-a08bc27 elementor-section-content-middle elementor-reverse-mobile elementor-section-stretched elementor-section-boxed elementor-section-height-default elementor-section-height-default\" data-id=\"a08bc27\" data-element_type=\"section\" data-settings=\"{&quot;stretch_section&quot;:&quot;section-stretched&quot;,&quot;background_background&quot;:&quot;classic&quot;}\">\n\t\t\t\t\t\t<div class=\"elementor-container elementor-column-gap-default\">\n\t\t\t\t\t<div class=\"elementor-column elementor-col-50 elementor-top-column elementor-element elementor-element-885fcfd\" data-id=\"885fcfd\" data-element_type=\"column\">\n\t\t\t<div class=\"elementor-widget-wrap elementor-element-populated\">\n\t\t\t\t\t\t<div class=\"elementor-element elementor-element-81f7955 elementor-widget elementor-widget-heading\" data-id=\"81f7955\" data-element_type=\"widget\" data-widget_type=\"heading.default\">\n\t\t\t\t<div class=\"elementor-widget-container\">\n\t\t\t<h3 class=\"elementor-heading-title elementor-size-default\">Formation<\/h3>\t\t<\/div>\n\t\t\t\t<\/div>\n\t\t\t\t<div class=\"elementor-element elementor-element-c3b19b9 elementor-widget elementor-widget-text-editor\" data-id=\"c3b19b9\" data-element_type=\"widget\" data-widget_type=\"text-editor.default\">\n\t\t\t\t<div class=\"elementor-widget-container\">\n\t\t\t\t\t\t\t<p class=\"p1\">Mon exp\u00e9rience d&#039;enseignant et de marionnettiste m&#039;a permis de rechercher les pouvoirs de ces petits \u00eatres pour canaliser les \u00e9motions. J&#039;ai fait une formation dans les \u00e9coles et les universit\u00e9s. Je veux partager certains d&#039;entre eux avec vous.<\/p><p><strong>Ils peuvent \u00eatre r\u00e9alis\u00e9s en personne ou en ligne.<\/strong><\/p>\t\t\t\t\t\t<\/div>\n\t\t\t\t<\/div>\n\t\t\t\t<div class=\"elementor-element elementor-element-0f59209 elementor-align-left elementor-mobile-align-center elementor-widget elementor-widget-button\" data-id=\"0f59209\" data-element_type=\"widget\" data-widget_type=\"button.default\">\n\t\t\t\t<div class=\"elementor-widget-container\">\n\t\t\t\t\t<div class=\"elementor-button-wrapper\">\n\t\t\t<a class=\"elementor-button elementor-button-link elementor-size-sm elementor-animation-grow\" href=\"https:\/\/www.teiamoner.net\/fr\/formacio\/\" target=\"_blank\">\n\t\t\t\t\t\t<span class=\"elementor-button-content-wrapper\">\n\t\t\t\t\t\t\t\t\t<span class=\"elementor-button-text\">Voulez-vous apprendre?<\/span>\n\t\t\t\t\t<\/span>\n\t\t\t\t\t<\/a>\n\t\t<\/div>\n\t\t\t\t<\/div>\n\t\t\t\t<\/div>\n\t\t\t\t\t<\/div>\n\t\t<\/div>\n\t\t\t\t<div class=\"elementor-column elementor-col-50 elementor-top-column elementor-element elementor-element-1d8f2da\" data-id=\"1d8f2da\" data-element_type=\"column\">\n\t\t\t<div class=\"elementor-widget-wrap elementor-element-populated\">\n\t\t\t\t\t\t<div class=\"elementor-element elementor-element-bad4cb5 elementor-invisible elementor-widget elementor-widget-image\" data-id=\"bad4cb5\" data-element_type=\"widget\" data-settings=\"{&quot;_animation&quot;:&quot;fadeInRight&quot;}\" loading=\"lazy\" data-widget_type=\"image.default\">\n\t\t\t\t<div class=\"elementor-widget-container\">\n\t\t\t\t\t\t\t\t\t\t\t\t\t<img decoding=\"async\" width=\"500\" height=\"375\" src=\"https:\/\/www.teiamoner.net\/wp-content\/uploads\/2020\/08\/Formacio\u0301.jpeg\" class=\"attachment-full size-full wp-image-4268\" alt=\"\" srcset=\"https:\/\/www.teiamoner.net\/wp-content\/uploads\/2020\/08\/Formacio\u0301.jpeg 500w, https:\/\/www.teiamoner.net\/wp-content\/uploads\/2020\/08\/Formacio\u0301-300x225.jpeg 300w\" sizes=\"(max-width: 500px) 100vw, 500px\" \/>\t\t\t\t\t\t\t\t\t\t\t\t\t<\/div>\n\t\t\t\t<\/div>\n\t\t\t\t\t<\/div>\n\t\t<\/div>\n\t\t\t\t\t<\/div>\n\t\t<\/section>\n\t\t\t\t<section class=\"elementor-section elementor-top-section elementor-element elementor-element-4e7f7a1 elementor-section-content-middle elementor-reverse-mobile elementor-section-stretched elementor-section-boxed elementor-section-height-default elementor-section-height-default\" data-id=\"4e7f7a1\" data-element_type=\"section\" data-settings=\"{&quot;stretch_section&quot;:&quot;section-stretched&quot;,&quot;background_background&quot;:&quot;classic&quot;}\">\n\t\t\t\t\t\t<div class=\"elementor-container elementor-column-gap-default\">\n\t\t\t\t\t<div class=\"elementor-column elementor-col-50 elementor-top-column elementor-element elementor-element-473f164\" data-id=\"473f164\" data-element_type=\"column\">\n\t\t\t<div class=\"elementor-widget-wrap elementor-element-populated\">\n\t\t\t\t\t\t<div class=\"elementor-element elementor-element-d51395b elementor-invisible elementor-widget elementor-widget-image\" data-id=\"d51395b\" data-element_type=\"widget\" data-settings=\"{&quot;_animation&quot;:&quot;fadeInLeft&quot;}\" loading=\"lazy\" data-widget_type=\"image.default\">\n\t\t\t\t<div class=\"elementor-widget-container\">\n\t\t\t\t\t\t\t\t\t\t\t\t\t<img decoding=\"async\" width=\"500\" height=\"332\" src=\"https:\/\/www.teiamoner.net\/wp-content\/uploads\/2020\/08\/Tallers-baixa.jpg\" class=\"attachment-full size-full wp-image-4267\" alt=\"\" srcset=\"https:\/\/www.teiamoner.net\/wp-content\/uploads\/2020\/08\/Tallers-baixa.jpg 500w, https:\/\/www.teiamoner.net\/wp-content\/uploads\/2020\/08\/Tallers-baixa-300x199.jpg 300w\" sizes=\"(max-width: 500px) 100vw, 500px\" \/>\t\t\t\t\t\t\t\t\t\t\t\t\t<\/div>\n\t\t\t\t<\/div>\n\t\t\t\t\t<\/div>\n\t\t<\/div>\n\t\t\t\t<div class=\"elementor-column elementor-col-50 elementor-top-column elementor-element elementor-element-a2b13c6\" data-id=\"a2b13c6\" data-element_type=\"column\">\n\t\t\t<div class=\"elementor-widget-wrap elementor-element-populated\">\n\t\t\t\t\t\t<div class=\"elementor-element elementor-element-5a42f65 elementor-widget elementor-widget-heading\" data-id=\"5a42f65\" data-element_type=\"widget\" data-widget_type=\"heading.default\">\n\t\t\t\t<div class=\"elementor-widget-container\">\n\t\t\t<h3 class=\"elementor-heading-title elementor-size-default\">Ateliers de marionnettes<\/h3>\t\t<\/div>\n\t\t\t\t<\/div>\n\t\t\t\t<div class=\"elementor-element elementor-element-62edef3 elementor-widget elementor-widget-text-editor\" data-id=\"62edef3\" data-element_type=\"widget\" data-widget_type=\"text-editor.default\">\n\t\t\t\t<div class=\"elementor-widget-container\">\n\t\t\t\t\t\t\t<p class=\"p1\">Nous aimons construire des marionnettes et leur donner vie. Nous nous consacrons \u00e0 l&#039;un des emplois les plus merveilleux au monde depuis de nombreuses ann\u00e9es et nous voulons partager notre r\u00eave avec vous.\u00a0<\/p><p class=\"p1\">\u00a0<\/p>\t\t\t\t\t\t<\/div>\n\t\t\t\t<\/div>\n\t\t\t\t<div class=\"elementor-element elementor-element-ce26cde elementor-align-left elementor-mobile-align-center elementor-widget elementor-widget-button\" data-id=\"ce26cde\" data-element_type=\"widget\" data-widget_type=\"button.default\">\n\t\t\t\t<div class=\"elementor-widget-container\">\n\t\t\t\t\t<div class=\"elementor-button-wrapper\">\n\t\t\t<a class=\"elementor-button elementor-button-link elementor-size-sm elementor-animation-grow\" href=\"https:\/\/www.teiamoner.net\/fr\/tallers-de-construccio-de-titelles\/\" target=\"_blank\">\n\t\t\t\t\t\t<span class=\"elementor-button-content-wrapper\">\n\t\t\t\t\t\t\t\t\t<span class=\"elementor-button-text\">Informez-vous <\/span>\n\t\t\t\t\t<\/span>\n\t\t\t\t\t<\/a>\n\t\t<\/div>\n\t\t\t\t<\/div>\n\t\t\t\t<\/div>\n\t\t\t\t\t<\/div>\n\t\t<\/div>\n\t\t\t\t\t<\/div>\n\t\t<\/section>\n\t\t\t\t<\/div>","protected":false},"excerpt":{"rendered":"<p>Allons dans votre Centre. Si vous ne pouvez pas venir visiter... <\/p>\n<p class=\"read-more-container\"><a title=\"Activit\u00e9s \u00e9ducatives\" class=\"read-more button\" href=\"https:\/\/www.teiamoner.net\/fr\/activitats-educatives\/#more-1465\">Continue de lire<span class=\"screen-reader-text\">Activit\u00e9s \u00e9ducatives<\/span><\/a><\/p>","protected":false},"author":1,"featured_media":0,"parent":0,"menu_order":0,"comment_status":"closed","ping_status":"closed","template":"","meta":{"footnotes":""},"_links":{"self":[{"href":"https:\/\/www.teiamoner.net\/fr\/wp-json\/wp\/v2\/pages\/1465"}],"collection":[{"href":"https:\/\/www.teiamoner.net\/fr\/wp-json\/wp\/v2\/pages"}],"about":[{"href":"https:\/\/www.teiamoner.net\/fr\/wp-json\/wp\/v2\/types\/page"}],"author":[{"embeddable":true,"href":"https:\/\/www.teiamoner.net\/fr\/wp-json\/wp\/v2\/users\/1"}],"replies":[{"embeddable":true,"href":"https:\/\/www.teiamoner.net\/fr\/wp-json\/wp\/v2\/comments?post=1465"}],"version-history":[{"count":246,"href":"https:\/\/www.teiamoner.net\/fr\/wp-json\/wp\/v2\/pages\/1465\/revisions"}],"predecessor-version":[{"id":6752,"href":"https:\/\/www.teiamoner.net\/fr\/wp-json\/wp\/v2\/pages\/1465\/revisions\/6752"}],"wp:attachment":[{"href":"https:\/\/www.teiamoner.net\/fr\/wp-json\/wp\/v2\/media?parent=1465"}],"curies":[{"name":"wp","href":"https:\/\/api.w.org\/{rel}","templated":true}]}}