{"id":3426,"date":"2020-07-29T11:05:37","date_gmt":"2020-07-29T09:05:37","guid":{"rendered":"https:\/\/www.teiamoner.net\/?page_id=3426"},"modified":"2020-09-14T13:27:48","modified_gmt":"2020-09-14T11:27:48","slug":"qui-som","status":"publish","type":"page","link":"https:\/\/www.teiamoner.net\/fr\/qui-som\/","title":{"rendered":"Qui sommes nous"},"content":{"rendered":"<div data-elementor-type=\"wp-page\" data-elementor-id=\"3426\" class=\"elementor elementor-3426\" data-elementor-post-type=\"page\">\n\t\t\t\t\t\t<section class=\"elementor-section elementor-top-section elementor-element elementor-element-2274672 elementor-section-height-min-height elementor-section-items-bottom elementor-section-content-bottom elementor-section-stretched elementor-section-boxed elementor-section-height-default elementor-invisible\" data-id=\"2274672\" data-element_type=\"section\" data-settings=\"{&quot;background_background&quot;:&quot;classic&quot;,&quot;stretch_section&quot;:&quot;section-stretched&quot;,&quot;animation&quot;:&quot;fadeInDown&quot;}\">\n\t\t\t\t\t\t\t<div class=\"elementor-background-overlay\"><\/div>\n\t\t\t\t\t\t\t<div class=\"elementor-container elementor-column-gap-default\">\n\t\t\t\t\t<div class=\"elementor-column elementor-col-100 elementor-top-column elementor-element elementor-element-53ef24c\" data-id=\"53ef24c\" data-element_type=\"column\" data-settings=\"{&quot;background_background&quot;:&quot;classic&quot;}\">\n\t\t\t<div class=\"elementor-widget-wrap elementor-element-populated\">\n\t\t\t\t\t\t<div class=\"elementor-element elementor-element-669b52e2 elementor-widget elementor-widget-heading\" data-id=\"669b52e2\" data-element_type=\"widget\" data-widget_type=\"heading.default\">\n\t\t\t\t<div class=\"elementor-widget-container\">\n\t\t\t<h3 class=\"elementor-heading-title elementor-size-large\">MON HISTOIRE<\/h3>\t\t<\/div>\n\t\t\t\t<\/div>\n\t\t\t\t<div class=\"elementor-element elementor-element-6c58b96 elementor-widget elementor-widget-heading\" data-id=\"6c58b96\" data-element_type=\"widget\" data-widget_type=\"heading.default\">\n\t\t\t\t<div class=\"elementor-widget-container\">\n\t\t\t<h2 class=\"elementor-heading-title elementor-size-default\">Sur sc\u00e8ne et au-del\u00e0\n<\/h2>\t\t<\/div>\n\t\t\t\t<\/div>\n\t\t\t\t<div class=\"elementor-element elementor-element-ab263a6 elementor-widget elementor-widget-text-editor\" data-id=\"ab263a6\" data-element_type=\"widget\" data-widget_type=\"text-editor.default\">\n\t\t\t\t<div class=\"elementor-widget-container\">\n\t\t\t\t\t\t\t<p class=\"p1\" style=\"text-align: left;\">Je suis n\u00e9 un printemps dans le quartier Sant Antoni de Barcelone, pr\u00e8s du Paral\u00b7lel. Quand je suis malade, ma grand-m\u00e8re, qui avait jou\u00e9 \u00e0 El Molino, m&#039;a chant\u00e9 des couplets et des zarzuelas, m&#039;encourageant \u00e0 faire des duos avec elle. Ce petit et beau souvenir me laisse une marque qui me pousse petit \u00e0 petit vers le monde du show business.<\/p><p class=\"p1\">En tant que jeune homme, je travaille avec des enfants et d\u00e9couvre que j&#039;aime enseigner. Je me rends compte que je ne veux pas perdre contact avec ces \u00eatres imaginatifs pleins d&#039;imagination et je relie les deux passions de ma vie: le th\u00e9\u00e2tre et l&#039;enseignement.<\/p>\t\t\t\t\t\t<\/div>\n\t\t\t\t<\/div>\n\t\t\t\t\t<\/div>\n\t\t<\/div>\n\t\t\t\t\t<\/div>\n\t\t<\/section>\n\t\t\t\t<section class=\"elementor-section elementor-top-section elementor-element elementor-element-5f833c74 elementor-section-stretched elementor-section-full_width elementor-section-height-default elementor-section-height-default\" data-id=\"5f833c74\" data-element_type=\"section\" data-settings=\"{&quot;stretch_section&quot;:&quot;section-stretched&quot;}\">\n\t\t\t\t\t\t<div class=\"elementor-container elementor-column-gap-default\">\n\t\t\t\t\t<div class=\"elementor-column elementor-col-100 elementor-top-column elementor-element elementor-element-54cfaa5\" data-id=\"54cfaa5\" data-element_type=\"column\">\n\t\t\t<div class=\"elementor-widget-wrap elementor-element-populated\">\n\t\t\t\t\t\t<div class=\"elementor-element elementor-element-7a6a059c elementor-widget elementor-widget-text-editor\" data-id=\"7a6a059c\" data-element_type=\"widget\" data-widget_type=\"text-editor.default\">\n\t\t\t\t<div class=\"elementor-widget-container\">\n\t\t\t\t\t\t\t<p class=\"p1\">Plus tard, je fais des recherches sur la gestion des \u00e9motions \u00e0 l&#039;aide de marionnettes et j&#039;ai le privil\u00e8ge de rencontrer de grands \u00e9ducateurs et de partager nos exp\u00e9riences. <strong>Je me sens chanceux car en m\u00eame temps je continue \u00e0 \u00eatre actrice, magicienne, marionnettiste et clown<\/strong>,<span class=\"Apple-converted-space\">\u00a0 <\/span>cr\u00e9er des spectacles inspir\u00e9s de mon imagination. Les deux amours professionnelles sont nourries ensemble.<\/p><p class=\"p2\">Parce que je suis un \u00e2ne agit\u00e9, je collabore avec des t\u00e9l\u00e9visions, des artistes et de grandes entreprises pour d\u00e9couvrir une fa\u00e7on diff\u00e9rente de travailler. <em><strong>Tout le monde ne fait pas tout, tout le monde ne sait pas tout! <\/strong><\/em>cela me donne mati\u00e8re \u00e0 r\u00e9flexion et vers les ann\u00e9es 90, j&#039;int\u00e8gre des professionnels sp\u00e9cialis\u00e9s dans la compagnie et nous sommes le premier groupe petit format pour tous les publics \u00e0 travailler avec des experts du th\u00e9\u00e2tre.<\/p><p class=\"p2\"><strong>J&#039;aime les choses qui te donnent de la lumi\u00e8re, m\u00eame si le jour est nuageux.<\/strong> Pour moi, la magie en fait partie. Apr\u00e8s une repr\u00e9sentation j&#039;ai une pens\u00e9e qui va changer une partie de mon destin, <strong>&quot;<\/strong><i><strong>Les femmes ont besoin d&#039;une voix plus forte dans le monde de la magie souvent sexiste.<\/strong>,<\/i> et j&#039;ose monter un \u00e9v\u00e9nement unique au monde: <strong>LADY, Festival international des dames magiques.<\/strong><\/p>\t\t\t\t\t\t<\/div>\n\t\t\t\t<\/div>\n\t\t\t\t<section class=\"elementor-section elementor-inner-section elementor-element elementor-element-66490d16 elementor-section-height-min-height elementor-section-content-bottom elementor-section-full_width elementor-section-height-default elementor-invisible\" data-id=\"66490d16\" data-element_type=\"section\" data-settings=\"{&quot;animation&quot;:&quot;fadeInUp&quot;}\">\n\t\t\t\t\t\t<div class=\"elementor-container elementor-column-gap-wider\">\n\t\t\t\t\t<div class=\"elementor-column elementor-col-50 elementor-inner-column elementor-element elementor-element-780bc815\" data-id=\"780bc815\" data-element_type=\"column\" data-settings=\"{&quot;background_background&quot;:&quot;classic&quot;}\">\n\t\t\t<div class=\"elementor-widget-wrap elementor-element-populated\">\n\t\t\t\t\t\t<div class=\"elementor-element elementor-element-48c9805f elementor-widget elementor-widget-heading\" data-id=\"48c9805f\" data-element_type=\"widget\" data-widget_type=\"heading.default\">\n\t\t\t\t<div class=\"elementor-widget-container\">\n\t\t\t<h4 class=\"elementor-heading-title elementor-size-default\">Malgr\u00e9 ma surdit\u00e9 croissante, je m&#039;adapte \u00e0 la situation, je fais un pas en avant et j&#039;apprends la langue des signes pour raconter des histoires et les int\u00e9grer dans mes \u00e9missions. En m\u00eame temps je lance un nouveau projet avec des danseurs que j&#039;appr\u00e9cie \u00e0 l&#039;infini: cr\u00e9ation et mise en sc\u00e8ne <strong>du Th\u00e9\u00e2tre visuel d&#039;Addaura.<\/strong><\/h4>\t\t<\/div>\n\t\t\t\t<\/div>\n\t\t\t\t\t<\/div>\n\t\t<\/div>\n\t\t\t\t<div class=\"elementor-column elementor-col-50 elementor-inner-column elementor-element elementor-element-4dfb0221\" data-id=\"4dfb0221\" data-element_type=\"column\" data-settings=\"{&quot;background_background&quot;:&quot;classic&quot;}\">\n\t\t\t<div class=\"elementor-widget-wrap elementor-element-populated\">\n\t\t\t\t\t\t<div class=\"elementor-element elementor-element-adc7771 elementor-widget elementor-widget-heading\" data-id=\"adc7771\" data-element_type=\"widget\" data-widget_type=\"heading.default\">\n\t\t\t\t<div class=\"elementor-widget-container\">\n\t\t\t<h4 class=\"elementor-heading-title elementor-size-large\">Je verse mon exp\u00e9rience dans la production d&#039;\u00e9missions sans paroles qui remportent plusieurs prix. Je me contente d&#039;\u00e9crire les scripts des \u0153uvres, j&#039;aime \u00e9crire des articles d&#039;opinion et des essais sur l&#039;\u00e9ducation. Pour moi, \u00e9crire est un plaisir. Le moment est venu pour un autre d\u00e9fi: le premier roman, <strong>&quot;Entre la magie&quot;.<\/strong>\n\n<\/h4>\t\t<\/div>\n\t\t\t\t<\/div>\n\t\t\t\t\t<\/div>\n\t\t<\/div>\n\t\t\t\t\t<\/div>\n\t\t<\/section>\n\t\t\t\t<div class=\"elementor-element elementor-element-5096242 elementor-widget elementor-widget-text-editor\" data-id=\"5096242\" data-element_type=\"widget\" data-widget_type=\"text-editor.default\">\n\t\t\t\t<div class=\"elementor-widget-container\">\n\t\t\t\t\t\t\t<p class=\"p1\" style=\"text-align: center;\">Merci grand-m\u00e8re pour ton m\u00e9dicament qui a gu\u00e9ri mon \u00e2me et qui, au fil des ann\u00e9es, m&#039;a amen\u00e9 \u00e0 \u00eatre qui je suis: une femme courageuse et une artiste comme toi.<\/p><p class=\"p1\" style=\"text-align: center;\">Maintenant, je sais que mon esprit cr\u00e9atif ne cessera jamais de craquer.<\/p>\t\t\t\t\t\t<\/div>\n\t\t\t\t<\/div>\n\t\t\t\t<div class=\"elementor-element elementor-element-36a1657 elementor-align-center elementor-widget elementor-widget-button\" data-id=\"36a1657\" data-element_type=\"widget\" data-settings=\"{&quot;_animation&quot;:&quot;none&quot;,&quot;_animation_delay&quot;:200}\" data-widget_type=\"button.default\">\n\t\t\t\t<div class=\"elementor-widget-container\">\n\t\t\t\t\t<div class=\"elementor-button-wrapper\">\n\t\t\t<a class=\"elementor-button elementor-button-link elementor-size-sm elementor-animation-grow\" href=\"https:\/\/www.teiamoner.net\/fr\/curriculum\/\" target=\"_blank\">\n\t\t\t\t\t\t<span class=\"elementor-button-content-wrapper\">\n\t\t\t\t\t\t\t\t\t<span class=\"elementor-button-text\">Veut en savoir plus?<\/span>\n\t\t\t\t\t<\/span>\n\t\t\t\t\t<\/a>\n\t\t<\/div>\n\t\t\t\t<\/div>\n\t\t\t\t<\/div>\n\t\t\t\t\t<\/div>\n\t\t<\/div>\n\t\t\t\t\t<\/div>\n\t\t<\/section>\n\t\t\t\t<section class=\"elementor-section elementor-top-section elementor-element elementor-element-2cfd617 elementor-section-boxed elementor-section-height-default elementor-section-height-default\" data-id=\"2cfd617\" data-element_type=\"section\">\n\t\t\t\t\t\t<div class=\"elementor-container elementor-column-gap-default\">\n\t\t\t\t\t<div class=\"elementor-column elementor-col-100 elementor-top-column elementor-element elementor-element-5b652d9\" data-id=\"5b652d9\" data-element_type=\"column\">\n\t\t\t<div class=\"elementor-widget-wrap elementor-element-populated\">\n\t\t\t\t\t\t<div class=\"elementor-element elementor-element-8d21e42 elementor-align-center elementor-widget elementor-widget-button\" data-id=\"8d21e42\" data-element_type=\"widget\" data-settings=\"{&quot;_animation&quot;:&quot;none&quot;,&quot;_animation_delay&quot;:200}\" data-widget_type=\"button.default\">\n\t\t\t\t<div class=\"elementor-widget-container\">\n\t\t\t\t\t<div class=\"elementor-button-wrapper\">\n\t\t\t<a class=\"elementor-button elementor-button-link elementor-size-sm elementor-animation-grow\" href=\"https:\/\/www.teiamoner.net\/fr\/contacte\/\" target=\"_blank\">\n\t\t\t\t\t\t<span class=\"elementor-button-content-wrapper\">\n\t\t\t\t\t\t\t\t\t<span class=\"elementor-button-text\">en contact avec nous<\/span>\n\t\t\t\t\t<\/span>\n\t\t\t\t\t<\/a>\n\t\t<\/div>\n\t\t\t\t<\/div>\n\t\t\t\t<\/div>\n\t\t\t\t\t<\/div>\n\t\t<\/div>\n\t\t\t\t\t<\/div>\n\t\t<\/section>\n\t\t\t\t<\/div>","protected":false},"excerpt":{"rendered":"<p>MON HISTOIRE Sur sc\u00e8ne et au-del\u00e0, je suis n\u00e9 un\u2026 <\/p>\n<p class=\"read-more-container\"><a title=\"Qui sommes nous\" class=\"read-more button\" href=\"https:\/\/www.teiamoner.net\/fr\/qui-som\/#more-3426\">Continue de lire<span class=\"screen-reader-text\">Qui sommes nous<\/span><\/a><\/p>","protected":false},"author":1,"featured_media":0,"parent":0,"menu_order":0,"comment_status":"closed","ping_status":"closed","template":"","meta":{"footnotes":""},"_links":{"self":[{"href":"https:\/\/www.teiamoner.net\/fr\/wp-json\/wp\/v2\/pages\/3426"}],"collection":[{"href":"https:\/\/www.teiamoner.net\/fr\/wp-json\/wp\/v2\/pages"}],"about":[{"href":"https:\/\/www.teiamoner.net\/fr\/wp-json\/wp\/v2\/types\/page"}],"author":[{"embeddable":true,"href":"https:\/\/www.teiamoner.net\/fr\/wp-json\/wp\/v2\/users\/1"}],"replies":[{"embeddable":true,"href":"https:\/\/www.teiamoner.net\/fr\/wp-json\/wp\/v2\/comments?post=3426"}],"version-history":[{"count":62,"href":"https:\/\/www.teiamoner.net\/fr\/wp-json\/wp\/v2\/pages\/3426\/revisions"}],"predecessor-version":[{"id":6425,"href":"https:\/\/www.teiamoner.net\/fr\/wp-json\/wp\/v2\/pages\/3426\/revisions\/6425"}],"wp:attachment":[{"href":"https:\/\/www.teiamoner.net\/fr\/wp-json\/wp\/v2\/media?parent=3426"}],"curies":[{"name":"wp","href":"https:\/\/api.w.org\/{rel}","templated":true}]}}