{"id":3718,"date":"2020-08-18T18:37:15","date_gmt":"2020-08-18T16:37:15","guid":{"rendered":"https:\/\/www.teiamoner.net\/?page_id=3718"},"modified":"2023-01-21T17:12:30","modified_gmt":"2023-01-21T16:12:30","slug":"curriculum","status":"publish","type":"page","link":"https:\/\/www.teiamoner.net\/fr\/curriculum\/","title":{"rendered":"Curriculum"},"content":{"rendered":"<div data-elementor-type=\"wp-page\" data-elementor-id=\"3718\" class=\"elementor elementor-3718\" data-elementor-post-type=\"page\">\n\t\t\t\t\t\t<section class=\"elementor-section elementor-top-section elementor-element elementor-element-db3c124 elementor-section-boxed elementor-section-height-default elementor-section-height-default\" data-id=\"db3c124\" data-element_type=\"section\">\n\t\t\t\t\t\t<div class=\"elementor-container elementor-column-gap-default\">\n\t\t\t\t\t<div class=\"elementor-column elementor-col-100 elementor-top-column elementor-element elementor-element-44a8d9d\" data-id=\"44a8d9d\" data-element_type=\"column\">\n\t\t\t<div class=\"elementor-widget-wrap elementor-element-populated\">\n\t\t\t\t\t\t<div class=\"elementor-element elementor-element-b508365 elementor-widget elementor-widget-text-editor\" data-id=\"b508365\" data-element_type=\"widget\" data-widget_type=\"text-editor.default\">\n\t\t\t\t<div class=\"elementor-widget-container\">\n\t\t\t\t\t\t\t<div class=\"page\" title=\"Page 1\"><div class=\"layoutArea\"><div class=\"column\"><h3>\u00a0<\/h3><h3 class=\"p1\"><b>1. Cursus p\u00e9dagogique professionnel et en tant qu'\u00e9crivain :<\/b><\/h3><\/div><div><ul><li class=\"p1 translation-block\">Enseignante et p\u00e9dagogue th\u00e9rapeute<\/li><li class=\"p1\">Th\u00e9rapeute technique en \u00e9ducation \u00e9motionnelle<\/li><li class=\"p1\">Direction et Gestion des Centres<\/li><li class=\"p1\">Professeur de catalan<\/li><li class=\"p1\">\u00c9crivain<\/li><li class=\"p1\">Formateur d'enseignants. GLACE. Universit\u00e9 autonome de Barcelone.<span class=\"Apple-converted-space\">\u00a0<\/span><\/li><li class=\"p2\">Organisateur avec l'ICE de l'UB de la Conf\u00e9rence sur les marionnettes, la th\u00e9rapie et l'\u00e9ducation, qui s'est tenue en Espagne. 2008, 2010 et 2012. Universit\u00e9 de Barcelone. Et avec l'Institut del Teatre et IF Barcelona 2014 et 2016.<span class=\"Apple-converted-space\">\u00a0<\/span><\/li><li class=\"p2\">Professeur associ\u00e9 Universit\u00e9 de Lleida et Universit\u00e9 de Barcelone<\/li><li class=\"p2\">Il donne g\u00e9n\u00e9ralement des conf\u00e9rences sur l'\u00e9ducation (Espagne, France, Canada\u2026)<\/li><li class=\"p2\">Repr\u00e9sentant de l'Espagne \u00e0 la FIMS (F\u00e9d\u00e9ration internationale de la marionnette et de la sant\u00e9)<\/li><li class=\"p1\">Formation d'\u00e9crivain<\/li><li class=\"p1\">2015\u00a0: Deux cours de contes pour adultes avec Gemma Lienas<\/li><li class=\"p1\">2015-17 : Narrative 1 et 2. \u00c9cole d'\u00e9criture Ateneu Barcelon\u00e8s.<span class=\"Apple-converted-space\">\u00a0<\/span><\/li><li class=\"p1\">Enseignant : Manel de la Rosa<\/li><li class=\"p1\">2016-18 : Roman 1 et 2. \u00c9cole d'\u00e9criture Ateneu Barcelon\u00e8s.<span class=\"Apple-converted-space\">\u00a0<\/span><\/li><li class=\"p1\">Enseignant: Melcior Comes<\/li><li class=\"p1\">2017-18: \u00c9criture et style. \u00c9cole d'\u00e9criture Ateneu Barcelon\u00e8s.<span class=\"Apple-converted-space\">\u00a0<\/span><\/li><li class=\"p1\">Enseignant : Jordi Garc\u00eda.<\/li><li class=\"p1\">2018-19 : Fin du projet. Ecole d'Ecriture Ateneu Barcelon\u00e8s.<span class=\"Apple-converted-space\">\u00a0<\/span><\/li><li class=\"p1\">Professeur: Jaume C. Pons Alorda<\/li><li class=\"p1\">2019-20 : Tutorat personnalis\u00e9. Ecole d'\u00e9criture Ateneu Barcelon\u00e8s.<span class=\"Apple-converted-space\">\u00a0<\/span><\/li><li class=\"p1\">Enseignant : Manel de la Rosa<\/li><\/ul><div>\u00a0<\/div><\/div><div class=\"column\"><h3 class=\"p1\"><b>2. Curriculum vitae en tant que professionnel du spectacle:<\/b><\/h3><p class=\"p1\"><strong>2.1. Quarante et un ans en tant que professionnel du spectacle.<\/strong><\/p><ul><li class=\"p1 translation-block\">Technique \u00e9cole allemande de marionnettes. Albrech Roser.<\/li><li class=\"p1 translation-block\">Technique \u00e9cole allemande de marionnettes. Albrech Roser.<\/li><li class=\"p1 translation-block\">Cours sur la th\u00e9orie de la marionnette. Heryk Yurkosky.<\/li><li class=\"p1 translation-block\">Technique \u00e9cole anglaise de marionnettes. H.V. Tozer.<\/li><li class=\"p1\">Travailler avec Teatro Laboratorio di Figura. Florence.<\/li><li class=\"p1 translation-block\">Travail de clown avec Fritello (Allemagne) et Roy Bossier.<\/li><li class=\"p1 translation-block\">Travailler avec des Comediants<\/li><li class=\"p1\">La magie fonctionne avec le Magic Andreu<\/li><li class=\"p1 translation-block\">Cours de cin\u00e9ma et d'animation avec de la p\u00e2te \u00e0 modeler. Albert Gil<\/li><\/ul><p class=\"p1\"><strong>2.2. Fondation de la troupe de th\u00e9\u00e2tre ELS FARSANTS. 1979<\/strong><\/p><p class=\"p1\">Cr\u00e9ateur du premier spectacle d'animation en mousse organis\u00e9 en Espagne. 1985<\/p><p class=\"p1 translation-block\">2.3. Fondation de la compagnie th\u00e9\u00e2trale NESSUN DORMA.<\/p><p class=\"p1\"><strong>Cr\u00e9ation des deux premiers spectacles :<\/strong><\/p><ul><li class=\"p1\">NINOTARIUM<\/li><li class=\"p1\">AVEC QUIXOTE NOUS SOMMES TROMP\u00c9S<\/li><\/ul><p class=\"p1\"><strong>2.4. Mise en sc\u00e8ne, marionnettes et sc\u00e9nographie commune du spectacle<span class=\"Apple-converted-space\">\u00a0<\/span><\/strong><\/p><p class=\"p1\">\u00abANTHOLOGIE\u00bb par Jordi Bertran<\/p><p class=\"p1\"><strong>2.5. T\u00e9l\u00e9visions<\/strong><\/p><ul><li class=\"p1 translation-block\">Collaboration avec l'\u00e9mission TV2 \u00abSopa de Lletres\u00bb<\/li><li class=\"p1\">Collaboration avec l'\u00e9mission TV3 \"Vindrem a sopar\"<\/li><li class=\"p1\">Programme TVE. \u00abTiroir en cas de catastrophe\u00bb<\/li><li class=\"p1\">Euskal Televista TV<\/li><li class=\"p1\">Programme TV2 \"Alicia\"<\/li><li class=\"p1\">T\u00e9l\u00e9vision japonaise. Projet Fuji Incorpor\u00e9 92<\/li><li class=\"p1\">Programme de la Cha\u00eene 33\u00a0: Nydia<span class=\"Apple-converted-space\">\u00a0<\/span> Nydia<span class=\"Apple-converted-space\">\u00a0<\/span><\/li><\/ul><p class=\"p1\"><strong>2.6. Centre dramatique de la Generalitat de Catalunya.<\/strong> \u00ab DUROS A QUATRE PESSETES \u00bb de Santiago Rusi\u00f1ol. 1988<\/p><p class=\"p1\"><strong>2.7. Orchestre de Chambre du Th\u00e9\u00e2tre Libre de Barcelone.<\/strong> \u00ab RETABLE DE MAESE PEDRO \u00bb de Manuel de Falla. 1989<\/p><p class=\"p1\"><strong>2.8. Collaborateur du magazine ENTREACTE.<\/strong> Association des acteurs et metteurs en sc\u00e8ne professionnels de Catalogne.<\/p><p class=\"p1\"><strong>2.9. Travail avec les r\u00e9alisateurs:<\/strong> Carme Portacelli, Ignasi Roda, Joan Anguera, Joan Baixas, Joan Guillen, Joan Busquets, Miquel Espinosa<\/p><p class=\"p1\"><strong>2.10. Collaborations:<\/strong><span class=\"Apple-converted-space\">\u00a0 <\/span>Magazine p\u00e9dagogique GUIX<\/p><p class=\"p1\"><strong>2.11. En tant que photographe r\u00e9alisant des reportages photographiques dans: <\/strong>El Pa\u00eds et le magazine J.20<\/p><p class=\"p1\"><strong>2.12.<span class=\"Apple-converted-space\">\u00a0 <\/span>2.12. TEIA MONER cia montre:<\/strong><\/p><ul><li class=\"p1 translation-block\">1993 - QUELLE B\u00caTE ! Prix \u200b\u200bde l'ing\u00e9niosit\u00e9 et de l'originalit\u00e9 1996. D\u00e9cern\u00e9 par l'Association des acteurs. Th\u00e9\u00e2tre d'Artenbrut. T\u00e9l\u00e9vision de Barcelone. Public adulte<\/li><li class=\"p1 translation-block\">1994 - LES ENFANTS DU SOLEIL. Prix \u200b\u200bRialles 1993. Tous Publics. Collaboration du D\u00e9partement de la Culture de la Generalitat de Catalunya.<\/li><li class=\"p1 translation-block\">1995 - R\u00c9CEPTIONS. Tous les publics. Collaboration du D\u00e9partement de la Culture de la Generalitat de Catalunya.<\/li><li class=\"p1 translation-block\">1998 - NYAM ! . Public adulte. Collaboration du D\u00e9partement de la Culture de la Generalitat de Catalunya. Minist\u00e8re des Affaires sociales d'Andorre. Mus\u00e9e Gav\u00e0<\/li><li class=\"p1\">1999 &#8211;<span class=\"Apple-converted-space\">\u00a0 <\/span>HISTOIRES TELLURICES. Tous les publics<\/li><li class=\"p1 translation-block\">2000 - Remplacement AVEC QUICHOTTE NOUS AVONS TROUBL\u00c9. Tous les publics. Collaboration du D\u00e9partement de la Culture de la Generalitat de Catalunya.<\/li><li class=\"p1\">2000<span class=\"s4\"><span class=\"Apple-converted-space\">\u00a0 <\/span>&#8211;<span class=\"Apple-converted-space\">\u00a0<\/span><\/span> Exposition 21 ans de \u00abTi Teias\u00bb<\/li><li class=\"p4\">2001 - R\u00caVE D'UNE NUIT D'\u00c9T\u00c9. Prix \u200b\u200bRouge 2000. Tous Publics <span class=\"s3\">Prix du r\u00e9seau 2000<\/span>. Tous les publics<\/li><li class=\"p4\">2002 - NE PRENEZ PAS MON NUM\u00c9RO. Tous les publics<\/li><li class=\"p4\">2003 - A L'OMBRE D'EN PATUFET. Tous les publics<\/li><li class=\"p4\">2004-2009 - D\u00e9marrage d'ateliers mobiles de marionnettes<span class=\"Apple-converted-space\">\u00a0<\/span><\/li><li class=\"p1 translation-block\">2004 - MAGIE MINIMALE. Public adulte. Collaboration du D\u00e9partement de la Culture de la Generalitat de Catalunya. Coproduction m\u00e9diterran\u00e9enne. Foire aux racines traditionnelles de Manresa. Prix \u200b\u200bSp\u00e9cial Cr\u00e9ativit\u00e9 2010. Festival de Marionnettes Vall d'Albaida.<\/li><li class=\"p1 translation-block\">2006 - CHEFS. Tous publics. Collaboration INAEM et ICIC, D\u00e9partement de Culture de la Generalitat de Catalunya. Prix \u200b\u200bdu public Fundaci\u00f3 Xarxa de Corbera de Llobregat 2017<\/li><li class=\"p1\">2007 - HISTOIRES DANS L'OMBRE. Tous publics. Collaboration ICIC, D\u00e9partement de la Culture de la Generalitat de Catalunya.<\/li><li class=\"p1\">2009 - GALAXIS. Tous les publics. Collaboration ICIC, D\u00e9partement de la Culture de la Generalitat de Catalunya.<\/li><li class=\"p1\">2011 - BROSSE-VOUS. Tous les publics. Collaboration Palau-solit\u00e0 i Plegamans Mairie.<\/li><li class=\"p1 translation-block\">2011 - AVEC LETTRE MINUSCULE. De Jaume Cela. Public familial. Collaboration du D\u00e9partement de la Culture de la Generalitat de Catalu\u00f1a.<\/li><li class=\"p1 translation-block\">2011 - JETONS MONER DE CIRQUE. Public familial. Collaboration du D\u00e9partement de la Culture de la Generalitat de Catalu\u00f1a.<\/li><li class=\"p1\">2011 - MA\u00ceTRES DE MAGIE. Public familial. Gala magique partag\u00e9 avec Aliskim, Enric Magoo, Brando et Silvana, et M\u00e0gic Sergio.<\/li><li class=\"p1\">2017 - BROSSE-VOUS. D'apr\u00e8s les travaux de Joan Brossa. R\u00e9alisation et fabrication. TH\u00c9\u00c2TRE VISUEL CIA ADDAURA. Avec le soutien de la Fondation Joan Brossa. Collaboration ICEC, D\u00e9partement de Culture de la Generalitat de Catalunya<span class=\"Apple-converted-space\">\u00a0 <\/span>ICEC, D\u00e9partement de la Culture de la Generalitat de Catalunya<\/li><li class=\"p5\">Finaliste aux MAX AWARDS 2018<\/li><li class=\"p1\">2013 - FEMMES MAGIQUES EN GALA. Gala magique partag\u00e9 avec Silvana, May Closa et Addaura magic dance<\/li><li class=\"p1\">2015 - MOBILUS. D'apr\u00e8s les travaux d'Alexander Calder. R\u00e9alisation et fabrication. TH\u00c9\u00c2TRE VISUEL CIA ADDAURA. Nomin\u00e9 aux MAX AWARDS 2017 <span class=\"s6\">Nomin\u00e9 pour les MAX AWARDS 2017<\/span><\/li><li class=\"p1\">2015 - HISTOIRES DE GLACE. Contes de l'Arctique \u00e0 l'Antarctique. Public familial<\/li><li class=\"p1\">2016 - SOUS L'OMBRE BROSSIAN. Conte et atelier sur Joan Brossa. Avec le soutien de la Fondation Joan Brossa. Public familial.<\/li><li class=\"p1 translation-block\">2018 - TROPIC. Contes des Tropiques d'auteurs qui habitent ces lieux. Public familial. Collaboration ICEC, D\u00e9partement de Culture de la Generalitat de Catalunya<\/li><li class=\"p1 translation-block\">2019 - KL\u00c9. D'apr\u00e8s les travaux de Paul Klee. R\u00e9alisation et fabrication. TH\u00c9\u00c2TRE VISUEL CIA ADDAURA. Public familial. Collaboration ICEC, D\u00e9partement de Culture de la Generalitat de Catalunya<\/li><li class=\"p1\">2020 - GIANNI. Inspir\u00e9 des histoires de Gianni Rodari. Public familial<\/li><\/ul><p class=\"p1\"><strong>2.13. Construction des marionnettes et ombres du spectacle:\u00a0 <\/strong>&quot;COULEURS&quot; de<span class=\"Apple-converted-space\">\u00a0<\/span>Xavier Mariscal<\/p><p class=\"p1\"><strong>2.14. Construction de marionnettes pour le spectacle:<\/strong>\u00a0 \u00abTINA, LA WITCH FINE\u00bb de T\u00e0bata Teatre<\/p><p class=\"p9\"><strong>2.15. Cin\u00e9ma : BARCELONE, HISTOIRE D'UNE NUIT. CECC<\/strong><\/p><p class=\"p9\"><strong>2.16. R\u00e9compenses:<span class=\"Apple-converted-space\">\u00a0<\/span><\/strong><\/p><ul><li class=\"p10\">Prix SGAE 1996 pour l&#039;ing\u00e9niosit\u00e9 et l&#039;originalit\u00e9. ARTENBRUT et BTV<\/li><li class=\"p10\">Prix du rire 1993<\/li><li class=\"p10\">Prix du r\u00e9seau 2000<\/li><li class=\"p11\">PRIX SP\u00c9CIAL POUR LA CR\u00c9ATIVIT\u00c9. Festival de marionnettes de La Vall d&#039;Albaida 2010<\/li><li class=\"p11\">PRIX DU PUBLIC Fondation R\u00e9seau Corbera de Llobregat 2017<\/li><li class=\"p11\">MENTION HONORAIRE DU FESTIVAL INTERNATIONAL DE MAGIE LE-CHANG 2018<span class=\"Apple-converted-space\">\u00a0<\/span><\/li><li class=\"p11\">NOMINATION aux MAX Awards 2017<\/li><li class=\"p11 translation-block\">FINALISTE aux MAX AWARDS 2018<\/li><li class=\"p11 translation-block\">PRIX D'HONNEUR INTERNATIONAL MEDIAMAGIC MAGIC FESTIVAL 2021<\/li><li class=\"p11\">PRIX HONORIFIQUE FESTIVAL INTERNATIONAL \"LA TITELLADA\" 2021<\/li><li>Finaliste ARC Awards 2022<\/li><\/ul><p class=\"p10\"><strong>2.17. Directeur Artistique du DAMA, Festival International des Dames de Magie \u00e0 Terrassa<\/strong> (spectacles de magie r\u00e9alis\u00e9s par des femmes).<span class=\"Apple-converted-space\"> \u00a0<\/span>2006-2007-2008-2009-2010-2011-2012-14- 2019<\/p><p class=\"p10\"><strong>2.18. Membre du groupe:\u00a0<\/strong> MASTERS OF MAGIC<\/p><p class=\"p10\"><strong>2.19. Directeur artistique et producteur de la compagnie ADDAURA TEATRE VISUAL<\/strong><\/p><p class=\"p10\"><strong>2.20. En tant qu'\u00e9crivain adulte:<\/strong><\/p><p class=\"p9\"><strong>Roman:<\/strong><span class=\"Apple-converted-space\">\u00a0<\/span><\/p><p class=\"p9\">ENTRE LA MAGIE. Avec l'aide de l'OSIC du D\u00e9partement de la Culture de la Generalitat de Catalunya 2020.<span class=\"Apple-converted-space\">\u00a0<\/span><\/p><p class=\"p9\"><strong>Essai de p\u00e9dagogie:<\/strong><\/p><p class=\"p14\">LES MARIONNETTES SONT SP\u00c9CIALES 2006. Avec l'aide du D\u00e9partement de l'\u00c9ducation de la Generalitat de Catalunya.<\/p><p class=\"p9\"><strong>Th\u00e9\u00e2tre pour adultes:<\/strong><\/p><ul><li class=\"p15 translation-block\">TU ES UNE B\u00caTE! Prix \u200b\u200bde l'ing\u00e9niosit\u00e9 et de l'originalit\u00e9 1996. D\u00e9cern\u00e9 par l'Association des acteurs. Th\u00e9\u00e2tre d'Artenbrut. T\u00e9l\u00e9vision de Barcelone<\/li><li class=\"p9 translation-block\">NYAM\u00a0! . Public adulte. Collaboration du D\u00e9partement de la Culture de la Generalitat de Catalunya. Minist\u00e8re des Affaires sociales d'Andorre. Mus\u00e9e Gav\u00e0.<\/li><li class=\"p1 translation-block\">MAGIE MINIMALE. Public adulte. Collaboration du D\u00e9partement de la Culture de la Generalitat de Catalunya. Coproduction m\u00e9diterran\u00e9enne. Foire aux racines traditionnelles de Manresa. Prix \u200b\u200bSp\u00e9cial Cr\u00e9ativit\u00e9 2010. Festival de Marionnettes Vall d'Albaida.<\/li><\/ul><p class=\"p10\"><strong>2.21. En tant qu'\u00e9crivain pour un public familial :\u00a0 <\/strong>Quarante scripts th\u00e9\u00e2traux<\/p><\/div><\/div><\/div>\t\t\t\t\t\t<\/div>\n\t\t\t\t<\/div>\n\t\t\t\t\t<\/div>\n\t\t<\/div>\n\t\t\t\t\t<\/div>\n\t\t<\/section>\n\t\t\t\t<\/div>","protected":false},"excerpt":{"rendered":"<p>\u00a0 1. Curriculum p\u00e9dagogique professionnel et en tant qu&#039;\u00e9crivain : Enseignant... <\/p>\n<p class=\"read-more-container\"><a title=\"Curriculum\" class=\"read-more button\" href=\"https:\/\/www.teiamoner.net\/fr\/curriculum\/#more-3718\">Continue de lire<span class=\"screen-reader-text\">Curriculum<\/span><\/a><\/p>","protected":false},"author":1,"featured_media":0,"parent":0,"menu_order":0,"comment_status":"closed","ping_status":"closed","template":"","meta":{"footnotes":""},"_links":{"self":[{"href":"https:\/\/www.teiamoner.net\/fr\/wp-json\/wp\/v2\/pages\/3718"}],"collection":[{"href":"https:\/\/www.teiamoner.net\/fr\/wp-json\/wp\/v2\/pages"}],"about":[{"href":"https:\/\/www.teiamoner.net\/fr\/wp-json\/wp\/v2\/types\/page"}],"author":[{"embeddable":true,"href":"https:\/\/www.teiamoner.net\/fr\/wp-json\/wp\/v2\/users\/1"}],"replies":[{"embeddable":true,"href":"https:\/\/www.teiamoner.net\/fr\/wp-json\/wp\/v2\/comments?post=3718"}],"version-history":[{"count":20,"href":"https:\/\/www.teiamoner.net\/fr\/wp-json\/wp\/v2\/pages\/3718\/revisions"}],"predecessor-version":[{"id":6682,"href":"https:\/\/www.teiamoner.net\/fr\/wp-json\/wp\/v2\/pages\/3718\/revisions\/6682"}],"wp:attachment":[{"href":"https:\/\/www.teiamoner.net\/fr\/wp-json\/wp\/v2\/media?parent=3718"}],"curies":[{"name":"wp","href":"https:\/\/api.w.org\/{rel}","templated":true}]}}