{"id":4213,"date":"2020-08-28T07:47:29","date_gmt":"2020-08-28T05:47:29","guid":{"rendered":"https:\/\/www.teiamoner.net\/?page_id=4213"},"modified":"2024-06-20T10:32:28","modified_gmt":"2024-06-20T08:32:28","slug":"festival-internacional-dama","status":"publish","type":"page","link":"https:\/\/www.teiamoner.net\/fr\/festival-internacional-dama\/","title":{"rendered":"Festival International DAMA"},"content":{"rendered":"<div data-elementor-type=\"wp-page\" data-elementor-id=\"4213\" class=\"elementor elementor-4213\" data-elementor-post-type=\"page\">\n\t\t\t\t\t\t<section class=\"elementor-section elementor-top-section elementor-element elementor-element-79a66f0 elementor-section-boxed elementor-section-height-default elementor-section-height-default\" data-id=\"79a66f0\" data-element_type=\"section\">\n\t\t\t\t\t\t<div class=\"elementor-container elementor-column-gap-default\">\n\t\t\t\t\t<div class=\"elementor-column elementor-col-100 elementor-top-column elementor-element elementor-element-3c36c5c\" data-id=\"3c36c5c\" data-element_type=\"column\">\n\t\t\t<div class=\"elementor-widget-wrap elementor-element-populated\">\n\t\t\t\t\t\t<div class=\"elementor-element elementor-element-7eca1c7 elementor-widget elementor-widget-heading\" data-id=\"7eca1c7\" data-element_type=\"widget\" data-widget_type=\"heading.default\">\n\t\t\t\t<div class=\"elementor-widget-container\">\n\t\t\t<h2 class=\"elementor-heading-title elementor-size-default\"><a href=\"https:\/\/www.teiamoner.net\/fr\/contacte\/\" target=\"_blank\">DAMA<\/a><\/h2>\t\t<\/div>\n\t\t\t\t<\/div>\n\t\t\t\t<div class=\"elementor-element elementor-element-4a9f8a1 elementor-widget elementor-widget-heading\" data-id=\"4a9f8a1\" data-element_type=\"widget\" data-widget_type=\"heading.default\">\n\t\t\t\t<div class=\"elementor-widget-container\">\n\t\t\t<h4 class=\"elementor-heading-title elementor-size-default\"><a href=\"https:\/\/www.teiamoner.net\/fr\/contacte\/\" target=\"_blank\">FESTIVAL INTERNATIONAL DES FEMMES DE MAGIE<\/a><\/h4>\t\t<\/div>\n\t\t\t\t<\/div>\n\t\t\t\t<div class=\"elementor-element elementor-element-21e88c2 elementor-widget elementor-widget-text-editor\" data-id=\"21e88c2\" data-element_type=\"widget\" data-widget_type=\"text-editor.default\">\n\t\t\t\t<div class=\"elementor-widget-container\">\n\t\t\t\t\t\t\t<p class=\"p1\">En tant que femme, je dois m&#039;autonomiser dans des emplois qui sont principalement occup\u00e9s par des hommes. L&#039;un d&#039;eux est magique.<\/p><p class=\"p1\">Un art dans lequel nous avons \u00e9t\u00e9 rel\u00e9gu\u00e9s au r\u00f4le d&#039;aides et qui opposons notre veto \u00e0 notre entr\u00e9e dans des soci\u00e9t\u00e9s magiques depuis de nombreuses ann\u00e9es.<\/p><p class=\"p1\">La cr\u00e9ation du <strong>DAMA<\/strong>, dans lequel des magiciens de partout peuvent montrer notre art in\u00e9dit, a \u00e9t\u00e9 un projet dont je suis le plus satisfait.<\/p><p class=\"p1\">Depuis ses d\u00e9buts, la pr\u00e9sence de dames magiques a augment\u00e9 dans le monde de la magie et en tant que festival, nous avons \u00e9t\u00e9 <strong>nomin\u00e9 pour les International Magic Awards de l&#039;Argentine et invit\u00e9s \u00e0 l&#039;\u00e9mission Criss Angel TV \u00e0 Las Vegas.<\/strong><\/p>\t\t\t\t\t\t<\/div>\n\t\t\t\t<\/div>\n\t\t\t\t<div class=\"elementor-element elementor-element-38b6f2a elementor-widget elementor-widget-text-editor\" data-id=\"38b6f2a\" data-element_type=\"widget\" data-widget_type=\"text-editor.default\">\n\t\t\t\t<div class=\"elementor-widget-container\">\n\t\t\t\t\t\t\t<p style=\"text-align: center;\"><a href=\"https:\/\/damesmagiques.com\/\" target=\"_blank\" rel=\"noopener\">Cliquez ici pour aller sur le web<\/a><\/p>\t\t\t\t\t\t<\/div>\n\t\t\t\t<\/div>\n\t\t\t\t\t<\/div>\n\t\t<\/div>\n\t\t\t\t\t<\/div>\n\t\t<\/section>\n\t\t\t\t<section class=\"elementor-section elementor-top-section elementor-element elementor-element-dca180c elementor-section-boxed elementor-section-height-default elementor-section-height-default\" data-id=\"dca180c\" data-element_type=\"section\">\n\t\t\t\t\t\t<div class=\"elementor-container elementor-column-gap-default\">\n\t\t\t\t\t<div class=\"elementor-column elementor-col-100 elementor-top-column elementor-element elementor-element-3056471\" data-id=\"3056471\" data-element_type=\"column\">\n\t\t\t<div class=\"elementor-widget-wrap elementor-element-populated\">\n\t\t\t\t\t\t<div class=\"elementor-element elementor-element-39e2bfa elementor-widget elementor-widget-gallery\" data-id=\"39e2bfa\" data-element_type=\"widget\" data-settings=\"{&quot;gallery_layout&quot;:&quot;justified&quot;,&quot;gap&quot;:{&quot;unit&quot;:&quot;px&quot;,&quot;size&quot;:0,&quot;sizes&quot;:[]},&quot;lazyload&quot;:&quot;yes&quot;,&quot;ideal_row_height&quot;:{&quot;unit&quot;:&quot;px&quot;,&quot;size&quot;:200,&quot;sizes&quot;:[]},&quot;ideal_row_height_tablet&quot;:{&quot;unit&quot;:&quot;px&quot;,&quot;size&quot;:150,&quot;sizes&quot;:[]},&quot;ideal_row_height_mobile&quot;:{&quot;unit&quot;:&quot;px&quot;,&quot;size&quot;:150,&quot;sizes&quot;:[]},&quot;gap_tablet&quot;:{&quot;unit&quot;:&quot;px&quot;,&quot;size&quot;:10,&quot;sizes&quot;:[]},&quot;gap_mobile&quot;:{&quot;unit&quot;:&quot;px&quot;,&quot;size&quot;:10,&quot;sizes&quot;:[]},&quot;link_to&quot;:&quot;file&quot;,&quot;overlay_background&quot;:&quot;yes&quot;,&quot;content_hover_animation&quot;:&quot;fade-in&quot;}\" data-widget_type=\"gallery.default\">\n\t\t\t\t<div class=\"elementor-widget-container\">\n\t\t\t\t\t<div class=\"elementor-gallery__container\">\n\t\t\t\t\t\t\t<a class=\"e-gallery-item elementor-gallery-item elementor-animated-content\" href=\"https:\/\/www.teiamoner.net\/wp-content\/uploads\/2020\/08\/DAMA2019-1.jpg\" data-elementor-open-lightbox=\"yes\" data-elementor-lightbox-slideshow=\"39e2bfa\" data-elementor-lightbox-title=\"Imprimir\" data-e-action-hash=\"#elementor-action%3Aaction%3Dlightbox%26settings%3DeyJpZCI6NDQ3MywidXJsIjoiaHR0cHM6XC9cL3d3dy50ZWlhbW9uZXIubmV0XC93cC1jb250ZW50XC91cGxvYWRzXC8yMDIwXC8wOFwvREFNQTIwMTktMS5qcGciLCJzbGlkZXNob3ciOiIzOWUyYmZhIn0%3D\">\n\t\t\t\t\t<div class=\"e-gallery-image elementor-gallery-item__image\" data-thumbnail=\"https:\/\/www.teiamoner.net\/wp-content\/uploads\/2020\/08\/DAMA2019-1.jpg\" data-width=\"494\" data-height=\"700\" aria-label=\"\" role=\"img\" ><\/div>\n\t\t\t\t\t\t\t\t\t\t\t<div class=\"elementor-gallery-item__overlay\"><\/div>\n\t\t\t\t\t\t\t\t\t\t\t\t\t\t<\/a>\n\t\t\t\t\t\t\t<a class=\"e-gallery-item elementor-gallery-item elementor-animated-content\" href=\"https:\/\/www.teiamoner.net\/wp-content\/uploads\/2020\/08\/DAMA2014-1.jpg\" data-elementor-open-lightbox=\"yes\" data-elementor-lightbox-slideshow=\"39e2bfa\" data-elementor-lightbox-title=\"DAMA2014\" data-e-action-hash=\"#elementor-action%3Aaction%3Dlightbox%26settings%3DeyJpZCI6NDQ3MiwidXJsIjoiaHR0cHM6XC9cL3d3dy50ZWlhbW9uZXIubmV0XC93cC1jb250ZW50XC91cGxvYWRzXC8yMDIwXC8wOFwvREFNQTIwMTQtMS5qcGciLCJzbGlkZXNob3ciOiIzOWUyYmZhIn0%3D\">\n\t\t\t\t\t<div class=\"e-gallery-image elementor-gallery-item__image\" data-thumbnail=\"https:\/\/www.teiamoner.net\/wp-content\/uploads\/2020\/08\/DAMA2014-1.jpg\" data-width=\"495\" data-height=\"700\" aria-label=\"\" role=\"img\" ><\/div>\n\t\t\t\t\t\t\t\t\t\t\t<div class=\"elementor-gallery-item__overlay\"><\/div>\n\t\t\t\t\t\t\t\t\t\t\t\t\t\t<\/a>\n\t\t\t\t\t\t\t<a class=\"e-gallery-item elementor-gallery-item elementor-animated-content\" href=\"https:\/\/www.teiamoner.net\/wp-content\/uploads\/2020\/08\/DAMA2012-1.jpg\" data-elementor-open-lightbox=\"yes\" data-elementor-lightbox-slideshow=\"39e2bfa\" data-elementor-lightbox-title=\"DAMA2012\" data-e-action-hash=\"#elementor-action%3Aaction%3Dlightbox%26settings%3DeyJpZCI6NDQ3MSwidXJsIjoiaHR0cHM6XC9cL3d3dy50ZWlhbW9uZXIubmV0XC93cC1jb250ZW50XC91cGxvYWRzXC8yMDIwXC8wOFwvREFNQTIwMTItMS5qcGciLCJzbGlkZXNob3ciOiIzOWUyYmZhIn0%3D\">\n\t\t\t\t\t<div class=\"e-gallery-image elementor-gallery-item__image\" data-thumbnail=\"https:\/\/www.teiamoner.net\/wp-content\/uploads\/2020\/08\/DAMA2012-1.jpg\" data-width=\"333\" data-height=\"700\" aria-label=\"\" role=\"img\" ><\/div>\n\t\t\t\t\t\t\t\t\t\t\t<div class=\"elementor-gallery-item__overlay\"><\/div>\n\t\t\t\t\t\t\t\t\t\t\t\t\t\t<\/a>\n\t\t\t\t\t\t\t<a class=\"e-gallery-item elementor-gallery-item elementor-animated-content\" href=\"https:\/\/www.teiamoner.net\/wp-content\/uploads\/2020\/08\/DAMA2011-1.jpg\" data-elementor-open-lightbox=\"yes\" data-elementor-lightbox-slideshow=\"39e2bfa\" data-elementor-lightbox-title=\"DAMA2011\" data-e-action-hash=\"#elementor-action%3Aaction%3Dlightbox%26settings%3DeyJpZCI6NDQ3MCwidXJsIjoiaHR0cHM6XC9cL3d3dy50ZWlhbW9uZXIubmV0XC93cC1jb250ZW50XC91cGxvYWRzXC8yMDIwXC8wOFwvREFNQTIwMTEtMS5qcGciLCJzbGlkZXNob3ciOiIzOWUyYmZhIn0%3D\">\n\t\t\t\t\t<div class=\"e-gallery-image elementor-gallery-item__image\" data-thumbnail=\"https:\/\/www.teiamoner.net\/wp-content\/uploads\/2020\/08\/DAMA2011-1.jpg\" data-width=\"495\" data-height=\"700\" aria-label=\"\" role=\"img\" ><\/div>\n\t\t\t\t\t\t\t\t\t\t\t<div class=\"elementor-gallery-item__overlay\"><\/div>\n\t\t\t\t\t\t\t\t\t\t\t\t\t\t<\/a>\n\t\t\t\t\t\t\t<a class=\"e-gallery-item elementor-gallery-item elementor-animated-content\" href=\"https:\/\/www.teiamoner.net\/wp-content\/uploads\/2020\/08\/DAMA2010-1.jpg\" data-elementor-open-lightbox=\"yes\" data-elementor-lightbox-slideshow=\"39e2bfa\" data-elementor-lightbox-title=\"DAMA2010\" data-e-action-hash=\"#elementor-action%3Aaction%3Dlightbox%26settings%3DeyJpZCI6NDQ2OSwidXJsIjoiaHR0cHM6XC9cL3d3dy50ZWlhbW9uZXIubmV0XC93cC1jb250ZW50XC91cGxvYWRzXC8yMDIwXC8wOFwvREFNQTIwMTAtMS5qcGciLCJzbGlkZXNob3ciOiIzOWUyYmZhIn0%3D\">\n\t\t\t\t\t<div class=\"e-gallery-image elementor-gallery-item__image\" data-thumbnail=\"https:\/\/www.teiamoner.net\/wp-content\/uploads\/2020\/08\/DAMA2010-1.jpg\" data-width=\"466\" data-height=\"700\" aria-label=\"\" role=\"img\" ><\/div>\n\t\t\t\t\t\t\t\t\t\t\t<div class=\"elementor-gallery-item__overlay\"><\/div>\n\t\t\t\t\t\t\t\t\t\t\t\t\t\t<\/a>\n\t\t\t\t\t\t\t<a class=\"e-gallery-item elementor-gallery-item elementor-animated-content\" href=\"https:\/\/www.teiamoner.net\/wp-content\/uploads\/2020\/08\/DAMA2009-1.jpg\" data-elementor-open-lightbox=\"yes\" data-elementor-lightbox-slideshow=\"39e2bfa\" data-elementor-lightbox-title=\"DAMA2009\" data-e-action-hash=\"#elementor-action%3Aaction%3Dlightbox%26settings%3DeyJpZCI6NDQ2OCwidXJsIjoiaHR0cHM6XC9cL3d3dy50ZWlhbW9uZXIubmV0XC93cC1jb250ZW50XC91cGxvYWRzXC8yMDIwXC8wOFwvREFNQTIwMDktMS5qcGciLCJzbGlkZXNob3ciOiIzOWUyYmZhIn0%3D\">\n\t\t\t\t\t<div class=\"e-gallery-image elementor-gallery-item__image\" data-thumbnail=\"https:\/\/www.teiamoner.net\/wp-content\/uploads\/2020\/08\/DAMA2009-1.jpg\" data-width=\"467\" data-height=\"700\" aria-label=\"\" role=\"img\" ><\/div>\n\t\t\t\t\t\t\t\t\t\t\t<div class=\"elementor-gallery-item__overlay\"><\/div>\n\t\t\t\t\t\t\t\t\t\t\t\t\t\t<\/a>\n\t\t\t\t\t\t\t<a class=\"e-gallery-item elementor-gallery-item elementor-animated-content\" href=\"https:\/\/www.teiamoner.net\/wp-content\/uploads\/2020\/08\/DAMA2008-1.jpg\" data-elementor-open-lightbox=\"yes\" data-elementor-lightbox-slideshow=\"39e2bfa\" data-elementor-lightbox-title=\"DAMA2008\" data-e-action-hash=\"#elementor-action%3Aaction%3Dlightbox%26settings%3DeyJpZCI6NDQ2NywidXJsIjoiaHR0cHM6XC9cL3d3dy50ZWlhbW9uZXIubmV0XC93cC1jb250ZW50XC91cGxvYWRzXC8yMDIwXC8wOFwvREFNQTIwMDgtMS5qcGciLCJzbGlkZXNob3ciOiIzOWUyYmZhIn0%3D\">\n\t\t\t\t\t<div class=\"e-gallery-image elementor-gallery-item__image\" data-thumbnail=\"https:\/\/www.teiamoner.net\/wp-content\/uploads\/2020\/08\/DAMA2008-1.jpg\" data-width=\"417\" data-height=\"700\" aria-label=\"\" role=\"img\" ><\/div>\n\t\t\t\t\t\t\t\t\t\t\t<div class=\"elementor-gallery-item__overlay\"><\/div>\n\t\t\t\t\t\t\t\t\t\t\t\t\t\t<\/a>\n\t\t\t\t\t\t\t<a class=\"e-gallery-item elementor-gallery-item elementor-animated-content\" href=\"https:\/\/www.teiamoner.net\/wp-content\/uploads\/2020\/08\/DAMA2007-1.jpg\" data-elementor-open-lightbox=\"yes\" data-elementor-lightbox-slideshow=\"39e2bfa\" data-elementor-lightbox-title=\"DAMA2007\" data-e-action-hash=\"#elementor-action%3Aaction%3Dlightbox%26settings%3DeyJpZCI6NDQ2NiwidXJsIjoiaHR0cHM6XC9cL3d3dy50ZWlhbW9uZXIubmV0XC93cC1jb250ZW50XC91cGxvYWRzXC8yMDIwXC8wOFwvREFNQTIwMDctMS5qcGciLCJzbGlkZXNob3ciOiIzOWUyYmZhIn0%3D\">\n\t\t\t\t\t<div class=\"e-gallery-image elementor-gallery-item__image\" data-thumbnail=\"https:\/\/www.teiamoner.net\/wp-content\/uploads\/2020\/08\/DAMA2007-1.jpg\" data-width=\"495\" data-height=\"700\" aria-label=\"\" role=\"img\" ><\/div>\n\t\t\t\t\t\t\t\t\t\t\t<div class=\"elementor-gallery-item__overlay\"><\/div>\n\t\t\t\t\t\t\t\t\t\t\t\t\t\t<\/a>\n\t\t\t\t\t\t\t<a class=\"e-gallery-item elementor-gallery-item elementor-animated-content\" href=\"https:\/\/www.teiamoner.net\/wp-content\/uploads\/2020\/08\/DAMA2006-1.jpg\" data-elementor-open-lightbox=\"yes\" data-elementor-lightbox-slideshow=\"39e2bfa\" data-elementor-lightbox-title=\"DAMA2006\" data-e-action-hash=\"#elementor-action%3Aaction%3Dlightbox%26settings%3DeyJpZCI6NDQ2NSwidXJsIjoiaHR0cHM6XC9cL3d3dy50ZWlhbW9uZXIubmV0XC93cC1jb250ZW50XC91cGxvYWRzXC8yMDIwXC8wOFwvREFNQTIwMDYtMS5qcGciLCJzbGlkZXNob3ciOiIzOWUyYmZhIn0%3D\">\n\t\t\t\t\t<div class=\"e-gallery-image elementor-gallery-item__image\" data-thumbnail=\"https:\/\/www.teiamoner.net\/wp-content\/uploads\/2020\/08\/DAMA2006-1.jpg\" data-width=\"500\" data-height=\"700\" aria-label=\"\" role=\"img\" ><\/div>\n\t\t\t\t\t\t\t\t\t\t\t<div class=\"elementor-gallery-item__overlay\"><\/div>\n\t\t\t\t\t\t\t\t\t\t\t\t\t\t<\/a>\n\t\t\t\t\t<\/div>\n\t\t\t<\/div>\n\t\t\t\t<\/div>\n\t\t\t\t\t<\/div>\n\t\t<\/div>\n\t\t\t\t\t<\/div>\n\t\t<\/section>\n\t\t\t\t<section class=\"elementor-section elementor-top-section elementor-element elementor-element-d8c2c93 elementor-section-boxed elementor-section-height-default elementor-section-height-default\" data-id=\"d8c2c93\" data-element_type=\"section\">\n\t\t\t\t\t\t<div class=\"elementor-container elementor-column-gap-default\">\n\t\t\t\t\t<div class=\"elementor-column elementor-col-100 elementor-top-column elementor-element elementor-element-2cac903\" data-id=\"2cac903\" data-element_type=\"column\">\n\t\t\t<div class=\"elementor-widget-wrap elementor-element-populated\">\n\t\t\t\t\t\t<div class=\"elementor-element elementor-element-4b62617 elementor-align-center elementor-widget elementor-widget-button\" data-id=\"4b62617\" data-element_type=\"widget\" data-settings=\"{&quot;_animation&quot;:&quot;none&quot;,&quot;_animation_delay&quot;:200}\" data-widget_type=\"button.default\">\n\t\t\t\t<div class=\"elementor-widget-container\">\n\t\t\t\t\t<div class=\"elementor-button-wrapper\">\n\t\t\t<a class=\"elementor-button elementor-button-link elementor-size-sm elementor-animation-grow\" href=\"https:\/\/www.teiamoner.net\/fr\/contacte\/\" target=\"_blank\">\n\t\t\t\t\t\t<span class=\"elementor-button-content-wrapper\">\n\t\t\t\t\t\t\t\t\t<span class=\"elementor-button-text\">en contact avec nous<\/span>\n\t\t\t\t\t<\/span>\n\t\t\t\t\t<\/a>\n\t\t<\/div>\n\t\t\t\t<\/div>\n\t\t\t\t<\/div>\n\t\t\t\t\t<\/div>\n\t\t<\/div>\n\t\t\t\t\t<\/div>\n\t\t<\/section>\n\t\t\t\t<\/div>","protected":false},"excerpt":{"rendered":"<p>LADIES INTERNATIONAL MAGIC LADIES FESTIVAL En tant que femme, j&#039;ai besoin\u2026 <\/p>\n<p class=\"read-more-container\"><a title=\"Festival International DAMA\" class=\"read-more button\" href=\"https:\/\/www.teiamoner.net\/fr\/festival-internacional-dama\/#more-4213\">Continue de lire<span class=\"screen-reader-text\">Festival International DAMA<\/span><\/a><\/p>","protected":false},"author":1,"featured_media":0,"parent":0,"menu_order":0,"comment_status":"closed","ping_status":"closed","template":"","meta":{"footnotes":""},"_links":{"self":[{"href":"https:\/\/www.teiamoner.net\/fr\/wp-json\/wp\/v2\/pages\/4213"}],"collection":[{"href":"https:\/\/www.teiamoner.net\/fr\/wp-json\/wp\/v2\/pages"}],"about":[{"href":"https:\/\/www.teiamoner.net\/fr\/wp-json\/wp\/v2\/types\/page"}],"author":[{"embeddable":true,"href":"https:\/\/www.teiamoner.net\/fr\/wp-json\/wp\/v2\/users\/1"}],"replies":[{"embeddable":true,"href":"https:\/\/www.teiamoner.net\/fr\/wp-json\/wp\/v2\/comments?post=4213"}],"version-history":[{"count":11,"href":"https:\/\/www.teiamoner.net\/fr\/wp-json\/wp\/v2\/pages\/4213\/revisions"}],"predecessor-version":[{"id":6755,"href":"https:\/\/www.teiamoner.net\/fr\/wp-json\/wp\/v2\/pages\/4213\/revisions\/6755"}],"wp:attachment":[{"href":"https:\/\/www.teiamoner.net\/fr\/wp-json\/wp\/v2\/media?parent=4213"}],"curies":[{"name":"wp","href":"https:\/\/api.w.org\/{rel}","templated":true}]}}