{"id":4301,"date":"2020-08-30T11:42:43","date_gmt":"2020-08-30T09:42:43","guid":{"rendered":"https:\/\/www.teiamoner.net\/?page_id=4301"},"modified":"2024-06-20T19:26:01","modified_gmt":"2024-06-20T17:26:01","slug":"museu-internacional-del-titella","status":"publish","type":"page","link":"https:\/\/www.teiamoner.net\/fr\/museu-internacional-del-titella\/","title":{"rendered":"Mus\u00e9e international de la marionnette du MIT de Catalogne"},"content":{"rendered":"<div data-elementor-type=\"wp-page\" data-elementor-id=\"4301\" class=\"elementor elementor-4301\" data-elementor-post-type=\"page\">\n\t\t\t\t\t\t<section class=\"elementor-section elementor-top-section elementor-element elementor-element-6837603 elementor-section-height-min-height elementor-section-items-bottom elementor-section-content-bottom elementor-section-stretched elementor-section-boxed elementor-section-height-default\" data-id=\"6837603\" data-element_type=\"section\" data-settings=\"{&quot;background_background&quot;:&quot;classic&quot;,&quot;stretch_section&quot;:&quot;section-stretched&quot;,&quot;animation&quot;:&quot;none&quot;}\">\n\t\t\t\t\t\t\t<div class=\"elementor-background-overlay\"><\/div>\n\t\t\t\t\t\t\t<div class=\"elementor-container elementor-column-gap-default\">\n\t\t\t\t\t<div class=\"elementor-column elementor-col-100 elementor-top-column elementor-element elementor-element-d3afd42\" data-id=\"d3afd42\" data-element_type=\"column\" data-settings=\"{&quot;background_background&quot;:&quot;classic&quot;}\">\n\t\t\t<div class=\"elementor-widget-wrap elementor-element-populated\">\n\t\t\t\t\t\t<div class=\"elementor-element elementor-element-54a1131 elementor-widget elementor-widget-heading\" data-id=\"54a1131\" data-element_type=\"widget\" data-widget_type=\"heading.default\">\n\t\t\t\t<div class=\"elementor-widget-container\">\n\t\t\t<h2 class=\"elementor-heading-title elementor-size-default\">MUS\u00c9E INTERNATIONAL DE LA MARIONNETTE DE CATALOGNE\n<\/h2>\t\t<\/div>\n\t\t\t\t<\/div>\n\t\t\t\t<div class=\"elementor-element elementor-element-049daeb elementor-widget elementor-widget-text-editor\" data-id=\"049daeb\" data-element_type=\"widget\" data-widget_type=\"text-editor.default\">\n\t\t\t\t<div class=\"elementor-widget-container\">\n\t\t\t\t\t\t\tBienvenue au MIT, un espace de d\u00e9couverte et de connaissance collective. \n\t\t\t\t\t\t<\/div>\n\t\t\t\t<\/div>\n\t\t\t\t\t<\/div>\n\t\t<\/div>\n\t\t\t\t\t<\/div>\n\t\t<\/section>\n\t\t\t\t<section class=\"elementor-section elementor-top-section elementor-element elementor-element-88af9ef elementor-section-content-middle elementor-reverse-mobile elementor-section-stretched elementor-section-boxed elementor-section-height-default elementor-section-height-default\" data-id=\"88af9ef\" data-element_type=\"section\" data-settings=\"{&quot;stretch_section&quot;:&quot;section-stretched&quot;,&quot;background_background&quot;:&quot;classic&quot;}\">\n\t\t\t\t\t\t<div class=\"elementor-container elementor-column-gap-default\">\n\t\t\t\t\t<div class=\"elementor-column elementor-col-100 elementor-top-column elementor-element elementor-element-b597629\" data-id=\"b597629\" data-element_type=\"column\" data-settings=\"{&quot;background_background&quot;:&quot;classic&quot;}\">\n\t\t\t<div class=\"elementor-widget-wrap elementor-element-populated\">\n\t\t\t\t\t\t<div class=\"elementor-element elementor-element-227d9d3 elementor-widget elementor-widget-image\" data-id=\"227d9d3\" data-element_type=\"widget\" data-widget_type=\"image.default\">\n\t\t\t\t<div class=\"elementor-widget-container\">\n\t\t\t\t\t\t\t\t\t\t\t\t\t<img fetchpriority=\"high\" decoding=\"async\" width=\"1024\" height=\"256\" src=\"https:\/\/www.teiamoner.net\/wp-content\/uploads\/2024\/06\/mit_negre-6000x1500-px-1-copia-2-1024x256.png\" class=\"attachment-large size-large wp-image-6767\" alt=\"\" srcset=\"https:\/\/www.teiamoner.net\/wp-content\/uploads\/2024\/06\/mit_negre-6000x1500-px-1-copia-2-1024x256.png 1024w, https:\/\/www.teiamoner.net\/wp-content\/uploads\/2024\/06\/mit_negre-6000x1500-px-1-copia-2-300x75.png 300w, https:\/\/www.teiamoner.net\/wp-content\/uploads\/2024\/06\/mit_negre-6000x1500-px-1-copia-2-768x192.png 768w, https:\/\/www.teiamoner.net\/wp-content\/uploads\/2024\/06\/mit_negre-6000x1500-px-1-copia-2-1536x384.png 1536w, https:\/\/www.teiamoner.net\/wp-content\/uploads\/2024\/06\/mit_negre-6000x1500-px-1-copia-2-2048x512.png 2048w, https:\/\/www.teiamoner.net\/wp-content\/uploads\/2024\/06\/mit_negre-6000x1500-px-1-copia-2-18x5.png 18w\" sizes=\"(max-width: 1024px) 100vw, 1024px\" \/>\t\t\t\t\t\t\t\t\t\t\t\t\t<\/div>\n\t\t\t\t<\/div>\n\t\t\t\t<div class=\"elementor-element elementor-element-ea7bcbd elementor-widget-divider--view-line elementor-widget elementor-widget-divider\" data-id=\"ea7bcbd\" data-element_type=\"widget\" data-widget_type=\"divider.default\">\n\t\t\t\t<div class=\"elementor-widget-container\">\n\t\t\t\t\t<div class=\"elementor-divider\">\n\t\t\t<span class=\"elementor-divider-separator\">\n\t\t\t\t\t\t<\/span>\n\t\t<\/div>\n\t\t\t\t<\/div>\n\t\t\t\t<\/div>\n\t\t\t\t<div class=\"elementor-element elementor-element-b4a769f elementor-widget__width-initial elementor-widget elementor-widget-text-editor\" data-id=\"b4a769f\" data-element_type=\"widget\" data-widget_type=\"text-editor.default\">\n\t\t\t\t<div class=\"elementor-widget-container\">\n\t\t\t\t\t\t\t<p class=\"p1\">Il\u00a0<b>MIT<\/b>\u00a0est un projet n\u00e9 de la main d&#039;une femme cr\u00e9ative, <strong>Teia Moner<\/strong>, et se veut \u00eatre un point de rencontre du monde de la marionnette et un lieu o\u00f9 convergent toutes les disciplines des arts sc\u00e9niques, visuels et plastiques, de la tradition \u00e0 l&#039;avant-garde.<\/p>\t\t\t\t\t\t<\/div>\n\t\t\t\t<\/div>\n\t\t\t\t<div class=\"elementor-element elementor-element-7a4a2d8 elementor-align-center elementor-tablet-align-center elementor-widget elementor-widget-button\" data-id=\"7a4a2d8\" data-element_type=\"widget\" data-widget_type=\"button.default\">\n\t\t\t\t<div class=\"elementor-widget-container\">\n\t\t\t\t\t<div class=\"elementor-button-wrapper\">\n\t\t\t<a class=\"elementor-button elementor-button-link elementor-size-md elementor-animation-grow\" href=\"https:\/\/www.mitmuseudetitelles.com\" target=\"_blank\" rel=\"noopener\">\n\t\t\t\t\t\t<span class=\"elementor-button-content-wrapper\">\n\t\t\t\t\t\t\t\t\t<span class=\"elementor-button-text\">Visitez-nous sur le site Web du MIT<\/span>\n\t\t\t\t\t<\/span>\n\t\t\t\t\t<\/a>\n\t\t<\/div>\n\t\t\t\t<\/div>\n\t\t\t\t<\/div>\n\t\t\t\t\t<\/div>\n\t\t<\/div>\n\t\t\t\t\t<\/div>\n\t\t<\/section>\n\t\t\t\t<section class=\"elementor-section elementor-top-section elementor-element elementor-element-e647e6e elementor-section-content-middle elementor-reverse-mobile elementor-section-stretched elementor-section-boxed elementor-section-height-default elementor-section-height-default\" data-id=\"e647e6e\" data-element_type=\"section\" data-settings=\"{&quot;stretch_section&quot;:&quot;section-stretched&quot;,&quot;background_background&quot;:&quot;classic&quot;}\">\n\t\t\t\t\t\t<div class=\"elementor-container elementor-column-gap-default\">\n\t\t\t\t\t<div class=\"elementor-column elementor-col-100 elementor-top-column elementor-element elementor-element-69db45c elementor-invisible\" data-id=\"69db45c\" data-element_type=\"column\" data-settings=\"{&quot;animation&quot;:&quot;fadeInLeft&quot;}\">\n\t\t\t<div class=\"elementor-widget-wrap elementor-element-populated\">\n\t\t\t\t\t\t<div class=\"elementor-element elementor-element-4569145 elementor-invisible elementor-widget elementor-widget-image\" data-id=\"4569145\" data-element_type=\"widget\" data-settings=\"{&quot;_animation&quot;:&quot;fadeInRight&quot;}\" loading=\"lazy\" data-widget_type=\"image.default\">\n\t\t\t\t<div class=\"elementor-widget-container\">\n\t\t\t\t\t\t\t\t\t\t\t\t\t\t<a href=\"https:\/\/www.teiamoner.net\/fr\/museu-de-titelles\/\" target=\"_blank\">\n\t\t\t\t\t\t\t<img decoding=\"async\" width=\"2000\" height=\"747\" src=\"https:\/\/www.teiamoner.net\/wp-content\/uploads\/2022\/04\/IMG20211025102755-01.jpg\" class=\"attachment-full size-full wp-image-6437\" alt=\"\" srcset=\"https:\/\/www.teiamoner.net\/wp-content\/uploads\/2022\/04\/IMG20211025102755-01.jpg 2000w, https:\/\/www.teiamoner.net\/wp-content\/uploads\/2022\/04\/IMG20211025102755-01-300x112.jpg 300w, https:\/\/www.teiamoner.net\/wp-content\/uploads\/2022\/04\/IMG20211025102755-01-1024x382.jpg 1024w, https:\/\/www.teiamoner.net\/wp-content\/uploads\/2022\/04\/IMG20211025102755-01-768x287.jpg 768w, https:\/\/www.teiamoner.net\/wp-content\/uploads\/2022\/04\/IMG20211025102755-01-1536x574.jpg 1536w, https:\/\/www.teiamoner.net\/wp-content\/uploads\/2022\/04\/IMG20211025102755-01-18x7.jpg 18w\" sizes=\"(max-width: 2000px) 100vw, 2000px\" \/>\t\t\t\t\t\t\t\t<\/a>\n\t\t\t\t\t\t\t\t\t\t\t\t\t<\/div>\n\t\t\t\t<\/div>\n\t\t\t\t\t<\/div>\n\t\t<\/div>\n\t\t\t\t\t<\/div>\n\t\t<\/section>\n\t\t\t\t<section class=\"elementor-section elementor-top-section elementor-element elementor-element-5977510 elementor-section-content-middle elementor-reverse-mobile elementor-section-stretched elementor-section-boxed elementor-section-height-default elementor-section-height-default\" data-id=\"5977510\" data-element_type=\"section\" data-settings=\"{&quot;stretch_section&quot;:&quot;section-stretched&quot;,&quot;background_background&quot;:&quot;classic&quot;}\">\n\t\t\t\t\t\t<div class=\"elementor-container elementor-column-gap-default\">\n\t\t\t\t\t<div class=\"elementor-column elementor-col-100 elementor-top-column elementor-element elementor-element-cd81cbb\" data-id=\"cd81cbb\" data-element_type=\"column\" data-settings=\"{&quot;background_background&quot;:&quot;classic&quot;}\">\n\t\t\t<div class=\"elementor-widget-wrap elementor-element-populated\">\n\t\t\t\t\t\t<div class=\"elementor-element elementor-element-7785bde elementor-widget elementor-widget-text-editor\" data-id=\"7785bde\" data-element_type=\"widget\" data-widget_type=\"text-editor.default\">\n\t\t\t\t<div class=\"elementor-widget-container\">\n\t\t\t\t\t\t\tIl est situ\u00e9 dans la Masia de Can Falguera \u00e0 Palau-solit\u00e0 i Plegamans (Vall\u00e8s Occidental). C&#039;est un b\u00e2timent historique avec des \u00e9l\u00e9ments m\u00e9di\u00e9vaux, gothiques, modernistes et noucentistes. Il est inclus dans le catalogue des biens \u00e0 prot\u00e9ger du patrimoine culturel catalan. \n\t\t\t\t\t\t<\/div>\n\t\t\t\t<\/div>\n\t\t\t\t\t<\/div>\n\t\t<\/div>\n\t\t\t\t\t<\/div>\n\t\t<\/section>\n\t\t\t\t<section class=\"elementor-section elementor-top-section elementor-element elementor-element-750021c elementor-section-stretched elementor-section-boxed elementor-section-height-default elementor-section-height-default\" data-id=\"750021c\" data-element_type=\"section\" data-settings=\"{&quot;background_background&quot;:&quot;classic&quot;,&quot;stretch_section&quot;:&quot;section-stretched&quot;}\">\n\t\t\t\t\t\t<div class=\"elementor-container elementor-column-gap-wider\">\n\t\t\t\t\t<div class=\"elementor-column elementor-col-33 elementor-top-column elementor-element elementor-element-34b0a57\" data-id=\"34b0a57\" data-element_type=\"column\">\n\t\t\t<div class=\"elementor-widget-wrap elementor-element-populated\">\n\t\t\t\t\t\t<div class=\"elementor-element elementor-element-7110f06 elementor-widget elementor-widget-heading\" data-id=\"7110f06\" data-element_type=\"widget\" data-widget_type=\"heading.default\">\n\t\t\t\t<div class=\"elementor-widget-container\">\n\t\t\t<h2 class=\"elementor-heading-title elementor-size-default\">VOUS LE TROUVEREZ<\/h2>\t\t<\/div>\n\t\t\t\t<\/div>\n\t\t\t\t<div class=\"elementor-element elementor-element-05a7408 elementor-widget elementor-widget-text-editor\" data-id=\"05a7408\" data-element_type=\"widget\" data-widget_type=\"text-editor.default\">\n\t\t\t\t<div class=\"elementor-widget-container\">\n\t\t\t\t\t\t\t<p><strong>Une collection incomparable de marionnettes<\/strong> du monde qui comprend des pi\u00e8ces uniques et singuli\u00e8res du XIXe au XXIe si\u00e8cles. Histoires du patrimoine mondial d&#039;hier et d&#039;aujourd&#039;hui. Un lieu inspirant pour apprendre, s&#039;amuser et exp\u00e9rimenter. <strong>Un espace ouvert<\/strong> \u00e0 d&#039;autres expressions artistiques o\u00f9 partager des exp\u00e9riences \u00e0 travers le regard transgressif et courageux que nous offre l&#039;art. <strong>Un point de rencontre<\/strong> contribuer \u00e0 la construction d&#039;une soci\u00e9t\u00e9 plus libre et plus critique.<\/p>\t\t\t\t\t\t<\/div>\n\t\t\t\t<\/div>\n\t\t\t\t\t<\/div>\n\t\t<\/div>\n\t\t\t\t<div class=\"elementor-column elementor-col-33 elementor-top-column elementor-element elementor-element-f6726f0\" data-id=\"f6726f0\" data-element_type=\"column\">\n\t\t\t<div class=\"elementor-widget-wrap\">\n\t\t\t\t\t\t\t<\/div>\n\t\t<\/div>\n\t\t\t\t<div class=\"elementor-column elementor-col-33 elementor-top-column elementor-element elementor-element-0ac39df elementor-invisible\" data-id=\"0ac39df\" data-element_type=\"column\" data-settings=\"{&quot;animation&quot;:&quot;fadeInRight&quot;,&quot;animation_delay&quot;:600}\">\n\t\t\t<div class=\"elementor-widget-wrap elementor-element-populated\">\n\t\t\t\t\t\t<div class=\"elementor-element elementor-element-c01dba7 elementor-widget elementor-widget-image\" data-id=\"c01dba7\" data-element_type=\"widget\" data-widget_type=\"image.default\">\n\t\t\t\t<div class=\"elementor-widget-container\">\n\t\t\t\t\t\t\t\t\t\t\t\t\t<img decoding=\"async\" width=\"768\" height=\"1137\" src=\"https:\/\/www.teiamoner.net\/wp-content\/uploads\/2022\/04\/IMG20211025112547-02-768x1137.jpg\" class=\"attachment-medium_large size-medium_large wp-image-6464\" alt=\"\" srcset=\"https:\/\/www.teiamoner.net\/wp-content\/uploads\/2022\/04\/IMG20211025112547-02-768x1137.jpg 768w, https:\/\/www.teiamoner.net\/wp-content\/uploads\/2022\/04\/IMG20211025112547-02-203x300.jpg 203w, https:\/\/www.teiamoner.net\/wp-content\/uploads\/2022\/04\/IMG20211025112547-02-692x1024.jpg 692w, https:\/\/www.teiamoner.net\/wp-content\/uploads\/2022\/04\/IMG20211025112547-02-8x12.jpg 8w, https:\/\/www.teiamoner.net\/wp-content\/uploads\/2022\/04\/IMG20211025112547-02.jpg 1013w\" sizes=\"(max-width: 768px) 100vw, 768px\" \/>\t\t\t\t\t\t\t\t\t\t\t\t\t<\/div>\n\t\t\t\t<\/div>\n\t\t\t\t\t<\/div>\n\t\t<\/div>\n\t\t\t\t\t<\/div>\n\t\t<\/section>\n\t\t\t\t<section class=\"elementor-section elementor-top-section elementor-element elementor-element-dfec7f0 elementor-section-content-middle elementor-reverse-mobile elementor-section-stretched elementor-section-boxed elementor-section-height-default elementor-section-height-default\" data-id=\"dfec7f0\" data-element_type=\"section\" data-settings=\"{&quot;stretch_section&quot;:&quot;section-stretched&quot;,&quot;background_background&quot;:&quot;classic&quot;}\">\n\t\t\t\t\t\t<div class=\"elementor-container elementor-column-gap-default\">\n\t\t\t\t\t<div class=\"elementor-column elementor-col-100 elementor-top-column elementor-element elementor-element-17ee063\" data-id=\"17ee063\" data-element_type=\"column\" data-settings=\"{&quot;background_background&quot;:&quot;classic&quot;}\">\n\t\t\t<div class=\"elementor-widget-wrap elementor-element-populated\">\n\t\t\t\t\t\t<div class=\"elementor-element elementor-element-713f817 elementor-widget elementor-widget-text-editor\" data-id=\"713f817\" data-element_type=\"widget\" data-widget_type=\"text-editor.default\">\n\t\t\t\t<div class=\"elementor-widget-container\">\n\t\t\t\t\t\t\t<p>C&#039;est un espace ouvert \u00e0 tous les arts du spectacle sous forme de festivals, de spectacles et de r\u00e9sidences pour compagnies. Un lieu de revitalisation culturelle o\u00f9 l&#039;inclusion et l&#039;accessibilit\u00e9 seront garanties.<br \/><br \/>Des activit\u00e9s telles que des journ\u00e9es sur l&#039;\u00e9ducation et les marionnettes, des visites scolaires, des ateliers pour les professionnels et les amateurs des arts du spectacle feront partie de l&#039;offre \u00e9ducative.<br \/><br \/>Le mus\u00e9e \u0153uvre pour un monde plus inclusif en encourageant la cr\u00e9ativit\u00e9 qui est \u00e0 la base de toute transformation sociale et personnelle.<\/p>\t\t\t\t\t\t<\/div>\n\t\t\t\t<\/div>\n\t\t\t\t<div class=\"elementor-element elementor-element-aa59c93 elementor-widget elementor-widget-heading\" data-id=\"aa59c93\" data-element_type=\"widget\" data-widget_type=\"heading.default\">\n\t\t\t\t<div class=\"elementor-widget-container\">\n\t\t\t<h3 class=\"elementor-heading-title elementor-size-default\">Le MIT est le si\u00e8ge de la soci\u00e9t\u00e9 Teia Moner et de son usine \u00e0 r\u00eaves.<\/h3>\t\t<\/div>\n\t\t\t\t<\/div>\n\t\t\t\t\t<\/div>\n\t\t<\/div>\n\t\t\t\t\t<\/div>\n\t\t<\/section>\n\t\t\t\t<section class=\"elementor-section elementor-top-section elementor-element elementor-element-b884351 elementor-section-boxed elementor-section-height-default elementor-section-height-default\" data-id=\"b884351\" data-element_type=\"section\">\n\t\t\t\t\t\t<div class=\"elementor-container elementor-column-gap-default\">\n\t\t\t\t\t<div class=\"elementor-column elementor-col-100 elementor-top-column elementor-element elementor-element-ee76197\" data-id=\"ee76197\" data-element_type=\"column\">\n\t\t\t<div class=\"elementor-widget-wrap elementor-element-populated\">\n\t\t\t\t\t\t<div class=\"elementor-element elementor-element-c69514f elementor-align-center elementor-widget elementor-widget-button\" data-id=\"c69514f\" data-element_type=\"widget\" data-widget_type=\"button.default\">\n\t\t\t\t<div class=\"elementor-widget-container\">\n\t\t\t\t\t<div class=\"elementor-button-wrapper\">\n\t\t\t<a class=\"elementor-button elementor-button-link elementor-size-md elementor-animation-grow\" href=\"https:\/\/www.museudetitelles.com\/\" target=\"_blank\" rel=\"noopener\">\n\t\t\t\t\t\t<span class=\"elementor-button-content-wrapper\">\n\t\t\t\t\t\t\t\t\t<span class=\"elementor-button-text\">Visitez-nous sur le site Web du MIT<\/span>\n\t\t\t\t\t<\/span>\n\t\t\t\t\t<\/a>\n\t\t<\/div>\n\t\t\t\t<\/div>\n\t\t\t\t<\/div>\n\t\t\t\t\t<\/div>\n\t\t<\/div>\n\t\t\t\t\t<\/div>\n\t\t<\/section>\n\t\t\t\t<section class=\"elementor-section elementor-top-section elementor-element elementor-element-318567a elementor-section-content-middle elementor-reverse-mobile elementor-section-stretched elementor-section-boxed elementor-section-height-default elementor-section-height-default\" data-id=\"318567a\" data-element_type=\"section\" data-settings=\"{&quot;stretch_section&quot;:&quot;section-stretched&quot;,&quot;background_background&quot;:&quot;classic&quot;}\">\n\t\t\t\t\t\t<div class=\"elementor-container elementor-column-gap-default\">\n\t\t\t\t\t<div class=\"elementor-column elementor-col-100 elementor-top-column elementor-element elementor-element-3ba6602\" data-id=\"3ba6602\" data-element_type=\"column\">\n\t\t\t<div class=\"elementor-widget-wrap elementor-element-populated\">\n\t\t\t\t\t\t<div class=\"elementor-element elementor-element-49dbc28 elementor-widget elementor-widget-image\" data-id=\"49dbc28\" data-element_type=\"widget\" data-settings=\"{&quot;_animation&quot;:&quot;none&quot;}\" loading=\"lazy\" data-widget_type=\"image.default\">\n\t\t\t\t<div class=\"elementor-widget-container\">\n\t\t\t\t\t\t\t\t\t\t\t\t\t<img loading=\"lazy\" decoding=\"async\" width=\"2000\" height=\"696\" src=\"https:\/\/www.teiamoner.net\/wp-content\/uploads\/2022\/04\/IMG20211025112024-02.jpg\" class=\"attachment-full size-full wp-image-6427\" alt=\"\" srcset=\"https:\/\/www.teiamoner.net\/wp-content\/uploads\/2022\/04\/IMG20211025112024-02.jpg 2000w, https:\/\/www.teiamoner.net\/wp-content\/uploads\/2022\/04\/IMG20211025112024-02-300x104.jpg 300w, https:\/\/www.teiamoner.net\/wp-content\/uploads\/2022\/04\/IMG20211025112024-02-1024x356.jpg 1024w, https:\/\/www.teiamoner.net\/wp-content\/uploads\/2022\/04\/IMG20211025112024-02-768x267.jpg 768w, https:\/\/www.teiamoner.net\/wp-content\/uploads\/2022\/04\/IMG20211025112024-02-1536x535.jpg 1536w, https:\/\/www.teiamoner.net\/wp-content\/uploads\/2022\/04\/IMG20211025112024-02-18x6.jpg 18w\" sizes=\"(max-width: 2000px) 100vw, 2000px\" \/>\t\t\t\t\t\t\t\t\t\t\t\t\t<\/div>\n\t\t\t\t<\/div>\n\t\t\t\t\t<\/div>\n\t\t<\/div>\n\t\t\t\t\t<\/div>\n\t\t<\/section>\n\t\t\t\t<section class=\"elementor-section elementor-top-section elementor-element elementor-element-ef62147 elementor-section-content-middle elementor-reverse-mobile elementor-section-stretched elementor-section-boxed elementor-section-height-default elementor-section-height-default\" data-id=\"ef62147\" data-element_type=\"section\" data-settings=\"{&quot;stretch_section&quot;:&quot;section-stretched&quot;,&quot;background_background&quot;:&quot;classic&quot;}\">\n\t\t\t\t\t\t<div class=\"elementor-container elementor-column-gap-default\">\n\t\t\t\t\t<div class=\"elementor-column elementor-col-50 elementor-top-column elementor-element elementor-element-15bb763\" data-id=\"15bb763\" data-element_type=\"column\">\n\t\t\t<div class=\"elementor-widget-wrap elementor-element-populated\">\n\t\t\t\t\t\t<div class=\"elementor-element elementor-element-817ac4f elementor-widget elementor-widget-image\" data-id=\"817ac4f\" data-element_type=\"widget\" data-settings=\"{&quot;_animation&quot;:&quot;none&quot;}\" loading=\"lazy\" data-widget_type=\"image.default\">\n\t\t\t\t<div class=\"elementor-widget-container\">\n\t\t\t\t\t\t\t\t\t\t\t\t\t<img loading=\"lazy\" decoding=\"async\" width=\"2000\" height=\"1500\" src=\"https:\/\/www.teiamoner.net\/wp-content\/uploads\/2022\/04\/IMG20211025113917-02.jpg\" class=\"attachment-full size-full wp-image-6429\" alt=\"\" srcset=\"https:\/\/www.teiamoner.net\/wp-content\/uploads\/2022\/04\/IMG20211025113917-02.jpg 2000w, https:\/\/www.teiamoner.net\/wp-content\/uploads\/2022\/04\/IMG20211025113917-02-300x225.jpg 300w, https:\/\/www.teiamoner.net\/wp-content\/uploads\/2022\/04\/IMG20211025113917-02-1024x768.jpg 1024w, https:\/\/www.teiamoner.net\/wp-content\/uploads\/2022\/04\/IMG20211025113917-02-768x576.jpg 768w, https:\/\/www.teiamoner.net\/wp-content\/uploads\/2022\/04\/IMG20211025113917-02-1536x1152.jpg 1536w, https:\/\/www.teiamoner.net\/wp-content\/uploads\/2022\/04\/IMG20211025113917-02-16x12.jpg 16w\" sizes=\"(max-width: 2000px) 100vw, 2000px\" \/>\t\t\t\t\t\t\t\t\t\t\t\t\t<\/div>\n\t\t\t\t<\/div>\n\t\t\t\t\t<\/div>\n\t\t<\/div>\n\t\t\t\t<div class=\"elementor-column elementor-col-50 elementor-top-column elementor-element elementor-element-2eb88b7\" data-id=\"2eb88b7\" data-element_type=\"column\">\n\t\t\t<div class=\"elementor-widget-wrap elementor-element-populated\">\n\t\t\t\t\t\t<div class=\"elementor-element elementor-element-198dfb6 elementor-widget elementor-widget-image\" data-id=\"198dfb6\" data-element_type=\"widget\" data-settings=\"{&quot;_animation&quot;:&quot;none&quot;}\" loading=\"lazy\" data-widget_type=\"image.default\">\n\t\t\t\t<div class=\"elementor-widget-container\">\n\t\t\t\t\t\t\t\t\t\t\t\t\t<img loading=\"lazy\" decoding=\"async\" width=\"2000\" height=\"1476\" src=\"https:\/\/www.teiamoner.net\/wp-content\/uploads\/2022\/04\/IMG20211025111825-01.jpg\" class=\"attachment-full size-full wp-image-6432\" alt=\"\" srcset=\"https:\/\/www.teiamoner.net\/wp-content\/uploads\/2022\/04\/IMG20211025111825-01.jpg 2000w, https:\/\/www.teiamoner.net\/wp-content\/uploads\/2022\/04\/IMG20211025111825-01-300x221.jpg 300w, https:\/\/www.teiamoner.net\/wp-content\/uploads\/2022\/04\/IMG20211025111825-01-1024x756.jpg 1024w, https:\/\/www.teiamoner.net\/wp-content\/uploads\/2022\/04\/IMG20211025111825-01-768x567.jpg 768w, https:\/\/www.teiamoner.net\/wp-content\/uploads\/2022\/04\/IMG20211025111825-01-1536x1134.jpg 1536w, https:\/\/www.teiamoner.net\/wp-content\/uploads\/2022\/04\/IMG20211025111825-01-16x12.jpg 16w\" sizes=\"(max-width: 2000px) 100vw, 2000px\" \/>\t\t\t\t\t\t\t\t\t\t\t\t\t<\/div>\n\t\t\t\t<\/div>\n\t\t\t\t\t<\/div>\n\t\t<\/div>\n\t\t\t\t\t<\/div>\n\t\t<\/section>\n\t\t\t\t<\/div>","protected":false},"excerpt":{"rendered":"<p>MUS\u00c9E INTERNATIONAL DE LA MARIONNETTE DE CATALOGNE Nous vous souhaitons la bienvenue... <\/p>\n<p class=\"read-more-container\"><a title=\"Mus\u00e9e international de la marionnette du MIT de Catalogne\" class=\"read-more button\" href=\"https:\/\/www.teiamoner.net\/fr\/museu-internacional-del-titella\/#more-4301\">Continue de lire<span class=\"screen-reader-text\">Mus\u00e9e international de la marionnette du MIT de Catalogne<\/span><\/a><\/p>","protected":false},"author":1,"featured_media":0,"parent":0,"menu_order":0,"comment_status":"closed","ping_status":"closed","template":"","meta":{"footnotes":""},"_links":{"self":[{"href":"https:\/\/www.teiamoner.net\/fr\/wp-json\/wp\/v2\/pages\/4301"}],"collection":[{"href":"https:\/\/www.teiamoner.net\/fr\/wp-json\/wp\/v2\/pages"}],"about":[{"href":"https:\/\/www.teiamoner.net\/fr\/wp-json\/wp\/v2\/types\/page"}],"author":[{"embeddable":true,"href":"https:\/\/www.teiamoner.net\/fr\/wp-json\/wp\/v2\/users\/1"}],"replies":[{"embeddable":true,"href":"https:\/\/www.teiamoner.net\/fr\/wp-json\/wp\/v2\/comments?post=4301"}],"version-history":[{"count":214,"href":"https:\/\/www.teiamoner.net\/fr\/wp-json\/wp\/v2\/pages\/4301\/revisions"}],"predecessor-version":[{"id":6788,"href":"https:\/\/www.teiamoner.net\/fr\/wp-json\/wp\/v2\/pages\/4301\/revisions\/6788"}],"wp:attachment":[{"href":"https:\/\/www.teiamoner.net\/fr\/wp-json\/wp\/v2\/media?parent=4301"}],"curies":[{"name":"wp","href":"https:\/\/api.w.org\/{rel}","templated":true}]}}