{"id":4349,"date":"2020-08-30T18:37:13","date_gmt":"2020-08-30T16:37:13","guid":{"rendered":"https:\/\/www.teiamoner.net\/?page_id=4349"},"modified":"2020-08-31T13:03:34","modified_gmt":"2020-08-31T11:03:34","slug":"tallers-de-construccio-de-titelles","status":"publish","type":"page","link":"https:\/\/www.teiamoner.net\/fr\/tallers-de-construccio-de-titelles\/","title":{"rendered":"Ateliers de fabrication de marionnettes"},"content":{"rendered":"<div data-elementor-type=\"wp-page\" data-elementor-id=\"4349\" class=\"elementor elementor-4349\" data-elementor-post-type=\"page\">\n\t\t\t\t\t\t<section class=\"elementor-section elementor-top-section elementor-element elementor-element-c93f1c7 elementor-section-boxed elementor-section-height-default elementor-section-height-default\" data-id=\"c93f1c7\" data-element_type=\"section\">\n\t\t\t\t\t\t<div class=\"elementor-container elementor-column-gap-default\">\n\t\t\t\t\t<div class=\"elementor-column elementor-col-100 elementor-top-column elementor-element elementor-element-dd28181\" data-id=\"dd28181\" data-element_type=\"column\">\n\t\t\t<div class=\"elementor-widget-wrap elementor-element-populated\">\n\t\t\t\t\t\t<div class=\"elementor-element elementor-element-645198c elementor-widget elementor-widget-heading\" data-id=\"645198c\" data-element_type=\"widget\" data-widget_type=\"heading.default\">\n\t\t\t\t<div class=\"elementor-widget-container\">\n\t\t\t<h2 class=\"elementor-heading-title elementor-size-default\">Nous aimons construire des marionnettes et leur donner vie<\/h2>\t\t<\/div>\n\t\t\t\t<\/div>\n\t\t\t\t<div class=\"elementor-element elementor-element-b6f2f14 elementor-widget elementor-widget-text-editor\" data-id=\"b6f2f14\" data-element_type=\"widget\" data-widget_type=\"text-editor.default\">\n\t\t\t\t<div class=\"elementor-widget-container\">\n\t\t\t\t\t\t\t<p class=\"p1\">Nous nous consacrons \u00e0 l&#039;un des emplois les plus merveilleux au monde depuis de nombreuses ann\u00e9es et nous voulons partager notre r\u00eave avec vous.<\/p><p class=\"p1\">Une fa\u00e7on de faire est de prendre plaisir \u00e0 cr\u00e9er des marionnettes ensemble et d&#039;apprendre \u00e0 les manipuler.<\/p><p class=\"p1\">Vous pouvez choisir le th\u00e8me de la marionnette, l&#039;heure pour le faire et le nombre de gar\u00e7ons et de filles qui souhaitent participer.<\/p><p class=\"p1\">Nous nous adaptons \u00e0 vos besoins.<\/p>\t\t\t\t\t\t<\/div>\n\t\t\t\t<\/div>\n\t\t\t\t<div class=\"elementor-element elementor-element-535fd18 elementor-align-center elementor-invisible elementor-widget elementor-widget-button\" data-id=\"535fd18\" data-element_type=\"widget\" data-settings=\"{&quot;_animation&quot;:&quot;fadeIn&quot;}\" data-widget_type=\"button.default\">\n\t\t\t\t<div class=\"elementor-widget-container\">\n\t\t\t\t\t<div class=\"elementor-button-wrapper\">\n\t\t\t<a class=\"elementor-button elementor-button-link elementor-size-md elementor-animation-grow\" href=\"https:\/\/www.teiamoner.net\/fr\/contacte\/\" target=\"_blank\">\n\t\t\t\t\t\t<span class=\"elementor-button-content-wrapper\">\n\t\t\t\t\t\t\t\t\t<span class=\"elementor-button-text\">Cliquez et nous vous informerons<\/span>\n\t\t\t\t\t<\/span>\n\t\t\t\t\t<\/a>\n\t\t<\/div>\n\t\t\t\t<\/div>\n\t\t\t\t<\/div>\n\t\t\t\t\t<\/div>\n\t\t<\/div>\n\t\t\t\t\t<\/div>\n\t\t<\/section>\n\t\t\t\t<section class=\"elementor-section elementor-top-section elementor-element elementor-element-31a6f8a9 elementor-section-boxed elementor-section-height-default elementor-section-height-default\" data-id=\"31a6f8a9\" data-element_type=\"section\">\n\t\t\t\t\t\t<div class=\"elementor-container elementor-column-gap-default\">\n\t\t\t\t\t<div class=\"elementor-column elementor-col-100 elementor-top-column elementor-element elementor-element-1e54db87\" data-id=\"1e54db87\" data-element_type=\"column\">\n\t\t\t<div class=\"elementor-widget-wrap elementor-element-populated\">\n\t\t\t\t\t\t<div class=\"elementor-element elementor-element-762e8b74 elementor-widget elementor-widget-gallery\" data-id=\"762e8b74\" data-element_type=\"widget\" data-settings=\"{&quot;gallery_layout&quot;:&quot;justified&quot;,&quot;gap&quot;:{&quot;unit&quot;:&quot;px&quot;,&quot;size&quot;:20,&quot;sizes&quot;:[]},&quot;overlay_title&quot;:&quot;caption&quot;,&quot;ideal_row_height&quot;:{&quot;unit&quot;:&quot;px&quot;,&quot;size&quot;:400,&quot;sizes&quot;:[]},&quot;ideal_row_height_tablet&quot;:{&quot;unit&quot;:&quot;px&quot;,&quot;size&quot;:&quot;300&quot;,&quot;sizes&quot;:[]},&quot;gap_tablet&quot;:{&quot;unit&quot;:&quot;px&quot;,&quot;size&quot;:&quot;50&quot;,&quot;sizes&quot;:[]},&quot;gap_mobile&quot;:{&quot;unit&quot;:&quot;px&quot;,&quot;size&quot;:&quot;20&quot;,&quot;sizes&quot;:[]},&quot;lazyload&quot;:&quot;yes&quot;,&quot;ideal_row_height_mobile&quot;:{&quot;unit&quot;:&quot;px&quot;,&quot;size&quot;:150,&quot;sizes&quot;:[]},&quot;link_to&quot;:&quot;file&quot;,&quot;overlay_background&quot;:&quot;yes&quot;,&quot;content_hover_animation&quot;:&quot;fade-in&quot;}\" data-widget_type=\"gallery.default\">\n\t\t\t\t<div class=\"elementor-widget-container\">\n\t\t\t\t\t<div class=\"elementor-gallery__container\">\n\t\t\t\t\t\t\t<a class=\"e-gallery-item elementor-gallery-item elementor-animated-content\" href=\"https:\/\/www.teiamoner.net\/wp-content\/uploads\/2020\/08\/TALLERS1-scaled.jpg\" data-elementor-open-lightbox=\"yes\" data-elementor-lightbox-slideshow=\"762e8b74\" data-elementor-lightbox-title=\"TALLERS1\" data-e-action-hash=\"#elementor-action%3Aaction%3Dlightbox%26settings%3DeyJpZCI6NDM2MSwidXJsIjoiaHR0cHM6XC9cL3d3dy50ZWlhbW9uZXIubmV0XC93cC1jb250ZW50XC91cGxvYWRzXC8yMDIwXC8wOFwvVEFMTEVSUzEtc2NhbGVkLmpwZyIsInNsaWRlc2hvdyI6Ijc2MmU4Yjc0In0%3D\">\n\t\t\t\t\t<div class=\"e-gallery-image elementor-gallery-item__image\" data-thumbnail=\"https:\/\/www.teiamoner.net\/wp-content\/uploads\/2020\/08\/TALLERS1-768x1024.jpg\" data-width=\"768\" data-height=\"1024\" aria-label=\"\" role=\"img\" ><\/div>\n\t\t\t\t\t\t\t\t\t\t\t<div class=\"elementor-gallery-item__overlay\"><\/div>\n\t\t\t\t\t\t\t\t\t\t\t\t\t\t\t<div class=\"elementor-gallery-item__content\">\n\t\t\t\t\t\t\t\t\t\t\t<\/div>\n\t\t\t\t\t\t\t\t\t<\/a>\n\t\t\t\t\t\t\t<a class=\"e-gallery-item elementor-gallery-item elementor-animated-content\" href=\"https:\/\/www.teiamoner.net\/wp-content\/uploads\/2020\/08\/IMG_7479-copia-1.jpg\" data-elementor-open-lightbox=\"yes\" data-elementor-lightbox-slideshow=\"762e8b74\" data-elementor-lightbox-title=\"IMG_7479 copia\" data-e-action-hash=\"#elementor-action%3Aaction%3Dlightbox%26settings%3DeyJpZCI6NDQzMiwidXJsIjoiaHR0cHM6XC9cL3d3dy50ZWlhbW9uZXIubmV0XC93cC1jb250ZW50XC91cGxvYWRzXC8yMDIwXC8wOFwvSU1HXzc0NzktY29waWEtMS5qcGciLCJzbGlkZXNob3ciOiI3NjJlOGI3NCJ9\">\n\t\t\t\t\t<div class=\"e-gallery-image elementor-gallery-item__image\" data-thumbnail=\"https:\/\/www.teiamoner.net\/wp-content\/uploads\/2020\/08\/IMG_7479-copia-1.jpg\" data-width=\"700\" data-height=\"525\" aria-label=\"\" role=\"img\" ><\/div>\n\t\t\t\t\t\t\t\t\t\t\t<div class=\"elementor-gallery-item__overlay\"><\/div>\n\t\t\t\t\t\t\t\t\t\t\t\t\t\t\t<div class=\"elementor-gallery-item__content\">\n\t\t\t\t\t\t\t\t\t\t\t<\/div>\n\t\t\t\t\t\t\t\t\t<\/a>\n\t\t\t\t\t\t\t<a class=\"e-gallery-item elementor-gallery-item elementor-animated-content\" href=\"https:\/\/www.teiamoner.net\/wp-content\/uploads\/2020\/08\/TALLERS4.jpg\" data-elementor-open-lightbox=\"yes\" data-elementor-lightbox-slideshow=\"762e8b74\" data-elementor-lightbox-title=\"TALLERS4\" data-e-action-hash=\"#elementor-action%3Aaction%3Dlightbox%26settings%3DeyJpZCI6NDM2NCwidXJsIjoiaHR0cHM6XC9cL3d3dy50ZWlhbW9uZXIubmV0XC93cC1jb250ZW50XC91cGxvYWRzXC8yMDIwXC8wOFwvVEFMTEVSUzQuanBnIiwic2xpZGVzaG93IjoiNzYyZThiNzQifQ%3D%3D\">\n\t\t\t\t\t<div class=\"e-gallery-image elementor-gallery-item__image\" data-thumbnail=\"https:\/\/www.teiamoner.net\/wp-content\/uploads\/2020\/08\/TALLERS4.jpg\" data-width=\"650\" data-height=\"488\" aria-label=\"\" role=\"img\" ><\/div>\n\t\t\t\t\t\t\t\t\t\t\t<div class=\"elementor-gallery-item__overlay\"><\/div>\n\t\t\t\t\t\t\t\t\t\t\t\t\t\t\t<div class=\"elementor-gallery-item__content\">\n\t\t\t\t\t\t\t\t\t\t\t<\/div>\n\t\t\t\t\t\t\t\t\t<\/a>\n\t\t\t\t\t\t\t<a class=\"e-gallery-item elementor-gallery-item elementor-animated-content\" href=\"https:\/\/www.teiamoner.net\/wp-content\/uploads\/2020\/08\/taller-brossa-9-copia.jpg\" data-elementor-open-lightbox=\"yes\" data-elementor-lightbox-slideshow=\"762e8b74\" data-elementor-lightbox-title=\"taller brossa 9 copia\" data-e-action-hash=\"#elementor-action%3Aaction%3Dlightbox%26settings%3DeyJpZCI6NDQzNywidXJsIjoiaHR0cHM6XC9cL3d3dy50ZWlhbW9uZXIubmV0XC93cC1jb250ZW50XC91cGxvYWRzXC8yMDIwXC8wOFwvdGFsbGVyLWJyb3NzYS05LWNvcGlhLmpwZyIsInNsaWRlc2hvdyI6Ijc2MmU4Yjc0In0%3D\">\n\t\t\t\t\t<div class=\"e-gallery-image elementor-gallery-item__image\" data-thumbnail=\"https:\/\/www.teiamoner.net\/wp-content\/uploads\/2020\/08\/taller-brossa-9-copia.jpg\" data-width=\"600\" data-height=\"450\" aria-label=\"\" role=\"img\" ><\/div>\n\t\t\t\t\t\t\t\t\t\t\t<div class=\"elementor-gallery-item__overlay\"><\/div>\n\t\t\t\t\t\t\t\t\t\t\t\t\t\t\t<div class=\"elementor-gallery-item__content\">\n\t\t\t\t\t\t\t\t\t\t\t<\/div>\n\t\t\t\t\t\t\t\t\t<\/a>\n\t\t\t\t\t\t\t<a class=\"e-gallery-item elementor-gallery-item elementor-animated-content\" href=\"https:\/\/www.teiamoner.net\/wp-content\/uploads\/2020\/08\/taller-mediterranea.jpg\" data-elementor-open-lightbox=\"yes\" data-elementor-lightbox-slideshow=\"762e8b74\" data-elementor-lightbox-title=\"taller mediterranea\" data-e-action-hash=\"#elementor-action%3Aaction%3Dlightbox%26settings%3DeyJpZCI6NDM2MCwidXJsIjoiaHR0cHM6XC9cL3d3dy50ZWlhbW9uZXIubmV0XC93cC1jb250ZW50XC91cGxvYWRzXC8yMDIwXC8wOFwvdGFsbGVyLW1lZGl0ZXJyYW5lYS5qcGciLCJzbGlkZXNob3ciOiI3NjJlOGI3NCJ9\">\n\t\t\t\t\t<div class=\"e-gallery-image elementor-gallery-item__image\" data-thumbnail=\"https:\/\/www.teiamoner.net\/wp-content\/uploads\/2020\/08\/taller-mediterranea.jpg\" data-width=\"600\" data-height=\"450\" aria-label=\"\" role=\"img\" ><\/div>\n\t\t\t\t\t\t\t\t\t\t\t<div class=\"elementor-gallery-item__overlay\"><\/div>\n\t\t\t\t\t\t\t\t\t\t\t\t\t\t\t<div class=\"elementor-gallery-item__content\">\n\t\t\t\t\t\t\t\t\t\t\t<\/div>\n\t\t\t\t\t\t\t\t\t<\/a>\n\t\t\t\t\t\t\t<a class=\"e-gallery-item elementor-gallery-item elementor-animated-content\" href=\"https:\/\/www.teiamoner.net\/wp-content\/uploads\/2020\/08\/IMG_0773.jpg\" data-elementor-open-lightbox=\"yes\" data-elementor-lightbox-slideshow=\"762e8b74\" data-elementor-lightbox-title=\"IMG_0773\" data-e-action-hash=\"#elementor-action%3Aaction%3Dlightbox%26settings%3DeyJpZCI6NDM1NywidXJsIjoiaHR0cHM6XC9cL3d3dy50ZWlhbW9uZXIubmV0XC93cC1jb250ZW50XC91cGxvYWRzXC8yMDIwXC8wOFwvSU1HXzA3NzMuanBnIiwic2xpZGVzaG93IjoiNzYyZThiNzQifQ%3D%3D\">\n\t\t\t\t\t<div class=\"e-gallery-image elementor-gallery-item__image\" data-thumbnail=\"https:\/\/www.teiamoner.net\/wp-content\/uploads\/2020\/08\/IMG_0773.jpg\" data-width=\"450\" data-height=\"600\" aria-label=\"\" role=\"img\" ><\/div>\n\t\t\t\t\t\t\t\t\t\t\t<div class=\"elementor-gallery-item__overlay\"><\/div>\n\t\t\t\t\t\t\t\t\t\t\t\t\t\t\t<div class=\"elementor-gallery-item__content\">\n\t\t\t\t\t\t\t\t\t\t\t<\/div>\n\t\t\t\t\t\t\t\t\t<\/a>\n\t\t\t\t\t\t\t<a class=\"e-gallery-item elementor-gallery-item elementor-animated-content\" href=\"https:\/\/www.teiamoner.net\/wp-content\/uploads\/2020\/08\/TALLERS3.jpg\" data-elementor-open-lightbox=\"yes\" data-elementor-lightbox-slideshow=\"762e8b74\" data-elementor-lightbox-title=\"TALLERS3\" data-e-action-hash=\"#elementor-action%3Aaction%3Dlightbox%26settings%3DeyJpZCI6NDM2MywidXJsIjoiaHR0cHM6XC9cL3d3dy50ZWlhbW9uZXIubmV0XC93cC1jb250ZW50XC91cGxvYWRzXC8yMDIwXC8wOFwvVEFMTEVSUzMuanBnIiwic2xpZGVzaG93IjoiNzYyZThiNzQifQ%3D%3D\">\n\t\t\t\t\t<div class=\"e-gallery-image elementor-gallery-item__image\" data-thumbnail=\"https:\/\/www.teiamoner.net\/wp-content\/uploads\/2020\/08\/TALLERS3.jpg\" data-width=\"500\" data-height=\"332\" aria-label=\"\" role=\"img\" ><\/div>\n\t\t\t\t\t\t\t\t\t\t\t<div class=\"elementor-gallery-item__overlay\"><\/div>\n\t\t\t\t\t\t\t\t\t\t\t\t\t\t\t<div class=\"elementor-gallery-item__content\">\n\t\t\t\t\t\t\t\t\t\t\t<\/div>\n\t\t\t\t\t\t\t\t\t<\/a>\n\t\t\t\t\t\t\t<a class=\"e-gallery-item elementor-gallery-item elementor-animated-content\" href=\"https:\/\/www.teiamoner.net\/wp-content\/uploads\/2020\/08\/2017-09-11-11.49.33-copia-1.jpg\" data-elementor-open-lightbox=\"yes\" data-elementor-lightbox-slideshow=\"762e8b74\" data-elementor-lightbox-title=\"2017-09-11 11.49.33 copia\" data-e-action-hash=\"#elementor-action%3Aaction%3Dlightbox%26settings%3DeyJpZCI6NDQzOCwidXJsIjoiaHR0cHM6XC9cL3d3dy50ZWlhbW9uZXIubmV0XC93cC1jb250ZW50XC91cGxvYWRzXC8yMDIwXC8wOFwvMjAxNy0wOS0xMS0xMS40OS4zMy1jb3BpYS0xLmpwZyIsInNsaWRlc2hvdyI6Ijc2MmU4Yjc0In0%3D\">\n\t\t\t\t\t<div class=\"e-gallery-image elementor-gallery-item__image\" data-thumbnail=\"https:\/\/www.teiamoner.net\/wp-content\/uploads\/2020\/08\/2017-09-11-11.49.33-copia-1.jpg\" data-width=\"700\" data-height=\"525\" aria-label=\"\" role=\"img\" ><\/div>\n\t\t\t\t\t\t\t\t\t\t\t<div class=\"elementor-gallery-item__overlay\"><\/div>\n\t\t\t\t\t\t\t\t\t\t\t\t\t\t\t<div class=\"elementor-gallery-item__content\">\n\t\t\t\t\t\t\t\t\t\t\t<\/div>\n\t\t\t\t\t\t\t\t\t<\/a>\n\t\t\t\t\t\t\t<a class=\"e-gallery-item elementor-gallery-item elementor-animated-content\" href=\"https:\/\/www.teiamoner.net\/wp-content\/uploads\/2020\/08\/taller-brossa-3-copia.jpg\" data-elementor-open-lightbox=\"yes\" data-elementor-lightbox-slideshow=\"762e8b74\" data-elementor-lightbox-title=\"taller brossa 3 copia\" data-e-action-hash=\"#elementor-action%3Aaction%3Dlightbox%26settings%3DeyJpZCI6NDQzNiwidXJsIjoiaHR0cHM6XC9cL3d3dy50ZWlhbW9uZXIubmV0XC93cC1jb250ZW50XC91cGxvYWRzXC8yMDIwXC8wOFwvdGFsbGVyLWJyb3NzYS0zLWNvcGlhLmpwZyIsInNsaWRlc2hvdyI6Ijc2MmU4Yjc0In0%3D\">\n\t\t\t\t\t<div class=\"e-gallery-image elementor-gallery-item__image\" data-thumbnail=\"https:\/\/www.teiamoner.net\/wp-content\/uploads\/2020\/08\/taller-brossa-3-copia.jpg\" data-width=\"488\" data-height=\"650\" aria-label=\"\" role=\"img\" ><\/div>\n\t\t\t\t\t\t\t\t\t\t\t<div class=\"elementor-gallery-item__overlay\"><\/div>\n\t\t\t\t\t\t\t\t\t\t\t\t\t\t\t<div class=\"elementor-gallery-item__content\">\n\t\t\t\t\t\t\t\t\t\t\t<\/div>\n\t\t\t\t\t\t\t\t\t<\/a>\n\t\t\t\t\t\t\t<a class=\"e-gallery-item elementor-gallery-item elementor-animated-content\" href=\"https:\/\/www.teiamoner.net\/wp-content\/uploads\/2020\/08\/Taller-mobilus5.jpg\" data-elementor-open-lightbox=\"yes\" data-elementor-lightbox-slideshow=\"762e8b74\" data-elementor-lightbox-title=\"Taller mobilus5\" data-e-action-hash=\"#elementor-action%3Aaction%3Dlightbox%26settings%3DeyJpZCI6NDQzNSwidXJsIjoiaHR0cHM6XC9cL3d3dy50ZWlhbW9uZXIubmV0XC93cC1jb250ZW50XC91cGxvYWRzXC8yMDIwXC8wOFwvVGFsbGVyLW1vYmlsdXM1LmpwZyIsInNsaWRlc2hvdyI6Ijc2MmU4Yjc0In0%3D\">\n\t\t\t\t\t<div class=\"e-gallery-image elementor-gallery-item__image\" data-thumbnail=\"https:\/\/www.teiamoner.net\/wp-content\/uploads\/2020\/08\/Taller-mobilus5.jpg\" data-width=\"640\" data-height=\"480\" aria-label=\"\" role=\"img\" ><\/div>\n\t\t\t\t\t\t\t\t\t\t\t<div class=\"elementor-gallery-item__overlay\"><\/div>\n\t\t\t\t\t\t\t\t\t\t\t\t\t\t\t<div class=\"elementor-gallery-item__content\">\n\t\t\t\t\t\t\t\t\t\t\t<\/div>\n\t\t\t\t\t\t\t\t\t<\/a>\n\t\t\t\t\t\t\t<a class=\"e-gallery-item elementor-gallery-item elementor-animated-content\" href=\"https:\/\/www.teiamoner.net\/wp-content\/uploads\/2020\/08\/2018-03-06-18.17.13.jpg\" data-elementor-open-lightbox=\"yes\" data-elementor-lightbox-slideshow=\"762e8b74\" data-elementor-lightbox-title=\"2018-03-06 18.17.13\" data-e-action-hash=\"#elementor-action%3Aaction%3Dlightbox%26settings%3DeyJpZCI6NDM1NSwidXJsIjoiaHR0cHM6XC9cL3d3dy50ZWlhbW9uZXIubmV0XC93cC1jb250ZW50XC91cGxvYWRzXC8yMDIwXC8wOFwvMjAxOC0wMy0wNi0xOC4xNy4xMy5qcGciLCJzbGlkZXNob3ciOiI3NjJlOGI3NCJ9\">\n\t\t\t\t\t<div class=\"e-gallery-image elementor-gallery-item__image\" data-thumbnail=\"https:\/\/www.teiamoner.net\/wp-content\/uploads\/2020\/08\/2018-03-06-18.17.13.jpg\" data-width=\"450\" data-height=\"600\" aria-label=\"\" role=\"img\" ><\/div>\n\t\t\t\t\t\t\t\t\t\t\t<div class=\"elementor-gallery-item__overlay\"><\/div>\n\t\t\t\t\t\t\t\t\t\t\t\t\t\t\t<div class=\"elementor-gallery-item__content\">\n\t\t\t\t\t\t\t\t\t\t\t<\/div>\n\t\t\t\t\t\t\t\t\t<\/a>\n\t\t\t\t\t\t\t<a class=\"e-gallery-item elementor-gallery-item elementor-animated-content\" href=\"https:\/\/www.teiamoner.net\/wp-content\/uploads\/2020\/08\/taller-brossa-2-copia.jpg\" data-elementor-open-lightbox=\"yes\" data-elementor-lightbox-slideshow=\"762e8b74\" data-elementor-lightbox-title=\"taller brossa 2 copia\" data-e-action-hash=\"#elementor-action%3Aaction%3Dlightbox%26settings%3DeyJpZCI6NDQzNCwidXJsIjoiaHR0cHM6XC9cL3d3dy50ZWlhbW9uZXIubmV0XC93cC1jb250ZW50XC91cGxvYWRzXC8yMDIwXC8wOFwvdGFsbGVyLWJyb3NzYS0yLWNvcGlhLmpwZyIsInNsaWRlc2hvdyI6Ijc2MmU4Yjc0In0%3D\">\n\t\t\t\t\t<div class=\"e-gallery-image elementor-gallery-item__image\" data-thumbnail=\"https:\/\/www.teiamoner.net\/wp-content\/uploads\/2020\/08\/taller-brossa-2-copia.jpg\" data-width=\"750\" data-height=\"563\" aria-label=\"\" role=\"img\" ><\/div>\n\t\t\t\t\t\t\t\t\t\t\t<div class=\"elementor-gallery-item__overlay\"><\/div>\n\t\t\t\t\t\t\t\t\t\t\t\t\t\t\t<div class=\"elementor-gallery-item__content\">\n\t\t\t\t\t\t\t\t\t\t\t<\/div>\n\t\t\t\t\t\t\t\t\t<\/a>\n\t\t\t\t\t<\/div>\n\t\t\t<\/div>\n\t\t\t\t<\/div>\n\t\t\t\t<div class=\"elementor-element elementor-element-c313459 elementor-align-center elementor-invisible elementor-widget elementor-widget-button\" data-id=\"c313459\" data-element_type=\"widget\" data-settings=\"{&quot;_animation&quot;:&quot;fadeIn&quot;}\" data-widget_type=\"button.default\">\n\t\t\t\t<div class=\"elementor-widget-container\">\n\t\t\t\t\t<div class=\"elementor-button-wrapper\">\n\t\t\t<a class=\"elementor-button elementor-button-link elementor-size-md elementor-animation-grow\" href=\"https:\/\/www.teiamoner.net\/fr\/contacte\/\" target=\"_blank\">\n\t\t\t\t\t\t<span class=\"elementor-button-content-wrapper\">\n\t\t\t\t\t\t\t\t\t<span class=\"elementor-button-text\">Nous contacter<\/span>\n\t\t\t\t\t<\/span>\n\t\t\t\t\t<\/a>\n\t\t<\/div>\n\t\t\t\t<\/div>\n\t\t\t\t<\/div>\n\t\t\t\t\t<\/div>\n\t\t<\/div>\n\t\t\t\t\t<\/div>\n\t\t<\/section>\n\t\t\t\t<\/div>","protected":false},"excerpt":{"rendered":"<p>Nous aimons construire des marionnettes et leur donner vie il y a de nombreuses ann\u00e9es\u2026 <\/p>\n<p class=\"read-more-container\"><a title=\"Ateliers de fabrication de marionnettes\" class=\"read-more button\" href=\"https:\/\/www.teiamoner.net\/fr\/tallers-de-construccio-de-titelles\/#more-4349\">Continue de lire<span class=\"screen-reader-text\">Ateliers de fabrication de marionnettes<\/span><\/a><\/p>","protected":false},"author":1,"featured_media":0,"parent":0,"menu_order":0,"comment_status":"closed","ping_status":"closed","template":"","meta":{"footnotes":""},"_links":{"self":[{"href":"https:\/\/www.teiamoner.net\/fr\/wp-json\/wp\/v2\/pages\/4349"}],"collection":[{"href":"https:\/\/www.teiamoner.net\/fr\/wp-json\/wp\/v2\/pages"}],"about":[{"href":"https:\/\/www.teiamoner.net\/fr\/wp-json\/wp\/v2\/types\/page"}],"author":[{"embeddable":true,"href":"https:\/\/www.teiamoner.net\/fr\/wp-json\/wp\/v2\/users\/1"}],"replies":[{"embeddable":true,"href":"https:\/\/www.teiamoner.net\/fr\/wp-json\/wp\/v2\/comments?post=4349"}],"version-history":[{"count":13,"href":"https:\/\/www.teiamoner.net\/fr\/wp-json\/wp\/v2\/pages\/4349\/revisions"}],"predecessor-version":[{"id":4441,"href":"https:\/\/www.teiamoner.net\/fr\/wp-json\/wp\/v2\/pages\/4349\/revisions\/4441"}],"wp:attachment":[{"href":"https:\/\/www.teiamoner.net\/fr\/wp-json\/wp\/v2\/media?parent=4349"}],"curies":[{"name":"wp","href":"https:\/\/api.w.org\/{rel}","templated":true}]}}