{"id":5465,"date":"2020-06-01T13:11:00","date_gmt":"2020-06-01T11:11:00","guid":{"rendered":""},"modified":"2020-09-06T19:10:58","modified_gmt":"2020-09-06T17:10:58","slug":"tipus-de-titelles-vella","status":"publish","type":"page","link":"https:\/\/www.teiamoner.net\/fr\/tipus-de-titelles-vella\/","title":{"rendered":"Types de vieilles marionnettes"},"content":{"rendered":"<p><\/p>\n<table align=\"center\" border=\"0\" cellpadding=\"0\" cellspacing=\"0\" style=\"width: 702px;\">\n<tbody>\n<tr align=\"left\">\n<th colspan=\"8\" scope=\"col\">\n<div class=\"Estilo11\">\n<b>Gant:<\/b> La main est plac\u00e9e \u00e0 l&#039;int\u00e9rieur du costume de la marionnette, presque comme un gant. Selon la manipulation il existe diff\u00e9rents types : <\/div>\n<ul class=\"Estilo11\">\n<li><i>Marionnette ou marionnette fran\u00e7aise :<\/i> Avec l&#039;index il tient la t\u00eate, avec le gros orteil une main et avec le reste, l&#039;autre main de la marionnette. <\/li>\n<\/ul>\n<\/th>\n<\/tr>\n<tr align=\"left\">\n<th colspan=\"8\" height=\"270\" scope=\"col\">\n<div align=\"center\">\n<div class=\"separator\" style=\"clear: both; text-align: center;\">\n<img decoding=\"async\" border=\"0\" data-original-height=\"207\" data-original-width=\"255\" src=\"https:\/\/www.teiamoner.net\/wp-content\/uploads\/2020\/06\/image061.gif\" \/><\/div>\n<p><span class=\"Estilo11\">Fig.25<\/span><\/div>\n<\/th>\n<\/tr>\n<tr align=\"left\">\n<th colspan=\"8\" height=\"100\" scope=\"col\">\n<ul class=\"Estilo11\">\n<li><i>Putxinel\u00b7li ou marionnette traditionnelle catalane :<\/i> Pendant longtemps, en Catalogne, on a utilis\u00e9 une forme particuli\u00e8re de cette marionnette, dont la t\u00eate \u00e9tait soutenue par trois doigts \u00e0 la fois (index, c\u0153ur, anneau). Et les deux autres doigts (petit et grand) servaient \u00e0 d\u00e9placer les bras de la marionnette. Autrefois ces marionnettes \u00e9taient faites de bois sculpt\u00e9, comme de petites sculptures et pesaient beaucoup<\/li>\n<\/ul>\n<\/th>\n<\/tr>\n<tr align=\"left\" class=\"Estilo4\">\n<th colspan=\"8\" scope=\"col\">\n<div align=\"center\">\n<span class=\"Estilo5\"><span class=\"Estilo11\"> <\/span><\/span><\/p>\n<div class=\"separator\" style=\"clear: both; text-align: center;\">\n<span class=\"Estilo5\"><span class=\"Estilo11\"><img decoding=\"async\" border=\"0\" data-original-height=\"205\" data-original-width=\"267\" src=\"https:\/\/www.teiamoner.net\/wp-content\/uploads\/2020\/06\/image063.gif\" \/><\/span><\/span><\/div>\n<p><span class=\"Estilo5\"><span class=\"Estilo11\">Fig.26<\/span><\/span><\/div>\n<\/th>\n<\/tr>\n<tr align=\"left\" class=\"Estilo5\">\n<th colspan=\"8\" height=\"50\" scope=\"col\">\n<ul class=\"Estilo14\">\n<li class=\"Estilo11\"><i>Punch ou marionnette anglaise :<\/i> Avec l&#039;index il tient la t\u00eate et les gros orteils des mains de la marionnette.<\/li>\n<\/ul>\n<\/th>\n<\/tr>\n<tr align=\"left\" class=\"Estilo5\">\n<th colspan=\"8\" scope=\"col\">\n<div align=\"center\">\n<span class=\"Estilo11\"> <\/span><\/p>\n<div class=\"separator\" style=\"clear: both; text-align: center;\">\n<span class=\"Estilo11\"><img decoding=\"async\" border=\"0\" data-original-height=\"236\" data-original-width=\"239\" src=\"https:\/\/www.teiamoner.net\/wp-content\/uploads\/2020\/06\/image065.gif\" \/><\/span><\/div>\n<p><span class=\"Estilo11\">Fig.27<\/span><\/div>\n<\/th>\n<\/tr>\n<tr align=\"left\" class=\"Estilo5\">\n<th colspan=\"8\" height=\"50\" scope=\"col\">\n<div class=\"Estilo11\">\nDoigt : Petite marionnette \u00e0 gaine, qui se porte sur un seul doigt o\u00f9 le corps n&#039;a qu&#039;un seul mouvement.<\/div>\n<\/th>\n<\/tr>\n<\/tbody>\n<\/table>\n<table align=\"center\" border=\"0\" cellpadding=\"0\" cellspacing=\"0\" style=\"width: 702px;\">\n<tbody>\n<tr>\n<th scope=\"col\"><\/th>\n<th scope=\"col\"><\/th>\n<th scope=\"col\"><\/th>\n<th scope=\"col\"><\/th>\n<\/tr>\n<tr>\n<td>\n<div align=\"center\">\n<div class=\"separator\" style=\"clear: both; text-align: center;\">\n<img decoding=\"async\" border=\"0\" data-original-height=\"186\" data-original-width=\"178\" src=\"https:\/\/www.teiamoner.net\/wp-content\/uploads\/2020\/06\/image067.gif\" \/><\/div>\n<p><span class=\"Estilo11\">Fig.28<\/span><\/div>\n<\/td>\n<td>\n<div align=\"center\">\n<div class=\"separator\" style=\"clear: both; text-align: center;\">\n<img decoding=\"async\" border=\"0\" data-original-height=\"194\" data-original-width=\"172\" src=\"https:\/\/www.teiamoner.net\/wp-content\/uploads\/2020\/06\/image069.gif\" \/><\/div>\n<p><span class=\"Estilo11\">Fig.29<\/span><\/div>\n<\/td>\n<td>\n<div align=\"center\">\n<div class=\"separator\" style=\"clear: both; text-align: center;\">\n<img decoding=\"async\" border=\"0\" data-original-height=\"192\" data-original-width=\"131\" src=\"https:\/\/www.teiamoner.net\/wp-content\/uploads\/2020\/06\/image071.gif\" \/><\/div>\n<p><span class=\"Estilo11\">Fig.30<\/span><\/div>\n<\/td>\n<td>\n<div align=\"center\">\n<div class=\"separator\" style=\"clear: both; text-align: center;\">\n<img decoding=\"async\" border=\"0\" data-original-height=\"190\" data-original-width=\"154\" src=\"https:\/\/www.teiamoner.net\/wp-content\/uploads\/2020\/06\/image073.gif\" \/><\/div>\n<p><span class=\"Estilo11\">Fig.31<\/span><\/div>\n<\/td>\n<\/tr>\n<\/tbody>\n<\/table>\n<table align=\"center\" border=\"0\" cellpadding=\"0\" cellspacing=\"0\" style=\"width: 702px;\">\n<tbody>\n<tr align=\"left\" class=\"Estilo4\">\n<th colspan=\"3\" height=\"60\" scope=\"col\"><span class=\"Estilo11\">Muppet : C&#039;est une simplification de la marionnette \u00e0 gaine, toute la main est chauss\u00e9e dans la t\u00eate de la poup\u00e9e, qui ouvre et ferme la bouche. <\/span><\/th>\n<\/tr>\n<tr align=\"left\" class=\"Estilo4\">\n<th colspan=\"3\" scope=\"col\">\n<div align=\"center\">\n<span class=\"Estilo5\"><span class=\"Estilo11\"> <\/span><\/span><\/p>\n<div class=\"separator\" style=\"clear: both; text-align: center;\">\n<span class=\"Estilo5\"><span class=\"Estilo11\"><img decoding=\"async\" border=\"0\" data-original-height=\"223\" data-original-width=\"214\" src=\"https:\/\/www.teiamoner.net\/wp-content\/uploads\/2020\/06\/image075.gif\" \/><\/span><\/span><\/div>\n<p><span class=\"Estilo5\"><span class=\"Estilo11\">Fig.32<\/span><\/span><\/div>\n<\/th>\n<\/tr>\n<tr align=\"left\" class=\"Estilo4\">\n<th colspan=\"3\" height=\"60\" scope=\"col\"><span class=\"Estilo11\">Marota et tige : C&#039;est une marionnette manipul\u00e9e avec une seule tige centrale. Et la main du manipulateur peut \u00eatre la main de la marionnette. Parfois, les mains de la marionnette portent deux tiges. <\/span><\/th>\n<\/tr>\n<tr align=\"left\" class=\"Estilo4\">\n<th colspan=\"3\" scope=\"col\">\n<div align=\"center\">\n<table border=\"0\" cellpadding=\"0\" cellspacing=\"0\" style=\"width: 700px;\">\n<tbody>\n<tr>\n<th scope=\"col\">\n<div align=\"center\">\n<span class=\"Estilo5\"><span class=\"Estilo11\"> <\/span><\/span><\/p>\n<div class=\"separator\" style=\"clear: both; text-align: center;\">\n<span class=\"Estilo5\"><span class=\"Estilo11\"><img decoding=\"async\" border=\"0\" data-original-height=\"274\" data-original-width=\"163\" src=\"https:\/\/www.teiamoner.net\/wp-content\/uploads\/2020\/06\/image077.gif\" \/><\/span><\/span><\/div>\n<p><span class=\"Estilo5\"><span class=\"Estilo11\">Fig.33<\/span><\/span><\/div>\n<\/th>\n<th scope=\"col\">\n<div align=\"center\">\n<div class=\"separator\" style=\"clear: both; text-align: center;\">\n<img decoding=\"async\" border=\"0\" data-original-height=\"280\" data-original-width=\"163\" src=\"https:\/\/www.teiamoner.net\/wp-content\/uploads\/2020\/06\/image079.gif\" \/><\/div>\n<p><span class=\"Estilo5\"> <span class=\"Estilo11\">Fig.34<\/span><\/span><\/div>\n<\/th>\n<\/tr>\n<\/tbody>\n<\/table>\n<\/div>\n<\/th>\n<\/tr>\n<tr align=\"left\" class=\"Estilo4\">\n<th colspan=\"2\" scope=\"col\">\n<div class=\"Estilo11\">\nMarionnette ou marionnette en fil de fer : elle est constitu\u00e9e d&#039;une poup\u00e9e articul\u00e9e, qui se manipule par le haut, au moyen de fils qui vont jusqu&#039;\u00e0 une croix en bois. <span class=\"Estilo11\">qui a le manipulateur dans sa main. <\/span><\/div>\n<div class=\"Estilo11\">\n<\/div>\n<div class=\"Estilo11\">\n<\/div>\n<div align=\"right\" class=\"Estilo11\">\n<div class=\"separator\" style=\"clear: both; text-align: center;\">\n<img decoding=\"async\" border=\"0\" data-original-height=\"334\" data-original-width=\"141\" height=\"320\" src=\"https:\/\/www.teiamoner.net\/wp-content\/uploads\/2020\/06\/image081.gif\" width=\"135\" \/><\/div>\n<p>Fig.35<\/p><\/div>\n<\/th>\n<th scope=\"col\" width=\"318\">\n<div align=\"center\">\n<\/div>\n<\/th>\n<\/tr>\n<tr align=\"left\" class=\"Estilo4\">\n<th colspan=\"3\" height=\"110\" scope=\"col\">\n<div class=\"Estilo11\">\n<b>Bunraku\u00a0: <\/b><span class=\"Estilo11\">Il s&#039;agit d&#039;une technique japonaise\u00a0; la poup\u00e9e fait les deux tiers de la taille de l&#039;homme, et est manipul\u00e9e par trois personnes : le professeur (20 ans d&#039;\u00e9tudes), qui manipule la t\u00eate et la main droite, et les assistants (10 ans d&#039;\u00e9tudes) qui manipulent le bras gauche et les jambes. Accompagn\u00e9 d&#039;un musicien qui r\u00e9cite le texte. Il existe \u00e9galement des adaptations pour un seul manipulateur. <\/span><\/div>\n<\/th>\n<\/tr>\n<tr align=\"left\" class=\"Estilo4\">\n<th colspan=\"3\" scope=\"col\">\n<div align=\"center\">\n<div class=\"separator\" style=\"clear: both; text-align: center;\">\n<img fetchpriority=\"high\" decoding=\"async\" border=\"0\" data-original-height=\"362\" data-original-width=\"390\" height=\"296\" src=\"https:\/\/www.teiamoner.net\/wp-content\/uploads\/2020\/06\/image083.gif\" width=\"320\" \/><\/div>\n<p><span class=\"Estilo5\"> <span class=\"Estilo11\">Fig.36<\/span><\/span><\/div>\n<\/th>\n<\/tr>\n<tr align=\"left\" class=\"Estilo4\">\n<th colspan=\"2\" scope=\"col\">\n<div class=\"Estilo11\">\nOmbres : Ce sont des figures plates, arm\u00e9es d&#039;une tige, parfois articul\u00e9es, qui, plac\u00e9es derri\u00e8re un paravent et avec un foyer lumineux, se transforment en th\u00e9\u00e2tre d&#039;ombres. Lorsqu\u2019elles sont appliqu\u00e9es, en plus des mains, on parle d\u2019ombres chinoises.<\/div>\n<div class=\"Estilo11\">\n<\/div>\n<div align=\"right\" class=\"Estilo11\">\nFig.37<\/div>\n<\/th>\n<th height=\"220\" scope=\"col\">\n<div align=\"center\">\n<div class=\"separator\" style=\"clear: both; text-align: center;\">\n<img decoding=\"async\" border=\"0\" data-original-height=\"180\" data-original-width=\"195\" src=\"https:\/\/www.teiamoner.net\/wp-content\/uploads\/2020\/06\/image085.gif\" \/><\/div>\n<\/div>\n<\/th>\n<\/tr>\n<tr align=\"left\" class=\"Estilo4\">\n<th height=\"260\" scope=\"col\" valign=\"top\" width=\"383\">\n<div align=\"center\">\n<div class=\"separator\" style=\"clear: both; text-align: center;\">\n<img decoding=\"async\" border=\"0\" data-original-height=\"251\" data-original-width=\"222\" src=\"https:\/\/www.teiamoner.net\/wp-content\/uploads\/2020\/06\/image088.gif\" \/><\/div>\n<p><span class=\"Estilo5\"><\/span><\/div>\n<\/th>\n<th class=\"Estilo11\" colspan=\"2\" scope=\"col\"><b>Grosses t\u00eates\u00a0:<\/b> Bien qu\u2019elles soient g\u00e9n\u00e9ralement utilis\u00e9es pour des d\u00e9fil\u00e9s et des f\u00eates de rue, elles peuvent \u00eatre utilis\u00e9es dans un spectacle comme une autre marionnette. Le corps du manipulateur est plac\u00e9 \u00e0 l\u2019int\u00e9rieur de la marionnette. <\/p>\n<p>Fig.38<\/th>\n<\/tr>\n<tr align=\"left\" class=\"Estilo4\">\n<th class=\"Estilo11\" colspan=\"3\" scope=\"col\"><b>Animatronique<\/b>: Marionnettes t\u00e9l\u00e9manipul\u00e9es, parfois contr\u00f4l\u00e9es par ordinateur et parfois avec des c\u00e2bles \u00e9lectroniques.<br \/>\n<b>Automates\u00a0: <\/b>Ce sont des marionnettes mues par des \u00e9l\u00e9ments m\u00e9caniques. Le manipulateur n&#039;est pas toujours n\u00e9cessaire pour qu&#039;ils se d\u00e9placent. <br \/>\n<b>Marionnettes ventriloques : <\/b>Ventriloque, art de lancer la voix, c&#039;est-\u00e0-dire que celui qui parle le fait de telle mani\u00e8re que le son semble venir de loin ou d&#039;une source diff\u00e9rente de celle qui parle. Habituellement, le ventriloque \u2013 il garde les l\u00e8vres serr\u00e9es, presque sans les bouger \u2013 utilise une marionnette pour retenir l&#039;attention du public et accro\u00eetre l&#039;illusion que c&#039;est le personnage qui parle. Lorsqu&#039;il n&#039;utilise pas la marionnette, le ventriloque utilise un objet qu&#039;il agite habituellement pour attirer notre attention pendant qu&#039;il parle et parvient \u00e0 donner l&#039;illusion qu&#039;il souhaite. <b><\/b><br \/>\nA partir de ces techniques principales, des marionnettes mixtes peuvent \u00eatre cr\u00e9\u00e9es. Par exemple, une marionnette \u00e0 gaine dont le bras est manipul\u00e9 avec une tige, etc. <span class=\"Estilo5\"><\/span><\/th>\n<\/tr>\n<\/tbody>\n<\/table>\n<p><\/p>\n<div align=\"center\">\n<\/div>\n<p><\/p>\n<div align=\"center\">\n<\/div>","protected":false},"excerpt":{"rendered":"<p>Gant : La main est plac\u00e9e \u00e0 l&#039;int\u00e9rieur de la robe de la marionnette, ... <\/p>\n<p class=\"read-more-container\"><a title=\"Types de vieilles marionnettes\" class=\"read-more button\" href=\"https:\/\/www.teiamoner.net\/fr\/tipus-de-titelles-vella\/#more-5465\">Continue de lire<span class=\"screen-reader-text\">Types de vieilles marionnettes<\/span><\/a><\/p>","protected":false},"author":3,"featured_media":0,"parent":0,"menu_order":0,"comment_status":"closed","ping_status":"closed","template":"","meta":{"footnotes":""},"_links":{"self":[{"href":"https:\/\/www.teiamoner.net\/fr\/wp-json\/wp\/v2\/pages\/5465"}],"collection":[{"href":"https:\/\/www.teiamoner.net\/fr\/wp-json\/wp\/v2\/pages"}],"about":[{"href":"https:\/\/www.teiamoner.net\/fr\/wp-json\/wp\/v2\/types\/page"}],"author":[{"embeddable":true,"href":"https:\/\/www.teiamoner.net\/fr\/wp-json\/wp\/v2\/users\/3"}],"replies":[{"embeddable":true,"href":"https:\/\/www.teiamoner.net\/fr\/wp-json\/wp\/v2\/comments?post=5465"}],"version-history":[{"count":1,"href":"https:\/\/www.teiamoner.net\/fr\/wp-json\/wp\/v2\/pages\/5465\/revisions"}],"predecessor-version":[{"id":5480,"href":"https:\/\/www.teiamoner.net\/fr\/wp-json\/wp\/v2\/pages\/5465\/revisions\/5480"}],"wp:attachment":[{"href":"https:\/\/www.teiamoner.net\/fr\/wp-json\/wp\/v2\/media?parent=5465"}],"curies":[{"name":"wp","href":"https:\/\/api.w.org\/{rel}","templated":true}]}}