{"id":6692,"date":"2023-02-02T11:09:49","date_gmt":"2023-02-02T10:09:49","guid":{"rendered":"https:\/\/www.teiamoner.net\/?page_id=6692"},"modified":"2023-02-02T11:11:18","modified_gmt":"2023-02-02T10:11:18","slug":"avis-legal","status":"publish","type":"page","link":"https:\/\/www.teiamoner.net\/fr\/avis-legal\/","title":{"rendered":"Avertissement l\u00e9gal"},"content":{"rendered":"<div data-elementor-type=\"wp-page\" data-elementor-id=\"6692\" class=\"elementor elementor-6692\" data-elementor-post-type=\"page\">\n\t\t\t\t\t\t<section class=\"elementor-section elementor-top-section elementor-element elementor-element-e2acc6d elementor-section-boxed elementor-section-height-default elementor-section-height-default\" data-id=\"e2acc6d\" data-element_type=\"section\">\n\t\t\t\t\t\t<div class=\"elementor-container elementor-column-gap-default\">\n\t\t\t\t\t<div class=\"elementor-column elementor-col-100 elementor-top-column elementor-element elementor-element-b63789d\" data-id=\"b63789d\" data-element_type=\"column\">\n\t\t\t<div class=\"elementor-widget-wrap elementor-element-populated\">\n\t\t\t\t\t\t\t<\/div>\n\t\t<\/div>\n\t\t\t\t\t<\/div>\n\t\t<\/section>\n\t\t\t\t<section class=\"elementor-section elementor-top-section elementor-element elementor-element-4dac567 elementor-section-boxed elementor-section-height-default elementor-section-height-default\" data-id=\"4dac567\" data-element_type=\"section\">\n\t\t\t\t\t\t<div class=\"elementor-container elementor-column-gap-default\">\n\t\t\t\t\t<div class=\"elementor-column elementor-col-100 elementor-top-column elementor-element elementor-element-31b7ccf\" data-id=\"31b7ccf\" data-element_type=\"column\">\n\t\t\t<div class=\"elementor-widget-wrap elementor-element-populated\">\n\t\t\t\t\t\t<div class=\"elementor-element elementor-element-3682fe9 elementor-widget elementor-widget-text-editor\" data-id=\"3682fe9\" data-element_type=\"widget\" data-widget_type=\"text-editor.default\">\n\t\t\t\t<div class=\"elementor-widget-container\">\n\t\t\t\t\t\t\t<p class=\"p1\"><span class=\"s1\"><b>1. Identification du propri\u00e9taire du domaine<\/b><\/span><\/p><p class=\"p2\"><span class=\"s1\">Le propri\u00e9taire de ce site web est : TEIA MONER SCCL avec adresse \u00e0 Palau-solit\u00e0 i Plegamans, Carrer Can Mas, 1-3, avec num\u00e9ro\u00a0<b>CAF :<\/b>\u00a0F62751359<\/span><\/p><p class=\"p2\"><span class=\"s1\"><b>Num\u00e9ro de contact<\/b>: 938 645 834<\/span><\/p><p class=\"p2\"><span class=\"s1\"><b>adresse e-mail de contact<\/b>: contacto@teiamoner.net<\/span><\/p><p class=\"p1\"><span class=\"s1\"><b>2. Conditions d&#039;utilisation du site<\/b><\/span><\/p><p class=\"p2\"><span class=\"s1\">Il est compris comme <b>utilisateur \u00e0 la personne qui acc\u00e8de et utilise ce site Web<\/b>. L&#039;utilisateur, par le simple fait de l&#039;\u00eatre, accepte les pr\u00e9sentes conditions d&#039;utilisation.<\/span><\/p><p class=\"p2\"><span class=\"s1\">L&#039;utilisateur assume la responsabilit\u00e9 de l&#039;utilisation qu&#039;il peut faire de ce site. Cette responsabilit\u00e9 s&#039;\u00e9tend \u00e0 l&#039;enregistrement n\u00e9cessaire pour acc\u00e9der \u00e0 certains services ou contenus. L&#039;utilisateur est responsable de fournir des informations v\u00e9ridiques et licites dans le processus d&#039;inscription.<\/span><\/p><p class=\"p2\"><span class=\"s1\">L&#039;UTILISATEUR s&#039;engage \u00e0 faire un usage appropri\u00e9 du contenu et des services que TEIA MONER SCCL propose \u00e0 travers ce site Web et de mani\u00e8re \u00e9nonciative mais non limitative, \u00e0 ne pas les utiliser pour\u00a0:<\/span><\/p><ol class=\"ol1\"><li class=\"li4\"><span class=\"s1\">Causer des dommages aux syst\u00e8mes physiques et logiques du site Web, de ses fournisseurs ou de tiers, introduire ou propager des virus informatiques ou tout autre syst\u00e8me physique ou logique sur le r\u00e9seau susceptible de causer les dommages susmentionn\u00e9s.<\/span><\/li><li class=\"li4\"><span class=\"s1\">Tenter d&#039;acc\u00e9der et, si n\u00e9cessaire, d&#039;utiliser les comptes de messagerie d&#039;autres utilisateurs et modifier ou manipuler leurs messages.<\/span><\/li><\/ol><p class=\"p2\"><span class=\"s1\">La publication sur nos espaces web de contenus qui violent les principes \u00e9num\u00e9r\u00e9s ci-dessous est interdite, r\u00e9servant au propri\u00e9taire du domaine l&#039;exercice de toutes les actions qui pourraient \u00eatre appropri\u00e9es en droit contre les responsables de sa publication :<\/span><\/p><ul class=\"ul1\"><li class=\"li4\"><span class=\"s1\">Sauvegarde de l&#039;ordre public, enqu\u00eate criminelle, s\u00e9curit\u00e9 publique et d\u00e9fense nationale.<\/span><\/li><li class=\"li4\"><span class=\"s1\">La protection de la sant\u00e9 publique ou des personnes physiques ayant la qualit\u00e9 de consommateurs ou d&#039;usagers.<\/span><\/li><li class=\"li4\"><span class=\"s1\">Respect de la dignit\u00e9 de la personne et du principe de non-discrimination fond\u00e9e sur la race, le sexe, l&#039;opinion, la nationalit\u00e9, le handicap ou toute autre circonstance personnelle ou sociale.<\/span><\/li><li class=\"li4\"><span class=\"s1\">La protection de la jeunesse et des enfants.<\/span><\/li><li class=\"li4\"><span class=\"s1\">Respect de l&#039;autonomie de la volont\u00e9 de la personne affect\u00e9e.<\/span><\/li><li class=\"li4\"><span class=\"s1\">Respect de la propri\u00e9t\u00e9 intellectuelle de l&#039;\u00e9diteur.<\/span><\/li><li class=\"li4\"><span class=\"s1\">En g\u00e9n\u00e9ral, respect de la loi.<\/span><\/li><\/ul><p class=\"p2\"><span class=\"s1\">TEIA MONER SCCL se r\u00e9serve le droit de retirer tous les commentaires et contributions qui violent le respect de la dignit\u00e9 humaine, qui sont discriminatoires, x\u00e9nophobes, racistes, pornographiques, qui portent atteinte \u00e0 la jeunesse ou aux enfants, \u00e0 l&#039;ordre ou \u00e0 la s\u00e9curit\u00e9 ou qui, \u00e0 leur avis, ne conviennent pas \u00e0 publication.<\/span><\/p><p class=\"p2\"><span class=\"s1\">Dans tous les cas, le propri\u00e9taire du domaine ne sera pas responsable des opinions exprim\u00e9es par les utilisateurs via des forums, des chats ou d&#039;autres outils de participation pouvant \u00eatre int\u00e9gr\u00e9s \u00e0 ce site Web.<\/span><\/p><p class=\"p1\"><span class=\"s1\"><b>3. Propri\u00e9t\u00e9 intellectuelle et industrielle<\/b><\/span><\/p><p class=\"p2\"><span class=\"s1\">TEIA MONER SCCL est propri\u00e9taire de tous les droits de propri\u00e9t\u00e9 intellectuelle et industrielle de ses pages Web, ainsi que de tout son contenu, de sorte que toute reproduction, distribution et communication publique totale ou partielle de son contenu est express\u00e9ment interdite sans l&#039;autorisation expresse du titulaire.<\/span><\/p><p class=\"p1\"><span class=\"s1\"><b>4. Responsabilit\u00e9<\/b><\/span><\/p><p class=\"p2\"><span class=\"s1\">Le propri\u00e9taire du domaine ne sera pas responsable des dommages pouvant r\u00e9sulter d&#039;interf\u00e9rences ou de pannes t\u00e9l\u00e9phoniques, de d\u00e9connexions du syst\u00e8me \u00e9lectronique, de la pr\u00e9sence de virus informatiques, de programmes malveillants ou de tout autre facteur ind\u00e9pendant de sa volont\u00e9.<br \/><br \/>Il ne sera pas non plus responsable du contenu ou des syst\u00e8mes tiers connect\u00e9s \u00e0 votre domaine.<\/span><\/p><p class=\"p1\"><span class=\"s1\"><b>5. Confidentialit\u00e9\u00a0<\/b><\/span><\/p><p class=\"p6\"><span class=\"s1\"><b>5.1 Droit \u00e0 l&#039;information<\/b><\/span><\/p><p class=\"p2\"><span class=\"s1\">Conform\u00e9ment aux dispositions de l&#039;article 11 de la loi organique 3\/2018, du 5 d\u00e9cembre, sur la protection des donn\u00e9es personnelles et la garantie des droits num\u00e9riques (ci-apr\u00e8s LOPDGDD) et de l&#039;article 13 du r\u00e8glement g\u00e9n\u00e9ral sur la protection des donn\u00e9es personnelles. 2016\/679 (RGPD) nous vous informons de :<\/span><\/p><p class=\"p2\"><span class=\"s1\"><b>5.1.1. Identification des responsables :<\/b><\/span><\/p><p class=\"p2\"><span class=\"s1\">Le responsable du traitement est TEIA MONER SCCL avec adresse \u00e0 Palau-solit\u00e0 i Plegamans, Carrer Can Mas, 1-3.<\/span><\/p><p class=\"p2\"><span class=\"s1\"><b>5.1.2. Finalit\u00e9s du traitement et base juridique<\/b><\/span><\/p><p class=\"p2\"><span class=\"s1\"><b>5.1.2.1. Usage g\u00e9n\u00e9ral<\/b> Les donn\u00e9es que vous nous fournissez dans les formulaires que vous trouverez sur le Web, celles que vous nous envoyez dans notre adresse e-mail et celles qui peuvent \u00eatre g\u00e9n\u00e9r\u00e9es pendant que vous entretenez une relation avec le responsable du traitement seront incorpor\u00e9es , telles que vous nous les fournissez. Nous utiliserons les donn\u00e9es pour vous fournir les services que vous demandez, pour traiter la candidature que vous nous soumettez et pour vous envoyer des informations sur nos activit\u00e9s par e-mail ou par adresse postale. La base juridique de ce traitement sera la relation que vous entretenez avec le responsable du traitement et le consentement que vous donnez lors de l&#039;acceptation de cet avis.<\/span><\/p><p class=\"p2\"><span class=\"s1\"><b>5.1.2.2. Traitement d&#039;image<\/b><\/span><\/p><p class=\"p2\"><span class=\"s1\">Le responsable du traitement documente les \u00e9v\u00e9nements publics qu&#039;il organise avec des photographies et des vid\u00e9os afin de les diffuser sur son site web ou d&#039;autres espaces de diffusion publique d&#039;informations tels que : le site web lui-m\u00eame, les r\u00e9seaux sociaux o\u00f9 le responsable du traitement a un profil cr\u00e9\u00e9 et propres publications ou dans la presse. Vous pouvez obtenir plus d&#039;informations sur cette rubrique en consultant le site internet du responsable du traitement ou en contactant le DPO.<br \/>Le traitement de ces images est l\u00e9gitim\u00e9 avec le consentement des personnes concern\u00e9es ou en application de l&#039;article 8 de la LO 1\/1982 sur la protection du droit \u00e0 l&#039;honneur, \u00e0 la vie priv\u00e9e et \u00e0 sa propre image.<\/span><\/p><p class=\"p2\"><span class=\"s1\"><b>5.1.3. Cat\u00e9gories de destinataires<\/b><\/span><\/p><p class=\"p2\"><span class=\"s1\">Afin de respecter les finalit\u00e9s ci-dessus, ils auront acc\u00e8s \u00e0 leurs donn\u00e9es :<\/span><\/p><ul class=\"ul1\"><li class=\"li4\"><span class=\"s1\">Personnel d\u00fbment autoris\u00e9 par la direction du responsable du traitement.<\/span><\/li><li class=\"li4\"><span class=\"s1\">Fournisseurs n\u00e9cessaires pour r\u00e9pondre \u00e0 votre demande.\u00a0<\/span><\/li><li class=\"li4\"><span class=\"s1\">L&#039;administration publique dans le domaine de ses comp\u00e9tences.<\/span><\/li><\/ul><p class=\"p2\"><span class=\"s1\">Vous pouvez compl\u00e9ter ces informations en consultant le DPO<\/span><\/p><p class=\"p2\"><span class=\"s1\"><b>5.1.4. Transfert international de donn\u00e9es<\/b><\/span><\/p><p class=\"p2\"><span class=\"s1\">En g\u00e9n\u00e9ral, ils ne le sont pas ; cependant, certaines activit\u00e9s peuvent \u00eatre publi\u00e9es sur les r\u00e9seaux sociaux qui sont annonc\u00e9es sur notre site Web<\/span><\/p><p class=\"p2\"><span class=\"s1\"><b>5.1.5. P\u00e9riode de conservation des informations<\/b><\/span><\/p><p class=\"p2\"><span class=\"s1\">Le responsable du traitement conservera vos informations jusqu&#039;\u00e0 ce que vous r\u00e9voquiez le consentement donn\u00e9 en acceptant cette clause.<\/span><\/p><p class=\"p2\"><span class=\"s1\"><b>5.1.6. Droits concern\u00e9s<\/b><\/span><\/p><p class=\"p2\"><span class=\"s1\">Vous disposez d&#039;un droit d&#039;acc\u00e8s, de rectification, de suppression, d&#039;opposition au traitement de vos donn\u00e9es, de limitation du traitement, de demande de portabilit\u00e9 des donn\u00e9es, de ne pas faire l&#039;objet de d\u00e9cisions individuelles automatis\u00e9es et de r\u00e9voquer votre consentement.<br \/>Pour exercer ces droits, vous pouvez \u00e9crire aux adresses du responsable du traitement dans les pr\u00e9sentes mentions l\u00e9gales, ou envoyer un e-mail \u00e0 contacto@teiamoner.net avec le texte &quot;PROTECTION DES DONN\u00c9ES&quot; en objet.<\/span><\/p><p class=\"p2\"><span class=\"s1\"><b>5.1.7. Droit de r\u00e9clamation<\/b><\/span><\/p><p class=\"p2\"><span class=\"s1\">L&#039;organisme comp\u00e9tent pour conna\u00eetre l&#039;application correcte des r\u00e8gles sur le traitement des informations est l&#039;Autorit\u00e9 espagnole de protection des donn\u00e9es, domicili\u00e9e Calle Jorge Juan 5.1.8. Obligations de la personne concern\u00e9e La personne concern\u00e9e doit fournir des informations v\u00e9ridiques et \u00e0 jour dans tous les processus de collecte de donn\u00e9es, \u00e9tant seule responsable de la violation de cette obligation. Les formulaires de collecte de donn\u00e9es sont marqu\u00e9s avec les donn\u00e9es qui doivent \u00eatre fournies, en fonction de la demande formul\u00e9e par la partie concern\u00e9e. Le d\u00e9faut de fournir ces informations peut entra\u00eener l&#039;impossibilit\u00e9 de participer \u00e0 l&#039;activit\u00e9 ou de fournir le service demand\u00e9.<\/span><\/p><p class=\"p2\"><span class=\"s1\"><b>5.1.9. Profilage<\/b><\/span><\/p><p class=\"p2\"><span class=\"s1\">Afin d&#039;offrir des services plus efficaces et personnalis\u00e9s, TEIA MONER SCCL peut segmenter et classer les informations des utilisateurs de ses services. En aucun cas cette action ne sera effectu\u00e9e exclusivement par des moyens automatis\u00e9s. Vous pouvez vous opposer \u00e0 tout moment \u00e0 ce traitement de donn\u00e9es dans les conditions pr\u00e9vues \u00e0 l&#039;article 21 du RGPD.<\/span><\/p><p class=\"p6\"><span class=\"s1\"><b>5.2 Consentement de l&#039;utilisateur<\/b><\/span><\/p><p class=\"p2\"><span class=\"s1\">Il est entendu que l&#039;utilisateur accepte les conditions fix\u00e9es en appuyant sur le bouton \u00ab\u00a0ACCEPTER\u00a0\u00bb sur tous les formulaires de collecte de donn\u00e9es, ou en envoyant un e-mail aux adresses de contact indiqu\u00e9es sur le site Web.<\/span><\/p><p class=\"p6\"><span class=\"s1\"><b>5.3 S\u00e9curit\u00e9<\/b><\/span><\/p><p class=\"p2\"><span class=\"s1\">Les donn\u00e9es personnelles collect\u00e9es aupr\u00e8s de nos utilisateurs seront stock\u00e9es dans la base de donn\u00e9es d\u00e9crite ci-dessus, qui garantit les mesures appropri\u00e9es de nature technique et structurelle pour emp\u00eacher l&#039;int\u00e9grit\u00e9 et la s\u00e9curit\u00e9 des informations personnelles fournies, dispose d&#039;un r\u00e8glement de s\u00e9curit\u00e9 interne et a mis toutes les moyens mis \u00e0 votre disposition pour pr\u00e9venir la perte, l&#039;utilisation abusive, l&#039;alt\u00e9ration, l&#039;acc\u00e8s non autoris\u00e9 et le vol des donn\u00e9es que vous nous fournissez, sans pr\u00e9judice de vous informer que les mesures de s\u00e9curit\u00e9 sur Internet ne sont pas imprenables.<br \/><br \/>Le traitement des donn\u00e9es personnelles est conforme aux r\u00e9glementations \u00e9tablies dans le r\u00e8glement europ\u00e9en g\u00e9n\u00e9ral sur la protection des donn\u00e9es.<\/span><\/p><p class=\"p6\"><span class=\"s1\"><b>5.4 Utilisation des adresses IP et des cookies et collecte de donn\u00e9es statistiques<\/b><\/span><\/p><p class=\"p2\"><span class=\"s1\">TEIA MONER SCCL vous informe que la navigation d&#039;un utilisateur sur ce site trace l&#039;adresse IP qui lui est attribu\u00e9e par son fournisseur d&#039;acc\u00e8s \u00e0 Internet. Cette adresse est uniquement utilis\u00e9e \u00e0 des fins internes, telles que les statistiques d&#039;acc\u00e8s au portail.<br \/><br \/>Des cookies peuvent \u00eatre utilis\u00e9s pour utiliser ce site Web. Les cookies sont associ\u00e9s uniquement au navigateur d&#039;un ordinateur sp\u00e9cifique (un utilisateur anonyme) et ne fournissent en eux-m\u00eames aucune donn\u00e9e personnelle de l&#039;utilisateur. Ce site Web peut utiliser les types de cookies suivants :<\/span><\/p><p class=\"p7\"><span class=\"s1\"><b>Cookies d&#039;analyse :<\/b><\/span><\/p><p class=\"p2\"><span class=\"s1\">Ils vous permettent de quantifier le nombre d&#039;utilisateurs et ainsi d&#039;effectuer la mesure et l&#039;analyse statistique de l&#039;utilisation et de l&#039;activit\u00e9 que les utilisateurs font de notre site Web, ainsi que de cr\u00e9er des profils de navigation des utilisateurs sur ces pages et dans nos applications, tout cela dans le but d&#039;introduire am\u00e9liorations.<\/span><\/p><p class=\"p7\"><span class=\"s1\"><b>Cookies techniques :<\/b><\/span><\/p><p class=\"p2\"><span class=\"s1\">Ils permettent \u00e0 l&#039;utilisateur de naviguer sur le site Web et d&#039;utiliser les diff\u00e9rentes options ou services qui y existent, tels que le contr\u00f4le du trafic et de la communication de donn\u00e9es, l&#039;identification de la session, l&#039;acc\u00e8s aux parties restreintes, la m\u00e9morisation des \u00e9l\u00e9ments qui composent une commande, l&#039;ex\u00e9cution de la processus d&#039;achat d&#039;une commande, effectuer la demande d&#039;inscription ou de participation \u00e0 un \u00e9v\u00e9nement, utiliser des \u00e9l\u00e9ments de s\u00e9curit\u00e9 lors de la navigation ou du stockage, de la diffusion et\/ou du partage de contenu.<\/span><\/p><p class=\"p2\"><span class=\"s1\">Sont notamment utilis\u00e9s les cookies suivants dont les informations fournies peuvent \u00eatre conserv\u00e9es au maximum 38 mois :<\/span><\/p><p class=\"p7\"><span class=\"s1\"><b>Cookies propres\u00a0:<\/b><\/span><\/p><ul class=\"ul1\"><li class=\"li4\"><b><\/b><span class=\"s1\"><b>PHPSESSID<\/b>: ce cookie permet d&#039;enregistrer les variables de session de l&#039;utilisateur sur le serveur et est indispensable au fonctionnement du site. Fournit une exp\u00e9rience coh\u00e9rente aux utilisateurs enregistr\u00e9s lorsqu&#039;ils commentent du contenu et cr\u00e9ent des &quot;itin\u00e9raires&quot;.<\/span><\/li><\/ul><p class=\"p7\"><span class=\"s1\"><b>Cookies tiers\u00a0:<\/b><\/span><\/p><p class=\"p2\"><span class=\"s1\">Ce site Web utilise Google Analytics pour effectuer une analyse statistique de l&#039;utilisation des pages, des chemins de navigation et des interactions. Ces informations nous permettent d&#039;analyser le comportement et le profil des visiteurs anonymes afin d&#039;am\u00e9liorer le fonctionnement du site. Google Analytics utilise diff\u00e9rents cookies pour collecter ces informations sur la navigation des utilisateurs :<\/span><\/p><ul class=\"ul1\"><li class=\"li4\"><span class=\"s1\">\u00a0<b>_ga et _gid<\/b>: ss sont utilis\u00e9s pour distinguer les utilisateurs.<\/span><\/li><li class=\"li4\"><b><\/b><span class=\"s1\"><b>_gat_UA-3407172-3<\/b>: utilis\u00e9 pour limiter le pourcentage de requ\u00eates.<\/span><\/li><li class=\"li4\"><b><\/b><span class=\"s1\"><b>__utma<\/b>: utilis\u00e9 pour faire la distinction entre les utilisateurs et les sessions.<\/span><\/li><li class=\"li4\"><b><\/b><span class=\"s1\"><b>__utmz<\/b>: stocke la source de trafic ou la campagne qui indique comment l&#039;utilisateur est arriv\u00e9 sur le Web.\u00a0<\/span><\/li><li class=\"li4\"><b><\/b><span class=\"s1\"><b>_gac_UA-3407172-3\u00a0:<\/b> stocke les informations de campagne pour fournir \u00e0 Google Adwords un moyen fiable de mesurer les interactions.<\/span><\/li><li class=\"li4\"><b><\/b><span class=\"s1\"><b>1P_JAR<\/b>: utilis\u00e9 pour suivre les taux de conversion.<\/span><\/li><li class=\"li4\"><b><\/b><span class=\"s1\"><b>SID, SAPISID, APISID, SSID, HSID, NID, SIDCC et CONSENTEMENT<\/b>: enregistre comment l&#039;utilisateur est arriv\u00e9 sur le web (trafic direct, r\u00e9f\u00e9rencement, campagne publicitaire ou recherche organique).<\/span><\/li><\/ul><p class=\"p2\"><span class=\"s1\">Vous pouvez acc\u00e9der \u00e0 la politique de confidentialit\u00e9 de Google Analytics sur :\u00a0<a href=\"http:\/\/www.google.com\/intl\/es\/analytics\/tos.html\" target=\"_blank\" rel=\"noopener\"><span class=\"s2\">http:\/\/www.google.com\/intl\/es\/analytics\/tos.html<\/span><\/a><\/span><\/p><p class=\"p2\"><span class=\"s1\">L&#039;utilisateur a la possibilit\u00e9 de configurer son navigateur pour \u00eatre averti \u00e0 l&#039;\u00e9cran de la r\u00e9ception de cookies et pour emp\u00eacher leur installation sur son disque dur. Tous les navigateurs vous permettent d&#039;apporter des modifications afin de d\u00e9sactiver les param\u00e8tres des cookies. Ces param\u00e8tres se trouvent dans les &quot;options&quot; ou &quot;pr\u00e9f\u00e9rences&quot; du menu de votre navigateur. Vous trouverez ci-dessous les liens de chaque navigateur pour d\u00e9sactiver les cookies en suivant les instructions :<\/span><\/p><ul class=\"ul1\"><li class=\"li8\"><a href=\"https:\/\/support.google.com\/chrome\/answer\/95647?hl=es\" target=\"_blank\" rel=\"noopener\"><span class=\"s3\">Chrome<\/span><\/a><\/li><li class=\"li8\"><a href=\"https:\/\/support.mozilla.org\/es\/kb\/cookies-informacion-que-los-sitios-web-guardan-en-\" target=\"_blank\" rel=\"noopener\"><span class=\"s3\">Firefox<\/span><\/a><\/li><li class=\"li8\"><a href=\"https:\/\/support.microsoft.com\/es-es\/help\/17442\/windows-internet-explorer-delete-manage-cookies\" target=\"_blank\" rel=\"noopener\"><span class=\"s3\">Internet Explorer<\/span><\/a><\/li><li class=\"li8\"><a href=\"https:\/\/support.apple.com\/es-es\/guide\/safari\/sfri11471\/mac\" target=\"_blank\" rel=\"noopener\"><span class=\"s3\">Safari<\/span><\/a><\/li><li class=\"li8\"><a href=\"https:\/\/support.apple.com\/es-es\/HT201265\" target=\"_blank\" rel=\"noopener\"><span class=\"s3\">iPhone, iPad<\/span><\/a><\/li><li class=\"li8\"><a href=\"https:\/\/help.opera.com\/en\/latest\/web-preferences\/#cookies\" target=\"_blank\" rel=\"noopener\"><span class=\"s3\">Op\u00e9ra<\/span><\/a><\/li><\/ul><p class=\"p2\"><span class=\"s1\">Nous vous informons toutefois qu&#039;il est possible que la d\u00e9sactivation d&#039;un cookie emp\u00eache ou entrave la navigation ou la fourniture des services propos\u00e9s sur ce site.<\/span><\/p><p class=\"p6\"><span class=\"s1\"><b>5.5 Liens<\/b><\/span><\/p><p class=\"p2\"><span class=\"s1\">Pour faciliter la recherche de ressources qui, selon nous, vous int\u00e9ressent, vous pouvez trouver des liens vers d&#039;autres pages de ce site Web.<br \/><br \/>Cette politique de confidentialit\u00e9 s&#039;applique uniquement \u00e0 ce site Web. TEIA MONER SCCL ne garantit pas le respect de cette politique sur d&#039;autres sites Web, ni n&#039;est responsable de l&#039;acc\u00e8s via des liens \u00e0 partir de ce site.<\/span><\/p><p class=\"p1\"><span class=\"s1\"><b>6. Modifications de ces conditions et validit\u00e9<\/b><\/span><\/p><p class=\"p2\"><span class=\"s1\">TEIA MONER SCCL peut modifier ces conditions \u00e0 tout moment, sans pr\u00e9avis, en publiant leurs modifications telles qu&#039;elles apparaissent ici. Une fois modifi\u00e9es, ces conditions cesseront d&#039;\u00eatre en vigueur et seront remplac\u00e9es par leur modification.<\/span><\/p><p class=\"p1\"><span class=\"s1\"><b>7.<span class=\"Apple-converted-space\">\u00a0 <\/span>Informations suppl\u00e9mentaires sur le traitement des donn\u00e9es personnelles<\/b><\/span><\/p><p class=\"p2\"><span class=\"s1\">Si vous souhaitez plus d&#039;informations sur le traitement des donn\u00e9es personnelles effectu\u00e9 par TEIA MONER SCCL, vous pouvez nous contacter \u00e0 contacto@teiamoner.net<span class=\"Apple-converted-space\">\u00a0<\/span><\/span><\/p><p class=\"p2\"><span class=\"s1\">\u00a0<\/span><\/p><p class=\"p1\"><span class=\"s1\"><b>8.<span class=\"Apple-converted-space\">\u00a0 <\/span>D\u00e9poser des r\u00e9clamations<\/b><\/span><\/p><p class=\"p2\"><span class=\"s1\">L&#039;Autorit\u00e9 catalane de protection des donn\u00e9es (<a href=\"http:\/\/www.apdcat.cat\/\" target=\"_blank\" rel=\"noopener\"><span class=\"s2\">www.apdcat.cat<\/span><\/a>) est l&#039;organe de contr\u00f4le qui veille au respect de la l\u00e9gislation sur la protection des donn\u00e9es dans l&#039;administration publique catalane. Si vous consid\u00e9rez que TEIA MONER SCCL a enfreint l&#039;une des r\u00e8gles \u00e9nonc\u00e9es dans le pr\u00e9sent r\u00e8glement, vous pouvez nous contacter afin de d\u00e9poser une plainte.<\/span><\/p>\t\t\t\t\t\t<\/div>\n\t\t\t\t<\/div>\n\t\t\t\t\t<\/div>\n\t\t<\/div>\n\t\t\t\t\t<\/div>\n\t\t<\/section>\n\t\t\t\t<\/div>","protected":false},"excerpt":{"rendered":"<p>1. Identification du propri\u00e9taire du domaine Le propri\u00e9taire de ce site <\/p>\n<p class=\"read-more-container\"><a title=\"Avertissement l\u00e9gal\" class=\"read-more button\" href=\"https:\/\/www.teiamoner.net\/fr\/avis-legal\/#more-6692\">Continue de lire<span class=\"screen-reader-text\">Avertissement l\u00e9gal<\/span><\/a><\/p>","protected":false},"author":6,"featured_media":0,"parent":0,"menu_order":0,"comment_status":"closed","ping_status":"closed","template":"","meta":{"footnotes":""},"_links":{"self":[{"href":"https:\/\/www.teiamoner.net\/fr\/wp-json\/wp\/v2\/pages\/6692"}],"collection":[{"href":"https:\/\/www.teiamoner.net\/fr\/wp-json\/wp\/v2\/pages"}],"about":[{"href":"https:\/\/www.teiamoner.net\/fr\/wp-json\/wp\/v2\/types\/page"}],"author":[{"embeddable":true,"href":"https:\/\/www.teiamoner.net\/fr\/wp-json\/wp\/v2\/users\/6"}],"replies":[{"embeddable":true,"href":"https:\/\/www.teiamoner.net\/fr\/wp-json\/wp\/v2\/comments?post=6692"}],"version-history":[{"count":4,"href":"https:\/\/www.teiamoner.net\/fr\/wp-json\/wp\/v2\/pages\/6692\/revisions"}],"predecessor-version":[{"id":6696,"href":"https:\/\/www.teiamoner.net\/fr\/wp-json\/wp\/v2\/pages\/6692\/revisions\/6696"}],"wp:attachment":[{"href":"https:\/\/www.teiamoner.net\/fr\/wp-json\/wp\/v2\/media?parent=6692"}],"curies":[{"name":"wp","href":"https:\/\/api.w.org\/{rel}","templated":true}]}}